{"id":7398,"date":"2025-11-07T18:28:22","date_gmt":"2025-11-07T17:28:22","guid":{"rendered":"https:\/\/etev7e.pef.czu.cz\/zs2223\/?post_type=product&#038;p=7398"},"modified":"2025-11-07T18:56:08","modified_gmt":"2025-11-07T17:56:08","slug":"karel-2025","status":"publish","type":"product","link":"https:\/\/etev7e.pef.czu.cz\/zs2223\/produkt\/karel-2025\/","title":{"rendered":"Karel 2025"},"content":{"rendered":"<p><b>Barva:<\/b><span style=\"font-weight: 400\"> modr\u00e1 \u2013 matn\u00e1 s jemn\u00fdm sat\u00e9nov\u00fdm povrchem<\/span><\/p>\n<p><b>Materi\u00e1l:<\/b><span style=\"font-weight: 400\"> keramika (glazovan\u00e1 kamenina)<\/span><\/p>\n<p><b>Varianty<\/b><span style=\"font-weight: 400\">: \u010dern\u00e1, tmav\u011b modr\u00e1, \u017elut\u00e1\u00a0<\/span><\/p>\n<p><b>Styl:<\/b><span style=\"font-weight: 400\"> skandin\u00e1vsk\u00fd, minimalistick\u00fd<\/span><\/p>\n","protected":false},"excerpt":{"rendered":"<p><span style=\"font-weight: 400\">Objevte kr\u00e1su jednoduchosti s v\u00e1zou Karel 2025, kter\u00e1 spojuje skandin\u00e1vsk\u00fd minimalismus, funk\u010dn\u00ed design a sofistikovan\u00fd modr\u00fd odst\u00edn. Tato v\u00e1za se stane dominantn\u00edm prvkem va\u0161eho interi\u00e9ru \u2013 p\u016fsob\u00ed klidn\u011b, elegantn\u011b a dod\u00e1 prostoru n\u00e1dech sv\u011b\u017eesti.<\/span><\/p>\n<p><span style=\"font-weight: 400\">Jej\u00ed matn\u00fd povrch a jemn\u011b zaoblen\u00e9 linie vytv\u00e1\u0159ej\u00ed harmonick\u00fd celek, kter\u00fd skv\u011ble dopln\u00ed modern\u00ed i klasick\u00fd interi\u00e9r. D\u00edky sv\u00e9 univerz\u00e1lnosti se hod\u00ed jak pro \u017eiv\u00e9 kv\u011btiny, tak i pro um\u011bl\u00e9 aran\u017em\u00e1 nebo jako samostatn\u00e1 dekorace.<\/span><\/p>\n","protected":false},"featured_media":7399,"comment_status":"open","ping_status":"closed","template":"","meta":[],"product_brand":[],"product_cat":[2133],"product_tag":[237],"class_list":{"0":"post-7398","1":"product","2":"type-product","3":"status-publish","4":"has-post-thumbnail","6":"product_cat-dekorace","7":"product_tag-doplnky","9":"first","10":"instock","11":"sale","12":"taxable","13":"shipping-taxable","14":"purchasable","15":"product-type-simple"},"jetpack_sharing_enabled":true,"_links":{"self":[{"href":"https:\/\/etev7e.pef.czu.cz\/zs2223\/wp-json\/wp\/v2\/product\/7398","targetHints":{"allow":["GET"]}}],"collection":[{"href":"https:\/\/etev7e.pef.czu.cz\/zs2223\/wp-json\/wp\/v2\/product"}],"about":[{"href":"https:\/\/etev7e.pef.czu.cz\/zs2223\/wp-json\/wp\/v2\/types\/product"}],"replies":[{"embeddable":true,"href":"https:\/\/etev7e.pef.czu.cz\/zs2223\/wp-json\/wp\/v2\/comments?post=7398"}],"wp:featuredmedia":[{"embeddable":true,"href":"https:\/\/etev7e.pef.czu.cz\/zs2223\/wp-json\/wp\/v2\/media\/7399"}],"wp:attachment":[{"href":"https:\/\/etev7e.pef.czu.cz\/zs2223\/wp-json\/wp\/v2\/media?parent=7398"}],"wp:term":[{"taxonomy":"product_brand","embeddable":true,"href":"https:\/\/etev7e.pef.czu.cz\/zs2223\/wp-json\/wp\/v2\/product_brand?post=7398"},{"taxonomy":"product_cat","embeddable":true,"href":"https:\/\/etev7e.pef.czu.cz\/zs2223\/wp-json\/wp\/v2\/product_cat?post=7398"},{"taxonomy":"product_tag","embeddable":true,"href":"https:\/\/etev7e.pef.czu.cz\/zs2223\/wp-json\/wp\/v2\/product_tag?post=7398"}],"curies":[{"name":"wp","href":"https:\/\/api.w.org\/{rel}","templated":true}]}}