{"id":7400,"date":"2025-11-07T18:35:13","date_gmt":"2025-11-07T17:35:13","guid":{"rendered":"https:\/\/etev7e.pef.czu.cz\/zs2223\/?post_type=product&#038;p=7400"},"modified":"2025-11-09T11:50:28","modified_gmt":"2025-11-09T10:50:28","slug":"ilona","status":"publish","type":"product","link":"https:\/\/etev7e.pef.czu.cz\/zs2223\/produkt\/ilona\/","title":{"rendered":"Ilona"},"content":{"rendered":"<p><b>Barva:<\/b><span style=\"font-weight: 400\"> b\u00e9\u017eov\u00e1 \u2013 p\u0159\u00edrodn\u00ed odst\u00edn<\/span><\/p>\n<p><b>Materi\u00e1l:<\/b><span style=\"font-weight: 400\"> glazovan\u00e1 kamenina \u2013 odoln\u00e1 a snadno udr\u017eovateln\u00e1<\/span><\/p>\n<p><b>Varianty: <\/b><span style=\"font-weight: 400\">b\u00e9\u017eov\u00e1, modr\u00e1, b\u00edl\u00e1<\/span><\/p>\n<p><b>Styl:<\/b><span style=\"font-weight: 400\"> minimalistick\u00fd, skandin\u00e1vsk\u00fd<\/span><\/p>\n","protected":false},"excerpt":{"rendered":"<p><span style=\"font-weight: 400\">Vneste do sv\u00e9ho domova jemnost, klid a p\u0159irozenou eleganci. V\u00e1za Ilona v b\u00e9\u017eov\u00e9 barv\u011b je dokonal\u00fdm dopl\u0148kem pro modern\u00ed i klasick\u00fd interi\u00e9r. Jej\u00ed \u010dist\u00e9 linie a jemn\u011b leskl\u00fd povrch p\u016fsob\u00ed decentn\u011b, p\u0159esto stylov\u011b \u2013 skv\u011ble se hod\u00ed pro um\u011bl\u00e9 i \u010derstv\u00e9 kv\u011btiny, nebo jako samostatn\u00e1 designov\u00e1 dekorace.<\/span><\/p>\n","protected":false},"featured_media":7401,"comment_status":"open","ping_status":"closed","template":"","meta":[],"product_brand":[],"product_cat":[2133],"product_tag":[370],"class_list":{"0":"post-7400","1":"product","2":"type-product","3":"status-publish","4":"has-post-thumbnail","6":"product_cat-dekorace","7":"product_tag-dekorace","9":"first","10":"instock","11":"sale","12":"taxable","13":"shipping-taxable","14":"purchasable","15":"product-type-simple"},"jetpack_sharing_enabled":true,"_links":{"self":[{"href":"https:\/\/etev7e.pef.czu.cz\/zs2223\/wp-json\/wp\/v2\/product\/7400","targetHints":{"allow":["GET"]}}],"collection":[{"href":"https:\/\/etev7e.pef.czu.cz\/zs2223\/wp-json\/wp\/v2\/product"}],"about":[{"href":"https:\/\/etev7e.pef.czu.cz\/zs2223\/wp-json\/wp\/v2\/types\/product"}],"replies":[{"embeddable":true,"href":"https:\/\/etev7e.pef.czu.cz\/zs2223\/wp-json\/wp\/v2\/comments?post=7400"}],"wp:featuredmedia":[{"embeddable":true,"href":"https:\/\/etev7e.pef.czu.cz\/zs2223\/wp-json\/wp\/v2\/media\/7401"}],"wp:attachment":[{"href":"https:\/\/etev7e.pef.czu.cz\/zs2223\/wp-json\/wp\/v2\/media?parent=7400"}],"wp:term":[{"taxonomy":"product_brand","embeddable":true,"href":"https:\/\/etev7e.pef.czu.cz\/zs2223\/wp-json\/wp\/v2\/product_brand?post=7400"},{"taxonomy":"product_cat","embeddable":true,"href":"https:\/\/etev7e.pef.czu.cz\/zs2223\/wp-json\/wp\/v2\/product_cat?post=7400"},{"taxonomy":"product_tag","embeddable":true,"href":"https:\/\/etev7e.pef.czu.cz\/zs2223\/wp-json\/wp\/v2\/product_tag?post=7400"}],"curies":[{"name":"wp","href":"https:\/\/api.w.org\/{rel}","templated":true}]}}