{"id":7402,"date":"2025-11-07T18:43:28","date_gmt":"2025-11-07T17:43:28","guid":{"rendered":"https:\/\/etev7e.pef.czu.cz\/zs2223\/?post_type=product&#038;p=7402"},"modified":"2025-11-07T18:54:31","modified_gmt":"2025-11-07T17:54:31","slug":"frantisek","status":"publish","type":"product","link":"https:\/\/etev7e.pef.czu.cz\/zs2223\/produkt\/frantisek\/","title":{"rendered":"Franti\u0161ek"},"content":{"rendered":"<p><b>Barva<\/b><span style=\"font-weight: 400\">: tmav\u011b zelen\u00e1<\/span><\/p>\n<p><b>Materi\u00e1l<\/b><span style=\"font-weight: 400\">: glazovan\u00e1 keramika<\/span><\/p>\n<p><b>Varianty<\/b><span style=\"font-weight: 400\">:\u00a0 \u010derven\u00e1, fialov\u00e1, hn\u011bd\u00e1<\/span><\/p>\n<p><b>Hloubka<\/b><span style=\"font-weight: 400\">: 8 cm<\/span><\/p>\n<p><b>Styl<\/b><span style=\"font-weight: 400\">: modern\u00ed, hrav\u00fd, p\u0159\u00edrodn\u00ed<\/span><\/p>\n","protected":false},"excerpt":{"rendered":"<p><span style=\"font-weight: 400\">Franti\u0161ek je keramick\u00e1 v\u00e1za ve tvaru kaktusu, kter\u00e1 si z\u00edsk\u00e1 va\u0161e srdce hned na prvn\u00ed pohled. Kombinuje modern\u00ed design, p\u0159\u00edrodn\u00ed inspiraci a trochu humoru, tak\u017ee perfektn\u011b zapadne jak do minimalistick\u00e9ho interi\u00e9ru, tak do \u00fatuln\u00e9ho studentsk\u00e9ho bytu nebo kancel\u00e1\u0159e.<\/span><\/p>\n<p><span style=\"font-weight: 400\">Jeden otvor na vrcholku kaktusu nab\u00edz\u00ed prostor pro jednoduch\u00e9, ale efektn\u00ed aran\u017eov\u00e1n\u00ed kv\u011btin, travin nebo su\u0161en\u00fdch dekorac\u00ed. <\/span><\/p>\n","protected":false},"featured_media":7403,"comment_status":"open","ping_status":"closed","template":"","meta":[],"product_brand":[],"product_cat":[2133],"product_tag":[237],"class_list":{"0":"post-7402","1":"product","2":"type-product","3":"status-publish","4":"has-post-thumbnail","6":"product_cat-dekorace","7":"product_tag-doplnky","9":"first","10":"instock","11":"sale","12":"taxable","13":"shipping-taxable","14":"purchasable","15":"product-type-simple"},"jetpack_sharing_enabled":true,"_links":{"self":[{"href":"https:\/\/etev7e.pef.czu.cz\/zs2223\/wp-json\/wp\/v2\/product\/7402","targetHints":{"allow":["GET"]}}],"collection":[{"href":"https:\/\/etev7e.pef.czu.cz\/zs2223\/wp-json\/wp\/v2\/product"}],"about":[{"href":"https:\/\/etev7e.pef.czu.cz\/zs2223\/wp-json\/wp\/v2\/types\/product"}],"replies":[{"embeddable":true,"href":"https:\/\/etev7e.pef.czu.cz\/zs2223\/wp-json\/wp\/v2\/comments?post=7402"}],"wp:featuredmedia":[{"embeddable":true,"href":"https:\/\/etev7e.pef.czu.cz\/zs2223\/wp-json\/wp\/v2\/media\/7403"}],"wp:attachment":[{"href":"https:\/\/etev7e.pef.czu.cz\/zs2223\/wp-json\/wp\/v2\/media?parent=7402"}],"wp:term":[{"taxonomy":"product_brand","embeddable":true,"href":"https:\/\/etev7e.pef.czu.cz\/zs2223\/wp-json\/wp\/v2\/product_brand?post=7402"},{"taxonomy":"product_cat","embeddable":true,"href":"https:\/\/etev7e.pef.czu.cz\/zs2223\/wp-json\/wp\/v2\/product_cat?post=7402"},{"taxonomy":"product_tag","embeddable":true,"href":"https:\/\/etev7e.pef.czu.cz\/zs2223\/wp-json\/wp\/v2\/product_tag?post=7402"}],"curies":[{"name":"wp","href":"https:\/\/api.w.org\/{rel}","templated":true}]}}