{"id":7404,"date":"2025-11-07T18:46:59","date_gmt":"2025-11-07T17:46:59","guid":{"rendered":"https:\/\/etev7e.pef.czu.cz\/zs2223\/?post_type=product&#038;p=7404"},"modified":"2025-11-09T11:39:39","modified_gmt":"2025-11-09T10:39:39","slug":"jasminka","status":"publish","type":"product","link":"https:\/\/etev7e.pef.czu.cz\/zs2223\/produkt\/jasminka\/","title":{"rendered":"Jasm\u00ednka"},"content":{"rendered":"<p><b>Materi\u00e1l<\/b><span style=\"font-weight: 400\">: vysoce kvalitn\u00ed um\u011bl\u00e1 hmota a l\u00e1tky<\/span><\/p>\n<p><b>Varianty<\/b><span style=\"font-weight: 400\">: r\u016f\u017eov\u00e1, modr\u00e1, \u010derven\u00e1<\/span><\/p>\n<p><b>Kategorie a \u0161t\u00edtky produkt\u016f: <\/b><span style=\"font-weight: 400\">dekorace<\/span><\/p>\n<p><b>Styl<\/b><span style=\"font-weight: 400\">: modern\u00ed, jemn\u00fd, p\u0159\u00edrodn\u00ed<\/span><\/p>\n<p><b>\u00dadr\u017eba<\/b><span style=\"font-weight: 400\">: jednoduch\u00e9 ot\u0159en\u00ed prachem, \u017e\u00e1dn\u00e1 voda ani hnojivo<\/span><\/p>\n","protected":false},"excerpt":{"rendered":"<p><span style=\"font-weight: 400\">Jasm\u00ednka je elegantn\u00ed um\u011bl\u00e1 kv\u011btina, kter\u00e1 vdechne va\u0161emu domovu kousek p\u0159\u00edrody bez n\u00e1mahy a starost\u00ed. Kombinuje jemn\u00e9 listy a n\u011b\u017en\u00e9 kv\u011bty v realistick\u00e9m proveden\u00ed, d\u00edky \u010demu\u017e p\u016fsob\u00ed p\u0159irozen\u011b a sv\u011b\u017ee.<\/span><\/p>\n<p><span style=\"font-weight: 400\">D\u00edky sv\u00e9mu minimalistick\u00e9mu a stylov\u00e9mu vzhledu se Jasm\u00ednka hod\u00ed do ob\u00fdv\u00e1ku, lo\u017enice, kancel\u00e1\u0159e i na pracovn\u00ed st\u016fl. Nepot\u0159ebuje vodu, sv\u011btlo ani p\u00e9\u010di \u2013 sta\u010d\u00ed ji postavit a u\u017e\u00edvat si jej\u00ed kr\u00e1su ka\u017ed\u00fd den.<\/span><\/p>\n","protected":false},"featured_media":7405,"comment_status":"open","ping_status":"closed","template":"","meta":[],"product_brand":[],"product_cat":[2133],"product_tag":[237],"class_list":{"0":"post-7404","1":"product","2":"type-product","3":"status-publish","4":"has-post-thumbnail","6":"product_cat-dekorace","7":"product_tag-doplnky","9":"first","10":"instock","11":"sale","12":"taxable","13":"shipping-taxable","14":"purchasable","15":"product-type-simple"},"jetpack_sharing_enabled":true,"_links":{"self":[{"href":"https:\/\/etev7e.pef.czu.cz\/zs2223\/wp-json\/wp\/v2\/product\/7404","targetHints":{"allow":["GET"]}}],"collection":[{"href":"https:\/\/etev7e.pef.czu.cz\/zs2223\/wp-json\/wp\/v2\/product"}],"about":[{"href":"https:\/\/etev7e.pef.czu.cz\/zs2223\/wp-json\/wp\/v2\/types\/product"}],"replies":[{"embeddable":true,"href":"https:\/\/etev7e.pef.czu.cz\/zs2223\/wp-json\/wp\/v2\/comments?post=7404"}],"wp:featuredmedia":[{"embeddable":true,"href":"https:\/\/etev7e.pef.czu.cz\/zs2223\/wp-json\/wp\/v2\/media\/7405"}],"wp:attachment":[{"href":"https:\/\/etev7e.pef.czu.cz\/zs2223\/wp-json\/wp\/v2\/media?parent=7404"}],"wp:term":[{"taxonomy":"product_brand","embeddable":true,"href":"https:\/\/etev7e.pef.czu.cz\/zs2223\/wp-json\/wp\/v2\/product_brand?post=7404"},{"taxonomy":"product_cat","embeddable":true,"href":"https:\/\/etev7e.pef.czu.cz\/zs2223\/wp-json\/wp\/v2\/product_cat?post=7404"},{"taxonomy":"product_tag","embeddable":true,"href":"https:\/\/etev7e.pef.czu.cz\/zs2223\/wp-json\/wp\/v2\/product_tag?post=7404"}],"curies":[{"name":"wp","href":"https:\/\/api.w.org\/{rel}","templated":true}]}}