{"id":7422,"date":"2025-11-07T20:39:07","date_gmt":"2025-11-07T19:39:07","guid":{"rendered":"https:\/\/etev7e.pef.czu.cz\/zs2223\/?post_type=product&#038;p=7422"},"modified":"2025-11-07T20:41:31","modified_gmt":"2025-11-07T19:41:31","slug":"frote-prosteradlo","status":"publish","type":"product","link":"https:\/\/etev7e.pef.czu.cz\/zs2223\/produkt\/frote-prosteradlo\/","title":{"rendered":"Frot\u00e9 prost\u011bradlo"},"content":{"rendered":"<p>Rozm\u011br prost\u011bradla je 200 x 200 cm. Materi\u00e1l prost\u011bradla je frot\u00e9, kter\u00e9 je slo\u017eeno z \u00a080 % bavlny a 20 % polyesteru. Hmotnost:\u00a0190 g\/m<sup>2.<\/sup>\u00a0Barva prost\u011bradla je tmav\u011b hn\u011bd\u00e1. Vyrobeno: v \u010cesk\u00e9 republice (Praha).\u00a0 Prost\u011bradlo perte na 40\u00b0C. Nepou\u017e\u00edvejte chemick\u00e9 p\u0159\u00edpravky \u010di b\u011blidla.\u00a0P\u0159ed prvn\u00edm pou\u017eit\u00edm vyperte.\u00a0Prost\u011bradlo je vhodn\u00e9 do su\u0161i\u010dky. V balen\u00ed je jeden kus prost\u011bradla na man\u017eelskou postel.<\/p>\n<p>&nbsp;<\/p>\n","protected":false},"excerpt":{"rendered":"<p><em><strong>Objevte pohodl\u00ed ka\u017ed\u00e9 noci s frot\u00e9 prost\u011bradlem, kter\u00e9 je hebk\u00e9, sav\u00e9 a dokonale p\u0159izp\u016fsobiv\u00e9 va\u0161\u00ed posteli.<\/strong><\/em><\/p>\n","protected":false},"featured_media":7424,"comment_status":"open","ping_status":"closed","template":"","meta":[],"product_brand":[2136],"product_cat":[2137,2139,2138,2140],"product_tag":[2152,2148,2147,2150,2151,2149],"class_list":{"0":"post-7422","1":"product","2":"type-product","3":"status-publish","4":"has-post-thumbnail","6":"product_brand-cozy-co","7":"product_cat-domov-a-bydleni","8":"product_cat-lozni-pradlo","9":"product_cat-loznice","10":"product_cat-prosteradla","11":"product_tag-ceska-vyroba","12":"product_tag-elasticke","13":"product_tag-frote","14":"product_tag-hrejive","15":"product_tag-mekke","16":"product_tag-napinaci","18":"first","19":"instock","20":"sale","21":"taxable","22":"shipping-taxable","23":"purchasable","24":"product-type-simple"},"jetpack_sharing_enabled":true,"_links":{"self":[{"href":"https:\/\/etev7e.pef.czu.cz\/zs2223\/wp-json\/wp\/v2\/product\/7422","targetHints":{"allow":["GET"]}}],"collection":[{"href":"https:\/\/etev7e.pef.czu.cz\/zs2223\/wp-json\/wp\/v2\/product"}],"about":[{"href":"https:\/\/etev7e.pef.czu.cz\/zs2223\/wp-json\/wp\/v2\/types\/product"}],"replies":[{"embeddable":true,"href":"https:\/\/etev7e.pef.czu.cz\/zs2223\/wp-json\/wp\/v2\/comments?post=7422"}],"wp:featuredmedia":[{"embeddable":true,"href":"https:\/\/etev7e.pef.czu.cz\/zs2223\/wp-json\/wp\/v2\/media\/7424"}],"wp:attachment":[{"href":"https:\/\/etev7e.pef.czu.cz\/zs2223\/wp-json\/wp\/v2\/media?parent=7422"}],"wp:term":[{"taxonomy":"product_brand","embeddable":true,"href":"https:\/\/etev7e.pef.czu.cz\/zs2223\/wp-json\/wp\/v2\/product_brand?post=7422"},{"taxonomy":"product_cat","embeddable":true,"href":"https:\/\/etev7e.pef.czu.cz\/zs2223\/wp-json\/wp\/v2\/product_cat?post=7422"},{"taxonomy":"product_tag","embeddable":true,"href":"https:\/\/etev7e.pef.czu.cz\/zs2223\/wp-json\/wp\/v2\/product_tag?post=7422"}],"curies":[{"name":"wp","href":"https:\/\/api.w.org\/{rel}","templated":true}]}}