{"id":7429,"date":"2025-11-07T20:50:21","date_gmt":"2025-11-07T19:50:21","guid":{"rendered":"https:\/\/etev7e.pef.czu.cz\/zs2223\/?post_type=product&#038;p=7429"},"modified":"2025-11-07T20:50:21","modified_gmt":"2025-11-07T19:50:21","slug":"set-dekorativnich-polstarku","status":"publish","type":"product","link":"https:\/\/etev7e.pef.czu.cz\/zs2223\/produkt\/set-dekorativnich-polstarku\/","title":{"rendered":"Set dekorativn\u00edch pol\u0161t\u00e1\u0159k\u016f"},"content":{"rendered":"<p>Rozm\u011br pol\u0161t\u00e1\u0159k\u016f je 45 x 45 x 10 cm. Povlaky na pol\u0161t\u00e1\u0159ky jsou vyrobeny ze 100% bavlny. Vyrobeno: v \u010cesk\u00e9 republice (Praha). Hmotnost: povlak\u00a0250 g, v\u00fdpl\u0148 360 g. V\u00fdpl\u0148 do pol\u0161t\u00e1\u0159k\u016f je z dut\u00e9ho vl\u00e1kna, kter\u00e9 je ze 100 %\u00a0polypropylenu. Barva povlak\u016f na pol\u0161t\u00e1\u0159ky je smetanov\u00e1. Povlaky\u00a0na pol\u0161t\u00e1\u0159ky\u00a0perte na\u00a040\u00b0C.\u00a0Nepou\u017e\u00edvejte chemick\u00e9 p\u0159\u00edpravky \u010di b\u011blidla.\u00a0P\u0159ed prvn\u00edm pou\u017eit\u00edm vyperte. Povlaky jsou vhodn\u00e9 do su\u0161i\u010dky. V balen\u00ed jsou dva kusy povlak\u016f na pol\u0161t\u00e1\u0159ky a 2 kusy v\u00fdpln\u011b do pol\u0161t\u00e1\u0159k\u016f.<\/p>\n","protected":false},"excerpt":{"rendered":"<p><strong>Ozdobn\u00e9 pol\u0161t\u00e1\u0159ky dodaj\u00ed va\u0161emu interi\u00e9ru teplou a \u00fatulnou atmosf\u00e9ru. M\u011bkk\u00e1 v\u00fdpl\u0148 poskytuje pohodl\u00ed p\u0159i kr\u00e1tk\u00e9m odpo\u010dinku nebo relaxaci.<\/strong><\/p>\n","protected":false},"featured_media":7430,"comment_status":"open","ping_status":"closed","template":"","meta":[],"product_brand":[2136],"product_cat":[2143,2137,2139,2138],"product_tag":[2152,2162,2160,2159,2161],"class_list":{"0":"post-7429","1":"product","2":"type-product","3":"status-publish","4":"has-post-thumbnail","6":"product_brand-cozy-co","7":"product_cat-dekorativni-polstarky","8":"product_cat-domov-a-bydleni","9":"product_cat-lozni-pradlo","10":"product_cat-loznice","11":"product_tag-ceska-vyroba","12":"product_tag-dekorativni-polstar","13":"product_tag-hrejivy","14":"product_tag-loznice","15":"product_tag-mekky","17":"first","18":"instock","19":"sale","20":"taxable","21":"shipping-taxable","22":"purchasable","23":"product-type-simple"},"jetpack_sharing_enabled":true,"_links":{"self":[{"href":"https:\/\/etev7e.pef.czu.cz\/zs2223\/wp-json\/wp\/v2\/product\/7429","targetHints":{"allow":["GET"]}}],"collection":[{"href":"https:\/\/etev7e.pef.czu.cz\/zs2223\/wp-json\/wp\/v2\/product"}],"about":[{"href":"https:\/\/etev7e.pef.czu.cz\/zs2223\/wp-json\/wp\/v2\/types\/product"}],"replies":[{"embeddable":true,"href":"https:\/\/etev7e.pef.czu.cz\/zs2223\/wp-json\/wp\/v2\/comments?post=7429"}],"wp:featuredmedia":[{"embeddable":true,"href":"https:\/\/etev7e.pef.czu.cz\/zs2223\/wp-json\/wp\/v2\/media\/7430"}],"wp:attachment":[{"href":"https:\/\/etev7e.pef.czu.cz\/zs2223\/wp-json\/wp\/v2\/media?parent=7429"}],"wp:term":[{"taxonomy":"product_brand","embeddable":true,"href":"https:\/\/etev7e.pef.czu.cz\/zs2223\/wp-json\/wp\/v2\/product_brand?post=7429"},{"taxonomy":"product_cat","embeddable":true,"href":"https:\/\/etev7e.pef.czu.cz\/zs2223\/wp-json\/wp\/v2\/product_cat?post=7429"},{"taxonomy":"product_tag","embeddable":true,"href":"https:\/\/etev7e.pef.czu.cz\/zs2223\/wp-json\/wp\/v2\/product_tag?post=7429"}],"curies":[{"name":"wp","href":"https:\/\/api.w.org\/{rel}","templated":true}]}}