{"id":7431,"date":"2025-11-07T20:53:02","date_gmt":"2025-11-07T19:53:02","guid":{"rendered":"https:\/\/etev7e.pef.czu.cz\/zs2223\/?post_type=product&#038;p=7431"},"modified":"2025-11-07T20:53:02","modified_gmt":"2025-11-07T19:53:02","slug":"dreveny-servirovaci-stolek-do-postele","status":"publish","type":"product","link":"https:\/\/etev7e.pef.czu.cz\/zs2223\/produkt\/dreveny-servirovaci-stolek-do-postele\/","title":{"rendered":"D\u0159ev\u011bn\u00fd serv\u00edrovac\u00ed stolek do postele"},"content":{"rendered":"<p>Rozm\u011br serv\u00edrovac\u00edho stolku je d\u00e9lka 50 cm, \u0161\u00ed\u0159ka 30 cm a v\u00fd\u0161ka 27 cm. Povrch serv\u00edrovac\u00edho stolku je p\u0159\u00edrodn\u00ed a je vyroben z borovice. Hmotnost serv\u00edrovac\u00edho stolku je 0,91 kg. V balen\u00ed je jeden kus serv\u00edrovac\u00edho stolku.<\/p>\n","protected":false},"excerpt":{"rendered":"<p><strong id=\"yui_3_18_1_1_1762542256392_27\">Rozjasn\u011bte r\u00e1no sob\u011b a sv\u00e9 drah\u00e9 polovi\u010dce lahodnou sn\u00eddan\u00ed p\u0159\u00edmo do postele. D\u00edky tomuto serv\u00edrovac\u00edmu stolku s pohodln\u00fdmi \u00fachyty a stabiln\u00edmi no\u017ei\u010dkami bude pod\u00e1v\u00e1n\u00ed jednoduch\u00e9 a pohodln\u00e9 \u2013 a va\u0161e romantick\u00e9 gesto je\u0161t\u011b p\u016fsobiv\u011bj\u0161\u00ed.<\/strong><\/p>\n","protected":false},"featured_media":7432,"comment_status":"open","ping_status":"closed","template":"","meta":[],"product_brand":[2136],"product_cat":[2137,2144,2138,2145],"product_tag":[2164,2167,2165,2168,2166,2163],"class_list":{"0":"post-7431","1":"product","2":"type-product","3":"status-publish","4":"has-post-thumbnail","6":"product_brand-cozy-co","7":"product_cat-domov-a-bydleni","8":"product_cat-doplnky-do-postele","9":"product_cat-loznice","10":"product_cat-servirovaci-stolky-do-postele","11":"product_tag-dreveny","12":"product_tag-lehky","13":"product_tag-polohovatelny","14":"product_tag-prakticky","15":"product_tag-prenosny","16":"product_tag-servirovaci-stolek","18":"first","19":"instock","20":"sale","21":"taxable","22":"shipping-taxable","23":"purchasable","24":"product-type-simple"},"jetpack_sharing_enabled":true,"_links":{"self":[{"href":"https:\/\/etev7e.pef.czu.cz\/zs2223\/wp-json\/wp\/v2\/product\/7431","targetHints":{"allow":["GET"]}}],"collection":[{"href":"https:\/\/etev7e.pef.czu.cz\/zs2223\/wp-json\/wp\/v2\/product"}],"about":[{"href":"https:\/\/etev7e.pef.czu.cz\/zs2223\/wp-json\/wp\/v2\/types\/product"}],"replies":[{"embeddable":true,"href":"https:\/\/etev7e.pef.czu.cz\/zs2223\/wp-json\/wp\/v2\/comments?post=7431"}],"wp:featuredmedia":[{"embeddable":true,"href":"https:\/\/etev7e.pef.czu.cz\/zs2223\/wp-json\/wp\/v2\/media\/7432"}],"wp:attachment":[{"href":"https:\/\/etev7e.pef.czu.cz\/zs2223\/wp-json\/wp\/v2\/media?parent=7431"}],"wp:term":[{"taxonomy":"product_brand","embeddable":true,"href":"https:\/\/etev7e.pef.czu.cz\/zs2223\/wp-json\/wp\/v2\/product_brand?post=7431"},{"taxonomy":"product_cat","embeddable":true,"href":"https:\/\/etev7e.pef.czu.cz\/zs2223\/wp-json\/wp\/v2\/product_cat?post=7431"},{"taxonomy":"product_tag","embeddable":true,"href":"https:\/\/etev7e.pef.czu.cz\/zs2223\/wp-json\/wp\/v2\/product_tag?post=7431"}],"curies":[{"name":"wp","href":"https:\/\/api.w.org\/{rel}","templated":true}]}}