{"id":7442,"date":"2025-11-08T00:08:10","date_gmt":"2025-11-07T23:08:10","guid":{"rendered":"https:\/\/etev7e.pef.czu.cz\/zs2223\/?post_type=product&#038;p=7442"},"modified":"2025-11-08T19:12:39","modified_gmt":"2025-11-08T18:12:39","slug":"auria-dainty-chain-bracelet","status":"publish","type":"product","link":"https:\/\/etev7e.pef.czu.cz\/zs2223\/produkt\/auria-dainty-chain-bracelet\/","title":{"rendered":"Auria &#8222;Dainty Chain Bracelet&#8220;"},"content":{"rendered":"<p class=\"p3\"><span class=\"s2\">N\u011b\u017en\u00fd n\u00e1ramek poset\u00fd drobn\u00fdmi diamanty, zasazen\u00fdmi v elegantn\u00edch r\u00e1mc\u00edch, tvo\u0159\u00edc\u00edch t\u0159pytivou linii na va\u0161em z\u00e1p\u011bst\u00ed. Ide\u00e1ln\u00ed pro vrstven\u00ed nebo jako oslniv\u00fd samostatn\u00fd dopln\u011bk.<\/span><\/p>\n","protected":false},"excerpt":{"rendered":"<p>Jemn\u00fd elegantn\u00ed n\u00e1ramek ze \u017elut\u00e9ho zlata s diamanty.<\/p>\n","protected":false},"featured_media":7443,"comment_status":"open","ping_status":"closed","template":"","meta":[],"product_brand":[2170],"product_cat":[2169],"product_tag":[144,71,142,149],"class_list":{"0":"post-7442","1":"product","2":"type-product","3":"status-publish","4":"has-post-thumbnail","6":"product_brand-auria","7":"product_cat-sperky-auria-cz","8":"product_tag-diamant","9":"product_tag-elegantni","10":"product_tag-naramek","11":"product_tag-zlute-zlato","13":"first","14":"instock","15":"sale","16":"taxable","17":"shipping-taxable","18":"purchasable","19":"product-type-simple"},"jetpack_sharing_enabled":true,"_links":{"self":[{"href":"https:\/\/etev7e.pef.czu.cz\/zs2223\/wp-json\/wp\/v2\/product\/7442","targetHints":{"allow":["GET"]}}],"collection":[{"href":"https:\/\/etev7e.pef.czu.cz\/zs2223\/wp-json\/wp\/v2\/product"}],"about":[{"href":"https:\/\/etev7e.pef.czu.cz\/zs2223\/wp-json\/wp\/v2\/types\/product"}],"replies":[{"embeddable":true,"href":"https:\/\/etev7e.pef.czu.cz\/zs2223\/wp-json\/wp\/v2\/comments?post=7442"}],"wp:featuredmedia":[{"embeddable":true,"href":"https:\/\/etev7e.pef.czu.cz\/zs2223\/wp-json\/wp\/v2\/media\/7443"}],"wp:attachment":[{"href":"https:\/\/etev7e.pef.czu.cz\/zs2223\/wp-json\/wp\/v2\/media?parent=7442"}],"wp:term":[{"taxonomy":"product_brand","embeddable":true,"href":"https:\/\/etev7e.pef.czu.cz\/zs2223\/wp-json\/wp\/v2\/product_brand?post=7442"},{"taxonomy":"product_cat","embeddable":true,"href":"https:\/\/etev7e.pef.czu.cz\/zs2223\/wp-json\/wp\/v2\/product_cat?post=7442"},{"taxonomy":"product_tag","embeddable":true,"href":"https:\/\/etev7e.pef.czu.cz\/zs2223\/wp-json\/wp\/v2\/product_tag?post=7442"}],"curies":[{"name":"wp","href":"https:\/\/api.w.org\/{rel}","templated":true}]}}