{"id":7446,"date":"2025-11-08T00:16:26","date_gmt":"2025-11-07T23:16:26","guid":{"rendered":"https:\/\/etev7e.pef.czu.cz\/zs2223\/?post_type=product&#038;p=7446"},"modified":"2025-11-08T00:26:24","modified_gmt":"2025-11-07T23:26:24","slug":"auria-wave","status":"publish","type":"product","link":"https:\/\/etev7e.pef.czu.cz\/zs2223\/produkt\/auria-wave\/","title":{"rendered":"Auria &#8222;Wave&#8220;"},"content":{"rendered":"<p class=\"p3\"><span class=\"s2\">Nechte se un\u00e1\u0161et eleganc\u00ed s t\u00edmto modern\u00edm prstenem, jeho\u017e vlnit\u00fd design symbolizuje plynulost a nekone\u010dn\u00fd tok \u017eivota. Perfektn\u00ed volba pro ty, kte\u0159\u00ed hledaj\u00ed minimalistick\u00fd \u0161perk s hlubok\u00fdm smyslem.<\/span><\/p>\n","protected":false},"excerpt":{"rendered":"<p>Elegantn\u00ed prsten s jemnou lini\u00ed vlny \u2013 minimalistick\u00fd, ale s hlubok\u00fdm v\u00fdznamem.<\/p>\n","protected":false},"featured_media":7447,"comment_status":"open","ping_status":"closed","template":"","meta":[],"product_brand":[2170],"product_cat":[2169],"product_tag":[1876,154,149],"class_list":{"0":"post-7446","1":"product","2":"type-product","3":"status-publish","4":"has-post-thumbnail","6":"product_brand-auria","7":"product_cat-sperky-auria-cz","8":"product_tag-minimalisticky","9":"product_tag-prsten","10":"product_tag-zlute-zlato","12":"first","13":"instock","14":"sale","15":"taxable","16":"shipping-taxable","17":"purchasable","18":"product-type-simple"},"jetpack_sharing_enabled":true,"_links":{"self":[{"href":"https:\/\/etev7e.pef.czu.cz\/zs2223\/wp-json\/wp\/v2\/product\/7446","targetHints":{"allow":["GET"]}}],"collection":[{"href":"https:\/\/etev7e.pef.czu.cz\/zs2223\/wp-json\/wp\/v2\/product"}],"about":[{"href":"https:\/\/etev7e.pef.czu.cz\/zs2223\/wp-json\/wp\/v2\/types\/product"}],"replies":[{"embeddable":true,"href":"https:\/\/etev7e.pef.czu.cz\/zs2223\/wp-json\/wp\/v2\/comments?post=7446"}],"wp:featuredmedia":[{"embeddable":true,"href":"https:\/\/etev7e.pef.czu.cz\/zs2223\/wp-json\/wp\/v2\/media\/7447"}],"wp:attachment":[{"href":"https:\/\/etev7e.pef.czu.cz\/zs2223\/wp-json\/wp\/v2\/media?parent=7446"}],"wp:term":[{"taxonomy":"product_brand","embeddable":true,"href":"https:\/\/etev7e.pef.czu.cz\/zs2223\/wp-json\/wp\/v2\/product_brand?post=7446"},{"taxonomy":"product_cat","embeddable":true,"href":"https:\/\/etev7e.pef.czu.cz\/zs2223\/wp-json\/wp\/v2\/product_cat?post=7446"},{"taxonomy":"product_tag","embeddable":true,"href":"https:\/\/etev7e.pef.czu.cz\/zs2223\/wp-json\/wp\/v2\/product_tag?post=7446"}],"curies":[{"name":"wp","href":"https:\/\/api.w.org\/{rel}","templated":true}]}}