{"id":7448,"date":"2025-11-08T00:24:39","date_gmt":"2025-11-07T23:24:39","guid":{"rendered":"https:\/\/etev7e.pef.czu.cz\/zs2223\/?post_type=product&#038;p=7448"},"modified":"2025-11-08T00:24:39","modified_gmt":"2025-11-07T23:24:39","slug":"auria-twin-flower-ring","status":"publish","type":"product","link":"https:\/\/etev7e.pef.czu.cz\/zs2223\/produkt\/auria-twin-flower-ring\/","title":{"rendered":"Auria &#8222;Twin Flower Ring&#8220;"},"content":{"rendered":"<p class=\"p3\"><span class=\"s2\">Roztomil\u00fd otev\u0159en\u00fd prsten se dv\u011bma n\u011b\u017en\u00fdmi kv\u011bty, zdoben\u00fdmi drobn\u00fdmi kam\u00ednky, symbolizuje novou kapitolu a \u017eenskou kr\u00e1su. Hrav\u00fd a romantick\u00fd prvek pro ka\u017ed\u00fd den.<\/span><\/p>\n","protected":false},"excerpt":{"rendered":"<p>Jemn\u00fd otev\u0159en\u00fd prsten se dv\u011bma kv\u00edtky zdoben\u00fdmi kam\u00ednky \u2013 romantick\u00fd detail pro ka\u017ed\u00fd den.<\/p>\n","protected":false},"featured_media":7449,"comment_status":"open","ping_status":"closed","template":"","meta":[],"product_brand":[2170],"product_cat":[2169],"product_tag":[926,154,2171,149],"class_list":{"0":"post-7448","1":"product","2":"type-product","3":"status-publish","4":"has-post-thumbnail","6":"product_brand-auria","7":"product_cat-sperky-auria-cz","8":"product_tag-kvetiny","9":"product_tag-prsten","10":"product_tag-romanticky","11":"product_tag-zlute-zlato","13":"first","14":"instock","15":"sale","16":"taxable","17":"shipping-taxable","18":"purchasable","19":"product-type-simple"},"jetpack_sharing_enabled":true,"_links":{"self":[{"href":"https:\/\/etev7e.pef.czu.cz\/zs2223\/wp-json\/wp\/v2\/product\/7448","targetHints":{"allow":["GET"]}}],"collection":[{"href":"https:\/\/etev7e.pef.czu.cz\/zs2223\/wp-json\/wp\/v2\/product"}],"about":[{"href":"https:\/\/etev7e.pef.czu.cz\/zs2223\/wp-json\/wp\/v2\/types\/product"}],"replies":[{"embeddable":true,"href":"https:\/\/etev7e.pef.czu.cz\/zs2223\/wp-json\/wp\/v2\/comments?post=7448"}],"wp:featuredmedia":[{"embeddable":true,"href":"https:\/\/etev7e.pef.czu.cz\/zs2223\/wp-json\/wp\/v2\/media\/7449"}],"wp:attachment":[{"href":"https:\/\/etev7e.pef.czu.cz\/zs2223\/wp-json\/wp\/v2\/media?parent=7448"}],"wp:term":[{"taxonomy":"product_brand","embeddable":true,"href":"https:\/\/etev7e.pef.czu.cz\/zs2223\/wp-json\/wp\/v2\/product_brand?post=7448"},{"taxonomy":"product_cat","embeddable":true,"href":"https:\/\/etev7e.pef.czu.cz\/zs2223\/wp-json\/wp\/v2\/product_cat?post=7448"},{"taxonomy":"product_tag","embeddable":true,"href":"https:\/\/etev7e.pef.czu.cz\/zs2223\/wp-json\/wp\/v2\/product_tag?post=7448"}],"curies":[{"name":"wp","href":"https:\/\/api.w.org\/{rel}","templated":true}]}}