{"id":7452,"date":"2025-11-08T00:41:45","date_gmt":"2025-11-07T23:41:45","guid":{"rendered":"https:\/\/etev7e.pef.czu.cz\/zs2223\/?post_type=product&#038;p=7452"},"modified":"2025-11-08T00:41:45","modified_gmt":"2025-11-07T23:41:45","slug":"auria-dot-diamond-necklace","status":"publish","type":"product","link":"https:\/\/etev7e.pef.czu.cz\/zs2223\/produkt\/auria-dot-diamond-necklace\/","title":{"rendered":"Auria &#8222;Dot Diamond Necklace&#8220;"},"content":{"rendered":"<p class=\"p3\"><span class=\"s2\">Jemn\u00fd n\u00e1hrdeln\u00edk s jedin\u00fdm z\u00e1\u0159iv\u00fdm diamantem, kter\u00fd okouzl\u00ed svou jednoduchost\u00ed a maxim\u00e1ln\u00edm t\u0159pytem. \u0160perk, kter\u00fd dod\u00e1 ka\u017ed\u00e9mu outfitu n\u00e1dech nad\u010dasov\u00e9 sofistikovanosti.<\/span><\/p>\n","protected":false},"excerpt":{"rendered":"<p>Minimalistick\u00fd n\u00e1hrdeln\u00edk s diamantem pro ka\u017edodenn\u00ed eleganci.<\/p>\n","protected":false},"featured_media":7453,"comment_status":"open","ping_status":"closed","template":"","meta":[],"product_brand":[2170],"product_cat":[2169],"product_tag":[144,2173,146,149],"class_list":{"0":"post-7452","1":"product","2":"type-product","3":"status-publish","4":"has-post-thumbnail","6":"product_brand-auria","7":"product_cat-sperky-auria-cz","8":"product_tag-diamant","9":"product_tag-klasika","10":"product_tag-nahrdelnik","11":"product_tag-zlute-zlato","13":"first","14":"instock","15":"sale","16":"taxable","17":"shipping-taxable","18":"purchasable","19":"product-type-simple"},"jetpack_sharing_enabled":true,"_links":{"self":[{"href":"https:\/\/etev7e.pef.czu.cz\/zs2223\/wp-json\/wp\/v2\/product\/7452","targetHints":{"allow":["GET"]}}],"collection":[{"href":"https:\/\/etev7e.pef.czu.cz\/zs2223\/wp-json\/wp\/v2\/product"}],"about":[{"href":"https:\/\/etev7e.pef.czu.cz\/zs2223\/wp-json\/wp\/v2\/types\/product"}],"replies":[{"embeddable":true,"href":"https:\/\/etev7e.pef.czu.cz\/zs2223\/wp-json\/wp\/v2\/comments?post=7452"}],"wp:featuredmedia":[{"embeddable":true,"href":"https:\/\/etev7e.pef.czu.cz\/zs2223\/wp-json\/wp\/v2\/media\/7453"}],"wp:attachment":[{"href":"https:\/\/etev7e.pef.czu.cz\/zs2223\/wp-json\/wp\/v2\/media?parent=7452"}],"wp:term":[{"taxonomy":"product_brand","embeddable":true,"href":"https:\/\/etev7e.pef.czu.cz\/zs2223\/wp-json\/wp\/v2\/product_brand?post=7452"},{"taxonomy":"product_cat","embeddable":true,"href":"https:\/\/etev7e.pef.czu.cz\/zs2223\/wp-json\/wp\/v2\/product_cat?post=7452"},{"taxonomy":"product_tag","embeddable":true,"href":"https:\/\/etev7e.pef.czu.cz\/zs2223\/wp-json\/wp\/v2\/product_tag?post=7452"}],"curies":[{"name":"wp","href":"https:\/\/api.w.org\/{rel}","templated":true}]}}