{"id":7465,"date":"2025-11-08T14:08:54","date_gmt":"2025-11-08T13:08:54","guid":{"rendered":"https:\/\/etev7e.pef.czu.cz\/zs2223\/?post_type=product&#038;p=7465"},"modified":"2025-11-10T22:21:16","modified_gmt":"2025-11-10T21:21:16","slug":"lego-creator-3v1-kralik","status":"publish","type":"product","link":"https:\/\/etev7e.pef.czu.cz\/zs2223\/produkt\/lego-creator-3v1-kralik\/","title":{"rendered":"LEGO Creator 3v1 Kr\u00e1l\u00edk"},"content":{"rendered":"<p><span class=\"TextRun SCXW261089339 BCX0\" lang=\"CS-CZ\" xml:lang=\"CS-CZ\" data-contrast=\"auto\"><span class=\"NormalTextRun SCXW261089339 BCX0\">Stavebnice <strong>LEGO\u00a0<\/strong><\/span><strong><span class=\"NormalTextRun SpellingErrorV2Themed SCXW261089339 BCX0\">Creator<\/span><\/strong><span class=\"NormalTextRun SCXW261089339 BCX0\"><strong> 3v1 Kr\u00e1l\u00edk<\/strong> m\u016f\u017eete kdykoli p\u0159estav\u011bt na lamu nebo tulen\u011b podle n\u00e1lady, tak\u017ee v\u00e1m jedna sada nab\u00eddne t\u0159i r\u016fzn\u00e9 mini-<\/span><span class=\"NormalTextRun SpellingErrorV2Themed SCXW261089339 BCX0\">ritualy<\/span><span class=\"NormalTextRun SCXW261089339 BCX0\">\u00a0pro reset hlavy. Stav\u011bn\u00ed zklid\u0148uje, podporuje kreativitu a pom\u00e1h\u00e1 udr\u017eet fokus. Set dopl\u0148uje slune\u010dnice a mrkev, kter\u00e9 dodaj\u00ed sc\u00e9n\u011b \u0161mrnc. Ide\u00e1ln\u00ed jako rychl\u00fd\u00a0<\/span><span class=\"NormalTextRun SpellingErrorV2Themed SCXW261089339 BCX0\">antistres<\/span><span class=\"NormalTextRun SCXW261089339 BCX0\">\u00a0b\u011bhem z\u00e1po\u010dtov\u00e9ho t\u00fddne \u010di zkou\u0161kov\u00e9ho obdob\u00ed. Stylov\u00e1 dekorace na st\u016fl i mil\u00fd d\u00e1rek pro bl\u00edzk\u00e9, kte\u0159\u00ed ocen\u00ed chytrou z\u00e1bavu.<\/span><\/span><span class=\"EOP SCXW261089339 BCX0\" data-ccp-props=\"{&quot;201341983&quot;:0,&quot;335559739&quot;:0,&quot;335559740&quot;:257}\"> Obsahuje 326 d\u00edlk\u016f.<\/span><\/p>\n","protected":false},"excerpt":{"rendered":"<p>Objevte relax ve stavebnici <strong data-start=\"816\" data-end=\"844\">LEGO\u00ae Creator 3v1 Kr\u00e1l\u00edk<\/strong>. Postavte kr\u00e1l\u00edka, lamu nebo tulen\u011b a u\u017eijte si chv\u00edli klidu i tvo\u0159ivosti. Ide\u00e1ln\u00ed d\u00e1rek nebo stylov\u00e1 dekorace na st\u016fl.<\/p>\n","protected":false},"featured_media":7466,"comment_status":"open","ping_status":"closed","template":"","meta":[],"product_brand":[2256],"product_cat":[2061],"product_tag":[370,901,376,1251,550,903],"class_list":{"0":"post-7465","1":"product","2":"type-product","3":"status-publish","4":"has-post-thumbnail","6":"product_brand-lego","7":"product_cat-lego-stavebnice-2025","8":"product_tag-dekorace","9":"product_tag-detske-hracky","10":"product_tag-hracky","11":"product_tag-kreativni-zabava","12":"product_tag-stavebnice","13":"product_tag-zabava","15":"first","16":"instock","17":"sale","18":"taxable","19":"shipping-taxable","20":"purchasable","21":"product-type-simple"},"jetpack_sharing_enabled":true,"_links":{"self":[{"href":"https:\/\/etev7e.pef.czu.cz\/zs2223\/wp-json\/wp\/v2\/product\/7465","targetHints":{"allow":["GET"]}}],"collection":[{"href":"https:\/\/etev7e.pef.czu.cz\/zs2223\/wp-json\/wp\/v2\/product"}],"about":[{"href":"https:\/\/etev7e.pef.czu.cz\/zs2223\/wp-json\/wp\/v2\/types\/product"}],"replies":[{"embeddable":true,"href":"https:\/\/etev7e.pef.czu.cz\/zs2223\/wp-json\/wp\/v2\/comments?post=7465"}],"wp:featuredmedia":[{"embeddable":true,"href":"https:\/\/etev7e.pef.czu.cz\/zs2223\/wp-json\/wp\/v2\/media\/7466"}],"wp:attachment":[{"href":"https:\/\/etev7e.pef.czu.cz\/zs2223\/wp-json\/wp\/v2\/media?parent=7465"}],"wp:term":[{"taxonomy":"product_brand","embeddable":true,"href":"https:\/\/etev7e.pef.czu.cz\/zs2223\/wp-json\/wp\/v2\/product_brand?post=7465"},{"taxonomy":"product_cat","embeddable":true,"href":"https:\/\/etev7e.pef.czu.cz\/zs2223\/wp-json\/wp\/v2\/product_cat?post=7465"},{"taxonomy":"product_tag","embeddable":true,"href":"https:\/\/etev7e.pef.czu.cz\/zs2223\/wp-json\/wp\/v2\/product_tag?post=7465"}],"curies":[{"name":"wp","href":"https:\/\/api.w.org\/{rel}","templated":true}]}}