{"id":7467,"date":"2025-11-08T17:04:41","date_gmt":"2025-11-08T16:04:41","guid":{"rendered":"https:\/\/etev7e.pef.czu.cz\/zs2223\/?post_type=product&#038;p=7467"},"modified":"2025-11-12T11:21:16","modified_gmt":"2025-11-12T10:21:16","slug":"joga-blok-moon-balance","status":"publish","type":"product","link":"https:\/\/etev7e.pef.czu.cz\/zs2223\/produkt\/joga-blok-moon-balance\/","title":{"rendered":"J\u00f3ga blok \u2013 Moon Balance"},"content":{"rendered":"<p>J\u00f3ga blok \u201eMoon Balance\u201c je elegantn\u00ed dopln\u011bk v tmav\u011b \u0161ed\u00e9 barv\u011b s jemn\u00fdm motivem m\u011bs\u00edce, kter\u00fd lad\u00ed s j\u00f3govou podlo\u017ekou Moonlight Black. Poskytuje pevnou, ale pohodlnou oporu p\u0159i cvi\u010den\u00ed a pom\u00e1h\u00e1 dos\u00e1hnout spr\u00e1vn\u00e9ho proveden\u00ed pozic. D\u00edky sv\u00e9mu protiskluzov\u00e9mu povrchu a zaoblen\u00fdm hran\u00e1m je vhodn\u00fd pro za\u010d\u00e1te\u010dn\u00edky i pokro\u010dil\u00e9. Blok je lehk\u00fd, snadno se \u010dist\u00ed a d\u00edky sv\u00fdm rozm\u011br\u016fm se pohodln\u011b vejde i do sportovn\u00ed ta\u0161ky nebo batohu.<\/p>\n","protected":false},"excerpt":{"rendered":"<p>J\u00f3ga blok v tmav\u011b \u0161ed\u00e9 barv\u011b s jemn\u00fdm m\u011bs\u00ed\u010dn\u00edm motivem a n\u00e1pisem Moon Balance.<\/p>\n","protected":false},"featured_media":7468,"comment_status":"open","ping_status":"closed","template":"","meta":[],"product_brand":[2181],"product_cat":[2185,2179,2063],"product_tag":[237,1030,2184,1942,2186],"class_list":{"0":"post-7467","1":"product","2":"type-product","3":"status-publish","4":"has-post-thumbnail","6":"product_brand-moon-balance","7":"product_cat-joga-bloky","8":"product_cat-joga-vybaveni","9":"product_cat-vychozi","10":"product_tag-doplnky","11":"product_tag-joga","12":"product_tag-mesicni-motiv","13":"product_tag-minimalisticky-design","14":"product_tag-rovnovaha","16":"first","17":"instock","18":"sale","19":"taxable","20":"shipping-taxable","21":"purchasable","22":"product-type-simple"},"jetpack_sharing_enabled":true,"_links":{"self":[{"href":"https:\/\/etev7e.pef.czu.cz\/zs2223\/wp-json\/wp\/v2\/product\/7467","targetHints":{"allow":["GET"]}}],"collection":[{"href":"https:\/\/etev7e.pef.czu.cz\/zs2223\/wp-json\/wp\/v2\/product"}],"about":[{"href":"https:\/\/etev7e.pef.czu.cz\/zs2223\/wp-json\/wp\/v2\/types\/product"}],"replies":[{"embeddable":true,"href":"https:\/\/etev7e.pef.czu.cz\/zs2223\/wp-json\/wp\/v2\/comments?post=7467"}],"wp:featuredmedia":[{"embeddable":true,"href":"https:\/\/etev7e.pef.czu.cz\/zs2223\/wp-json\/wp\/v2\/media\/7468"}],"wp:attachment":[{"href":"https:\/\/etev7e.pef.czu.cz\/zs2223\/wp-json\/wp\/v2\/media?parent=7467"}],"wp:term":[{"taxonomy":"product_brand","embeddable":true,"href":"https:\/\/etev7e.pef.czu.cz\/zs2223\/wp-json\/wp\/v2\/product_brand?post=7467"},{"taxonomy":"product_cat","embeddable":true,"href":"https:\/\/etev7e.pef.czu.cz\/zs2223\/wp-json\/wp\/v2\/product_cat?post=7467"},{"taxonomy":"product_tag","embeddable":true,"href":"https:\/\/etev7e.pef.czu.cz\/zs2223\/wp-json\/wp\/v2\/product_tag?post=7467"}],"curies":[{"name":"wp","href":"https:\/\/api.w.org\/{rel}","templated":true}]}}