{"id":7475,"date":"2025-11-08T17:11:00","date_gmt":"2025-11-08T16:11:00","guid":{"rendered":"https:\/\/etev7e.pef.czu.cz\/zs2223\/?post_type=product&#038;p=7475"},"modified":"2025-11-11T17:51:59","modified_gmt":"2025-11-11T16:51:59","slug":"joga-lahev-moon-water","status":"publish","type":"product","link":"https:\/\/etev7e.pef.czu.cz\/zs2223\/produkt\/joga-lahev-moon-water\/","title":{"rendered":"J\u00f3ga l\u00e1hev \u2013 Moon Water"},"content":{"rendered":"<p>Elegantn\u00ed nerezov\u00e1 l\u00e1hev v \u010dern\u00e9 barv\u011b s jemn\u00fdm motivem m\u011bs\u00edce p\u0159edstavuje dokonalou kombinaci funk\u010dnosti a stylu. Minimalistick\u00fd design v matn\u00e9m proveden\u00ed p\u016fsob\u00ed modern\u011b a harmonicky lad\u00ed s j\u00f3govou podlo\u017ekou \u201eMoonlight Black\u201c. L\u00e1hev je vyrobena z kvalitn\u00ed nerezov\u00e9 oceli, kter\u00e1 udr\u017euje n\u00e1poje studen\u00e9 i tepl\u00e9 po dlouhou dobu. V\u00ed\u010dko s pevn\u00fdm t\u011bsn\u011bn\u00edm zabra\u0148uje \u00faniku tekutin a \u010dern\u00fd povrch je p\u0159\u00edjemn\u00fd na dotek i odoln\u00fd proti po\u0161kr\u00e1b\u00e1n\u00ed. Ide\u00e1ln\u00ed spole\u010dn\u00edk na cvi\u010den\u00ed j\u00f3gy, do kancel\u00e1\u0159e i na cestov\u00e1n\u00ed.<\/p>\n","protected":false},"excerpt":{"rendered":"<p>L\u00e1hev na pit\u00ed v \u010dern\u00e9 barv\u011b s jemn\u00fdm motivem m\u011bs\u00edce.<\/p>\n","protected":false},"featured_media":7476,"comment_status":"open","ping_status":"closed","template":"","meta":[],"product_brand":[2181],"product_cat":[2179,2187,2063],"product_tag":[463,2189,866,1030,2188,2184,1942],"class_list":{"0":"post-7475","1":"product","2":"type-product","3":"status-publish","4":"has-post-thumbnail","6":"product_brand-moon-balance","7":"product_cat-joga-vybaveni","8":"product_cat-lahev-na-vodu","9":"product_cat-vychozi","10":"product_tag-cerna","11":"product_tag-eko","12":"product_tag-hydratace","13":"product_tag-joga","14":"product_tag-lahev","15":"product_tag-mesicni-motiv","16":"product_tag-minimalisticky-design","18":"first","19":"instock","20":"sale","21":"taxable","22":"shipping-taxable","23":"purchasable","24":"product-type-simple"},"jetpack_sharing_enabled":true,"_links":{"self":[{"href":"https:\/\/etev7e.pef.czu.cz\/zs2223\/wp-json\/wp\/v2\/product\/7475","targetHints":{"allow":["GET"]}}],"collection":[{"href":"https:\/\/etev7e.pef.czu.cz\/zs2223\/wp-json\/wp\/v2\/product"}],"about":[{"href":"https:\/\/etev7e.pef.czu.cz\/zs2223\/wp-json\/wp\/v2\/types\/product"}],"replies":[{"embeddable":true,"href":"https:\/\/etev7e.pef.czu.cz\/zs2223\/wp-json\/wp\/v2\/comments?post=7475"}],"wp:featuredmedia":[{"embeddable":true,"href":"https:\/\/etev7e.pef.czu.cz\/zs2223\/wp-json\/wp\/v2\/media\/7476"}],"wp:attachment":[{"href":"https:\/\/etev7e.pef.czu.cz\/zs2223\/wp-json\/wp\/v2\/media?parent=7475"}],"wp:term":[{"taxonomy":"product_brand","embeddable":true,"href":"https:\/\/etev7e.pef.czu.cz\/zs2223\/wp-json\/wp\/v2\/product_brand?post=7475"},{"taxonomy":"product_cat","embeddable":true,"href":"https:\/\/etev7e.pef.czu.cz\/zs2223\/wp-json\/wp\/v2\/product_cat?post=7475"},{"taxonomy":"product_tag","embeddable":true,"href":"https:\/\/etev7e.pef.czu.cz\/zs2223\/wp-json\/wp\/v2\/product_tag?post=7475"}],"curies":[{"name":"wp","href":"https:\/\/api.w.org\/{rel}","templated":true}]}}