{"id":7504,"date":"2025-11-08T18:06:06","date_gmt":"2025-11-08T17:06:06","guid":{"rendered":"https:\/\/etev7e.pef.czu.cz\/zs2223\/?post_type=product&#038;p=7504"},"modified":"2025-11-08T18:23:19","modified_gmt":"2025-11-08T17:23:19","slug":"zelezny-plamen","status":"publish","type":"product","link":"https:\/\/etev7e.pef.czu.cz\/zs2223\/produkt\/zelezny-plamen\/","title":{"rendered":"\u017delezn\u00fd plamen"},"content":{"rendered":"<p>Po p\u0159ekon\u00e1n\u00ed prvn\u00edho, smrt\u00edc\u00edho roku na\u00a0Basgiathsk\u00e9 v\u00e1le\u010dn\u00e9 akademii\u00a0p\u0159e\u017eila Violet Sorrengailov\u00e1, ale teprve nyn\u00ed ji \u010dek\u00e1\u00a0skute\u010dn\u00fd v\u00fdcvik\u00a0\u2013 brut\u00e1ln\u00ed, vy\u010derp\u00e1vaj\u00edc\u00ed a ne\u00faprosn\u011b n\u00e1ro\u010dn\u00fd. Nov\u00fd z\u00e1stupce velitele, jeho\u017e jedin\u00fdm c\u00edlem je uk\u00e1zat Violet, co znamen\u00e1 absolutn\u00ed bezmoc, j\u00ed klade nep\u0159edstaviteln\u00e9 v\u00fdzvy. Violet se nau\u010dila, \u017ee\u00a0odhodl\u00e1n\u00ed p\u0159e\u017e\u00edt a odvaha m\u011bnit pravidla dok\u00e1\u017eou z\u00e1zraky, ale ot\u00e1zkou z\u016fst\u00e1v\u00e1, zda to bude sta\u010dit, kdy\u017e akademie skr\u00fdv\u00e1\u00a0prastar\u00e9 tajemstv\u00ed, kter\u00e9 m\u016f\u017ee ohrozit \u017eivoty v\u0161ech kolem n\u00ed. P\u0159\u00edb\u011bh kombinuje\u00a0dra\u010d\u00ed fantasy, intriky, magie a boj o p\u0159e\u017eit\u00ed, p\u0159i\u010dem\u017e hlavn\u00ed hrdinka mus\u00ed naj\u00edt odvahu a s\u00edlu \u010delit hrozb\u00e1m, kter\u00e9 rostou ka\u017ed\u00fdm dnem.<\/p>\n","protected":false},"excerpt":{"rendered":"<p>Po p\u0159ekon\u00e1n\u00ed prvn\u00edho, smrt\u00edc\u00edho roku na\u00a0Basgiathsk\u00e9 v\u00e1le\u010dn\u00e9 akademii\u00a0p\u0159e\u017eila Violet Sorrengailov\u00e1, ale teprve nyn\u00ed ji \u010dek\u00e1\u00a0skute\u010dn\u00fd v\u00fdcvik\u00a0\u2013 brut\u00e1ln\u00ed, vy\u010derp\u00e1vaj\u00edc\u00ed a ne\u00faprosn\u011b n\u00e1ro\u010dn\u00fd. Nov\u00fd z\u00e1stupce velitele, jeho\u017e jedin\u00fdm c\u00edlem je uk\u00e1zat Violet, co znamen\u00e1 absolutn\u00ed bezmoc, j\u00ed klade nep\u0159edstaviteln\u00e9 v\u00fdzvy. Violet se nau\u010dila, \u017ee\u00a0odhodl\u00e1n\u00ed p\u0159e\u017e\u00edt a odvaha m\u011bnit pravidla dok\u00e1\u017eou z\u00e1zraky, ale ot\u00e1zkou z\u016fst\u00e1v\u00e1, zda to bude [&hellip;]<\/p>\n","protected":false},"featured_media":7516,"comment_status":"open","ping_status":"closed","template":"","meta":[],"product_brand":[],"product_cat":[2194],"product_tag":[2199,1115,790,2196],"class_list":{"0":"post-7504","1":"product","2":"type-product","3":"status-publish","4":"has-post-thumbnail","6":"product_cat-knihy-2025","7":"product_tag-draci","8":"product_tag-fantasy","9":"product_tag-roman","10":"product_tag-young-adult","12":"first","13":"instock","14":"sale","15":"taxable","16":"shipping-taxable","17":"purchasable","18":"product-type-simple"},"jetpack_sharing_enabled":true,"_links":{"self":[{"href":"https:\/\/etev7e.pef.czu.cz\/zs2223\/wp-json\/wp\/v2\/product\/7504","targetHints":{"allow":["GET"]}}],"collection":[{"href":"https:\/\/etev7e.pef.czu.cz\/zs2223\/wp-json\/wp\/v2\/product"}],"about":[{"href":"https:\/\/etev7e.pef.czu.cz\/zs2223\/wp-json\/wp\/v2\/types\/product"}],"replies":[{"embeddable":true,"href":"https:\/\/etev7e.pef.czu.cz\/zs2223\/wp-json\/wp\/v2\/comments?post=7504"}],"wp:featuredmedia":[{"embeddable":true,"href":"https:\/\/etev7e.pef.czu.cz\/zs2223\/wp-json\/wp\/v2\/media\/7516"}],"wp:attachment":[{"href":"https:\/\/etev7e.pef.czu.cz\/zs2223\/wp-json\/wp\/v2\/media?parent=7504"}],"wp:term":[{"taxonomy":"product_brand","embeddable":true,"href":"https:\/\/etev7e.pef.czu.cz\/zs2223\/wp-json\/wp\/v2\/product_brand?post=7504"},{"taxonomy":"product_cat","embeddable":true,"href":"https:\/\/etev7e.pef.czu.cz\/zs2223\/wp-json\/wp\/v2\/product_cat?post=7504"},{"taxonomy":"product_tag","embeddable":true,"href":"https:\/\/etev7e.pef.czu.cz\/zs2223\/wp-json\/wp\/v2\/product_tag?post=7504"}],"curies":[{"name":"wp","href":"https:\/\/api.w.org\/{rel}","templated":true}]}}