{"id":7506,"date":"2025-11-08T18:22:54","date_gmt":"2025-11-08T17:22:54","guid":{"rendered":"https:\/\/etev7e.pef.czu.cz\/zs2223\/?post_type=product&#038;p=7506"},"modified":"2025-11-08T18:26:07","modified_gmt":"2025-11-08T17:26:07","slug":"hrad-ve-skotsku","status":"publish","type":"product","link":"https:\/\/etev7e.pef.czu.cz\/zs2223\/produkt\/hrad-ve-skotsku\/","title":{"rendered":"Hrad ve Skotsku"},"content":{"rendered":"<p>Kniha\u00a0\u201eHrad ve Skotsku\u201c\u00a0od\u00a0Julie Caplinov\u00e9\u00a0je\u00a0romantick\u00fd, laskav\u00fd p\u0159\u00edb\u011bh s v\u00e1no\u010dn\u00ed atmosf\u00e9rou, odehr\u00e1vaj\u00edc\u00ed se v kouzeln\u00e9m prost\u0159ed\u00ed\u00a0Skotsk\u00e9 vyso\u010diny. Hlavn\u00ed hrdinka\u00a0Izzy McBrideov\u00e1\u00a0ne\u010dekan\u011b zd\u011bd\u00ed star\u00fd hrad po sv\u00e9m prastr\u00fdci Billovi \u2013 a s n\u00edm i po\u0159\u00e1dnou d\u00e1vku starost\u00ed. Z kdysi honosn\u00e9ho s\u00eddla se stala ch\u00e1traj\u00edc\u00ed budova se st\u0159echou, do kter\u00e9 zat\u00e9k\u00e1, a s rozpo\u010dtem, kter\u00fd sotva vysta\u010d\u00ed na opravy. P\u0159esto se Izzy rozhodne splnit si sen:\u00a0prom\u011bnit hrad do V\u00e1noc v \u00fatuln\u00fd hotel pln\u00fd kouzla a \u017eivota. Pom\u00e1h\u00e1 j\u00ed jej\u00ed excentrick\u00e1 matka\u00a0Xanthe, kter\u00e1 p\u0159iv\u00e1d\u00ed prvn\u00ed plat\u00edc\u00ed hosty, a tak\u00e9 skupina m\u00edstn\u00edch nad\u0161enc\u016f, mezi nimi\u017e je i\u00a0tajemn\u00fd spisovatel Ross\u00a0\u2013 mu\u017e, kter\u00fd Izzy znejist\u00ed v\u00edc, ne\u017e by sama cht\u011bla. V p\u0159edv\u00e1no\u010dn\u00edm shonu tak mus\u00ed zvl\u00e1dnout nejen renovaci hradu a sv\u00e1te\u010dn\u00ed p\u0159\u00edpravy, ale i sv\u00e9 pocity.<\/p>\n","protected":false},"excerpt":{"rendered":"<p>Kniha\u00a0\u201eHrad ve Skotsku\u201c\u00a0od\u00a0Julie Caplinov\u00e9\u00a0je\u00a0romantick\u00fd, laskav\u00fd p\u0159\u00edb\u011bh s v\u00e1no\u010dn\u00ed atmosf\u00e9rou, odehr\u00e1vaj\u00edc\u00ed se v kouzeln\u00e9m prost\u0159ed\u00ed\u00a0Skotsk\u00e9 vyso\u010diny. Hlavn\u00ed hrdinka\u00a0Izzy McBrideov\u00e1\u00a0ne\u010dekan\u011b zd\u011bd\u00ed star\u00fd hrad po sv\u00e9m prastr\u00fdci Billovi \u2013 a s n\u00edm i po\u0159\u00e1dnou d\u00e1vku starost\u00ed. Z kdysi honosn\u00e9ho s\u00eddla se stala ch\u00e1traj\u00edc\u00ed budova se st\u0159echou, do kter\u00e9 zat\u00e9k\u00e1, a s rozpo\u010dtem, kter\u00fd sotva vysta\u010d\u00ed na opravy. P\u0159esto [&hellip;]<\/p>\n","protected":false},"featured_media":7511,"comment_status":"open","ping_status":"closed","template":"","meta":[],"product_brand":[],"product_cat":[2194],"product_tag":[790,2212],"class_list":{"0":"post-7506","1":"product","2":"type-product","3":"status-publish","4":"has-post-thumbnail","6":"product_cat-knihy-2025","7":"product_tag-roman","8":"product_tag-romany-pro-zeny","10":"first","11":"instock","12":"sale","13":"taxable","14":"shipping-taxable","15":"purchasable","16":"product-type-simple"},"jetpack_sharing_enabled":true,"_links":{"self":[{"href":"https:\/\/etev7e.pef.czu.cz\/zs2223\/wp-json\/wp\/v2\/product\/7506","targetHints":{"allow":["GET"]}}],"collection":[{"href":"https:\/\/etev7e.pef.czu.cz\/zs2223\/wp-json\/wp\/v2\/product"}],"about":[{"href":"https:\/\/etev7e.pef.czu.cz\/zs2223\/wp-json\/wp\/v2\/types\/product"}],"replies":[{"embeddable":true,"href":"https:\/\/etev7e.pef.czu.cz\/zs2223\/wp-json\/wp\/v2\/comments?post=7506"}],"wp:featuredmedia":[{"embeddable":true,"href":"https:\/\/etev7e.pef.czu.cz\/zs2223\/wp-json\/wp\/v2\/media\/7511"}],"wp:attachment":[{"href":"https:\/\/etev7e.pef.czu.cz\/zs2223\/wp-json\/wp\/v2\/media?parent=7506"}],"wp:term":[{"taxonomy":"product_brand","embeddable":true,"href":"https:\/\/etev7e.pef.czu.cz\/zs2223\/wp-json\/wp\/v2\/product_brand?post=7506"},{"taxonomy":"product_cat","embeddable":true,"href":"https:\/\/etev7e.pef.czu.cz\/zs2223\/wp-json\/wp\/v2\/product_cat?post=7506"},{"taxonomy":"product_tag","embeddable":true,"href":"https:\/\/etev7e.pef.czu.cz\/zs2223\/wp-json\/wp\/v2\/product_tag?post=7506"}],"curies":[{"name":"wp","href":"https:\/\/api.w.org\/{rel}","templated":true}]}}