{"id":7507,"date":"2025-11-08T18:21:21","date_gmt":"2025-11-08T17:21:21","guid":{"rendered":"https:\/\/etev7e.pef.czu.cz\/zs2223\/?post_type=product&#038;p=7507"},"modified":"2025-11-08T18:26:05","modified_gmt":"2025-11-08T17:26:05","slug":"podzimni-desy","status":"publish","type":"product","link":"https:\/\/etev7e.pef.czu.cz\/zs2223\/produkt\/podzimni-desy\/","title":{"rendered":"Podzimn\u00ed d\u011bsy"},"content":{"rendered":"<p>Kniha\u00a0\u201ePodzimn\u00ed d\u011bsy\u201c\u00a0od\u00a0Agathy Christie\u00a0je\u00a0sb\u00edrkou detektivn\u00edch pov\u00eddek, kter\u00e9 se odehr\u00e1vaj\u00ed v atmosf\u00e9\u0159e podzimu \u2013\u00a0za ml\u017en\u00fdch r\u00e1n, v teple pozdn\u00edch ve\u010der\u016f, v honosn\u00fdch s\u00eddlech, na odlehl\u00fdch farm\u00e1ch, v m\u011bstsk\u00fdch uli\u010dk\u00e1ch i v hloubi lesa. Podzim zde vytv\u00e1\u0159\u00ed kulisu pro\u00a0nap\u00ednav\u00e9 p\u0159\u00edb\u011bhy pln\u00e9 z\u00e1had, intrik a p\u0159ekvapiv\u00e9ho rozuzlen\u00ed. V pov\u00eddk\u00e1ch se objevuj\u00ed zn\u00e1m\u00e9 postavy z autor\u010dina sv\u011bta \u2013\u00a0Hercule Poirot,\u00a0sle\u010dna Marplov\u00e1,\u00a0Tommy a Pentli\u010dka\u00a0i z\u00e1hadn\u00fd\u00a0pan Quin. Ka\u017ed\u00fd z nich se sna\u017e\u00ed p\u0159ij\u00edt na kloub spletit\u00fdm p\u0159\u00edpad\u016fm, kter\u00e9 odhaluj\u00ed lidskou povahu i skryt\u00e9 motivy zlo\u010dinu.<\/p>\n","protected":false},"excerpt":{"rendered":"<p>Kniha\u00a0\u201ePodzimn\u00ed d\u011bsy\u201c\u00a0od\u00a0Agathy Christie\u00a0je\u00a0sb\u00edrkou detektivn\u00edch pov\u00eddek, kter\u00e9 se odehr\u00e1vaj\u00ed v atmosf\u00e9\u0159e podzimu \u2013\u00a0za ml\u017en\u00fdch r\u00e1n, v teple pozdn\u00edch ve\u010der\u016f, v honosn\u00fdch s\u00eddlech, na odlehl\u00fdch farm\u00e1ch, v m\u011bstsk\u00fdch uli\u010dk\u00e1ch i v hloubi lesa. Podzim zde vytv\u00e1\u0159\u00ed kulisu pro\u00a0nap\u00ednav\u00e9 p\u0159\u00edb\u011bhy pln\u00e9 z\u00e1had, intrik a p\u0159ekvapiv\u00e9ho rozuzlen\u00ed. V pov\u00eddk\u00e1ch se objevuj\u00ed zn\u00e1m\u00e9 postavy z autor\u010dina sv\u011bta \u2013\u00a0Hercule Poirot,\u00a0sle\u010dna Marplov\u00e1,\u00a0Tommy [&hellip;]<\/p>\n","protected":false},"featured_media":7512,"comment_status":"open","ping_status":"closed","template":"","meta":[],"product_brand":[],"product_cat":[2194],"product_tag":[2214,2216,2215],"class_list":{"0":"post-7507","1":"product","2":"type-product","3":"status-publish","4":"has-post-thumbnail","6":"product_cat-knihy-2025","7":"product_tag-detektivni-povidky","8":"product_tag-detektivni-romany","9":"product_tag-mystery","11":"first","12":"instock","13":"sale","14":"taxable","15":"shipping-taxable","16":"purchasable","17":"product-type-simple"},"jetpack_sharing_enabled":true,"_links":{"self":[{"href":"https:\/\/etev7e.pef.czu.cz\/zs2223\/wp-json\/wp\/v2\/product\/7507","targetHints":{"allow":["GET"]}}],"collection":[{"href":"https:\/\/etev7e.pef.czu.cz\/zs2223\/wp-json\/wp\/v2\/product"}],"about":[{"href":"https:\/\/etev7e.pef.czu.cz\/zs2223\/wp-json\/wp\/v2\/types\/product"}],"replies":[{"embeddable":true,"href":"https:\/\/etev7e.pef.czu.cz\/zs2223\/wp-json\/wp\/v2\/comments?post=7507"}],"wp:featuredmedia":[{"embeddable":true,"href":"https:\/\/etev7e.pef.czu.cz\/zs2223\/wp-json\/wp\/v2\/media\/7512"}],"wp:attachment":[{"href":"https:\/\/etev7e.pef.czu.cz\/zs2223\/wp-json\/wp\/v2\/media?parent=7507"}],"wp:term":[{"taxonomy":"product_brand","embeddable":true,"href":"https:\/\/etev7e.pef.czu.cz\/zs2223\/wp-json\/wp\/v2\/product_brand?post=7507"},{"taxonomy":"product_cat","embeddable":true,"href":"https:\/\/etev7e.pef.czu.cz\/zs2223\/wp-json\/wp\/v2\/product_cat?post=7507"},{"taxonomy":"product_tag","embeddable":true,"href":"https:\/\/etev7e.pef.czu.cz\/zs2223\/wp-json\/wp\/v2\/product_tag?post=7507"}],"curies":[{"name":"wp","href":"https:\/\/api.w.org\/{rel}","templated":true}]}}