{"id":7561,"date":"2025-11-09T11:14:06","date_gmt":"2025-11-09T10:14:06","guid":{"rendered":"https:\/\/etev7e.pef.czu.cz\/zs2223\/?post_type=product&#038;p=7561"},"modified":"2025-11-09T19:50:32","modified_gmt":"2025-11-09T18:50:32","slug":"vilgain-whey-protein","status":"publish","type":"product","link":"https:\/\/etev7e.pef.czu.cz\/zs2223\/produkt\/vilgain-whey-protein\/","title":{"rendered":"PRE-WORKOUT Vilgain &#8211; Jablko a Kiw"},"content":{"rendered":"<p>Vilgain Pre-Workout je vysoce \u00fa\u010dinn\u00fd dopln\u011bk stravy, navr\u017een\u00fd tak, aby dodal energii, s\u00edlu a zlep\u0161il koncentraci p\u0159ed sportovn\u00edm v\u00fdkonem, a to d\u00edky unik\u00e1tn\u00ed kombinaci stimulant\u016f, aminokyselin a vitam\u00edn\u016f. Bez ohledu na to, zda cvi\u010d\u00edte vytrvalostn\u011b, silov\u011b nebo na maxim\u00e1ln\u00ed intenzitu. Produkt je d\u00e1le dostupn\u00fd v p\u0159\u00edchut\u00edch Citronov\u00fd ledov\u00fd \u010daj a Pomeran\u010d s broskv\u00ed a je bez um\u011bl\u00fdch sladidel.<\/p>\n","protected":false},"excerpt":{"rendered":"<p>Vilgain Pre-Workout je vysoce \u00fa\u010dinn\u00fd dopln\u011bk stravy, navr\u017een\u00fd tak, aby dodal energii, s\u00edlu a zlep\u0161il koncentraci p\u0159ed sportovn\u00edm v\u00fdkonem, a to d\u00edky unik\u00e1tn\u00ed kombinaci stimulant\u016f, aminokyselin a vitam\u00edn\u016f. Bez ohledu na to, zda cvi\u010d\u00edte vytrvalostn\u011b, silov\u011b nebo na maxim\u00e1ln\u00ed intenzitu. Produkt je d\u00e1le dostupn\u00fd v p\u0159\u00edchut\u00edch Citronov\u00fd ledov\u00fd \u010daj a Pomeran\u010d s broskv\u00ed a je [&hellip;]<\/p>\n","protected":false},"featured_media":7675,"comment_status":"open","ping_status":"closed","template":"","meta":[],"product_brand":[],"product_cat":[1892],"product_tag":[192,2221,2220,2222],"class_list":{"0":"post-7561","1":"product","2":"type-product","3":"status-publish","4":"has-post-thumbnail","6":"product_cat-doplnkystravy2025","7":"product_tag-doplnky-stravy","8":"product_tag-nakopavac","9":"product_tag-pre-workout","10":"product_tag-stimulanty","12":"first","13":"instock","14":"taxable","15":"shipping-taxable","16":"purchasable","17":"product-type-simple"},"jetpack_sharing_enabled":true,"_links":{"self":[{"href":"https:\/\/etev7e.pef.czu.cz\/zs2223\/wp-json\/wp\/v2\/product\/7561","targetHints":{"allow":["GET"]}}],"collection":[{"href":"https:\/\/etev7e.pef.czu.cz\/zs2223\/wp-json\/wp\/v2\/product"}],"about":[{"href":"https:\/\/etev7e.pef.czu.cz\/zs2223\/wp-json\/wp\/v2\/types\/product"}],"replies":[{"embeddable":true,"href":"https:\/\/etev7e.pef.czu.cz\/zs2223\/wp-json\/wp\/v2\/comments?post=7561"}],"wp:featuredmedia":[{"embeddable":true,"href":"https:\/\/etev7e.pef.czu.cz\/zs2223\/wp-json\/wp\/v2\/media\/7675"}],"wp:attachment":[{"href":"https:\/\/etev7e.pef.czu.cz\/zs2223\/wp-json\/wp\/v2\/media?parent=7561"}],"wp:term":[{"taxonomy":"product_brand","embeddable":true,"href":"https:\/\/etev7e.pef.czu.cz\/zs2223\/wp-json\/wp\/v2\/product_brand?post=7561"},{"taxonomy":"product_cat","embeddable":true,"href":"https:\/\/etev7e.pef.czu.cz\/zs2223\/wp-json\/wp\/v2\/product_cat?post=7561"},{"taxonomy":"product_tag","embeddable":true,"href":"https:\/\/etev7e.pef.czu.cz\/zs2223\/wp-json\/wp\/v2\/product_tag?post=7561"}],"curies":[{"name":"wp","href":"https:\/\/api.w.org\/{rel}","templated":true}]}}