{"id":7562,"date":"2025-11-09T11:57:25","date_gmt":"2025-11-09T10:57:25","guid":{"rendered":"https:\/\/etev7e.pef.czu.cz\/zs2223\/?post_type=product&#038;p=7562"},"modified":"2025-11-09T12:06:33","modified_gmt":"2025-11-09T11:06:33","slug":"lumen-citrine","status":"publish","type":"product","link":"https:\/\/etev7e.pef.czu.cz\/zs2223\/produkt\/lumen-citrine\/","title":{"rendered":"Lumen Citrine"},"content":{"rendered":"<p>Jisk\u0159iv\u00e1 citrusov\u011b\u2011aromatick\u00e1 v\u016fn\u011b, kter\u00e1 otev\u00edr\u00e1 den jako prvn\u00ed slune\u010dn\u00ed paprsek. \u0160\u0165avnat\u00fd bergamot a citron se m\u00eds\u00ed s listy verbeny a jemn\u00fdm b\u00edl\u00fdm pi\u017emem pro \u010dist\u00fd, modern\u00ed dojem. Ide\u00e1ln\u00ed na denn\u00ed no\u0161en\u00ed, jaro a\u017e l\u00e9to.<br \/>\nSlo\u017een\u00ed v\u016fn\u011b:<br \/>\n&#8211; Hlava: bergamot, citron, grapefruit<br \/>\n&#8211; Srdce: verbena, neroli, zelen\u00e1 bazalka<br \/>\n&#8211; Z\u00e1klad: b\u00edl\u00e9 pi\u017emo, vetiver, lehk\u00e9 d\u0159evo<\/p>\n","protected":false},"excerpt":{"rendered":"<p>Jisk\u0159iv\u00e1 citrusov\u011b\u2011aromatick\u00e1 v\u016fn\u011b, kter\u00e1 otev\u00edr\u00e1 den jako prvn\u00ed slune\u010dn\u00ed paprsek.<br \/>\nRodina v\u016fn\u00ed: citrusn\u011b\u2011aromatick\u00e1<\/p>\n","protected":false},"featured_media":7565,"comment_status":"open","ping_status":"closed","template":"","meta":[],"product_brand":[2223],"product_cat":[1367],"product_tag":[1096,330,317],"class_list":{"0":"post-7562","1":"product","2":"type-product","3":"status-publish","4":"has-post-thumbnail","6":"product_brand-eau-de-parfum","7":"product_cat-parfemy-7","8":"product_tag-damske-parfemy","9":"product_tag-parfemy","10":"product_tag-vune","12":"first","13":"instock","14":"sale","15":"featured","16":"taxable","17":"shipping-taxable","18":"purchasable","19":"product-type-simple"},"jetpack_sharing_enabled":true,"_links":{"self":[{"href":"https:\/\/etev7e.pef.czu.cz\/zs2223\/wp-json\/wp\/v2\/product\/7562","targetHints":{"allow":["GET"]}}],"collection":[{"href":"https:\/\/etev7e.pef.czu.cz\/zs2223\/wp-json\/wp\/v2\/product"}],"about":[{"href":"https:\/\/etev7e.pef.czu.cz\/zs2223\/wp-json\/wp\/v2\/types\/product"}],"replies":[{"embeddable":true,"href":"https:\/\/etev7e.pef.czu.cz\/zs2223\/wp-json\/wp\/v2\/comments?post=7562"}],"wp:featuredmedia":[{"embeddable":true,"href":"https:\/\/etev7e.pef.czu.cz\/zs2223\/wp-json\/wp\/v2\/media\/7565"}],"wp:attachment":[{"href":"https:\/\/etev7e.pef.czu.cz\/zs2223\/wp-json\/wp\/v2\/media?parent=7562"}],"wp:term":[{"taxonomy":"product_brand","embeddable":true,"href":"https:\/\/etev7e.pef.czu.cz\/zs2223\/wp-json\/wp\/v2\/product_brand?post=7562"},{"taxonomy":"product_cat","embeddable":true,"href":"https:\/\/etev7e.pef.czu.cz\/zs2223\/wp-json\/wp\/v2\/product_cat?post=7562"},{"taxonomy":"product_tag","embeddable":true,"href":"https:\/\/etev7e.pef.czu.cz\/zs2223\/wp-json\/wp\/v2\/product_tag?post=7562"}],"curies":[{"name":"wp","href":"https:\/\/api.w.org\/{rel}","templated":true}]}}