{"id":7568,"date":"2025-11-09T12:17:53","date_gmt":"2025-11-09T11:17:53","guid":{"rendered":"https:\/\/etev7e.pef.czu.cz\/zs2223\/?post_type=product&#038;p=7568"},"modified":"2025-11-09T12:23:14","modified_gmt":"2025-11-09T11:23:14","slug":"velvet-peony-no-7","status":"publish","type":"product","link":"https:\/\/etev7e.pef.czu.cz\/zs2223\/produkt\/velvet-peony-no-7\/","title":{"rendered":"Velvet Peony No.7"},"content":{"rendered":"<p>Sametov\u011b kv\u011btinov\u00e1 kompozice, kter\u00e1 kombinuje pivo\u0148ku, r\u016f\u017ei a \u0161\u0165avnat\u00e9 li\u010di s kr\u00e9mov\u00fdm santalem. Elegantn\u00ed, romantick\u00e1 a velmi \u017eensk\u00e1, ide\u00e1ln\u00ed do kancel\u00e1\u0159e i na ve\u010der.<\/p>\n<p>Slo\u017een\u00ed v\u016fn\u011b:<br \/>\n&#8211; Hlava: li\u010di, r\u016f\u017eov\u00fd pep\u0159, bergamot<br \/>\n&#8211; Srdce: pivo\u0148ka, r\u016f\u017ee dama\u0161sk\u00e1, magnolie<br \/>\n&#8211; Z\u00e1klad: santalov\u00e9 d\u0159evo, ambroxan, b\u00edl\u00e9 pi\u017emo<\/p>\n","protected":false},"excerpt":{"rendered":"<p>Elegantn\u00ed kv\u011btinov\u00e1 v\u016fn\u011b pro ka\u017edou \u017eenu.<\/p>\n","protected":false},"featured_media":7570,"comment_status":"open","ping_status":"closed","template":"","meta":[],"product_brand":[2223],"product_cat":[1367],"product_tag":[330,725,317],"class_list":{"0":"post-7568","1":"product","2":"type-product","3":"status-publish","4":"has-post-thumbnail","6":"product_brand-eau-de-parfum","7":"product_cat-parfemy-7","8":"product_tag-parfemy","9":"product_tag-pece-o-plet","10":"product_tag-vune","12":"first","13":"instock","14":"taxable","15":"shipping-taxable","16":"purchasable","17":"product-type-simple"},"jetpack_sharing_enabled":true,"_links":{"self":[{"href":"https:\/\/etev7e.pef.czu.cz\/zs2223\/wp-json\/wp\/v2\/product\/7568","targetHints":{"allow":["GET"]}}],"collection":[{"href":"https:\/\/etev7e.pef.czu.cz\/zs2223\/wp-json\/wp\/v2\/product"}],"about":[{"href":"https:\/\/etev7e.pef.czu.cz\/zs2223\/wp-json\/wp\/v2\/types\/product"}],"replies":[{"embeddable":true,"href":"https:\/\/etev7e.pef.czu.cz\/zs2223\/wp-json\/wp\/v2\/comments?post=7568"}],"wp:featuredmedia":[{"embeddable":true,"href":"https:\/\/etev7e.pef.czu.cz\/zs2223\/wp-json\/wp\/v2\/media\/7570"}],"wp:attachment":[{"href":"https:\/\/etev7e.pef.czu.cz\/zs2223\/wp-json\/wp\/v2\/media?parent=7568"}],"wp:term":[{"taxonomy":"product_brand","embeddable":true,"href":"https:\/\/etev7e.pef.czu.cz\/zs2223\/wp-json\/wp\/v2\/product_brand?post=7568"},{"taxonomy":"product_cat","embeddable":true,"href":"https:\/\/etev7e.pef.czu.cz\/zs2223\/wp-json\/wp\/v2\/product_cat?post=7568"},{"taxonomy":"product_tag","embeddable":true,"href":"https:\/\/etev7e.pef.czu.cz\/zs2223\/wp-json\/wp\/v2\/product_tag?post=7568"}],"curies":[{"name":"wp","href":"https:\/\/api.w.org\/{rel}","templated":true}]}}