{"id":7573,"date":"2025-11-09T12:30:55","date_gmt":"2025-11-09T11:30:55","guid":{"rendered":"https:\/\/etev7e.pef.czu.cz\/zs2223\/?post_type=product&#038;p=7573"},"modified":"2025-11-09T12:30:55","modified_gmt":"2025-11-09T11:30:55","slug":"noir-atlas-vetiver","status":"publish","type":"product","link":"https:\/\/etev7e.pef.czu.cz\/zs2223\/produkt\/noir-atlas-vetiver\/","title":{"rendered":"Noir Atlas Vetiver"},"content":{"rendered":"<p>Charismatick\u00e1 d\u0159evit\u011b\u2011ko\u0159enit\u00e1 v\u016fn\u011b s v\u00fdrazn\u00fdm haitsk\u00fdm vetiverem, atlask\u00fdm cedrem a ambrou. Modern\u00ed, sebev\u011bdom\u00e1, ide\u00e1ln\u00ed na podzim\/zimu a ve\u010dern\u00ed p\u0159\u00edle\u017eitosti.<br \/>\nSlo\u017een\u00ed v\u016fn\u011b:<br \/>\n&#8211; Hlava: bergamot, kardamom, r\u016f\u017eov\u00fd pep\u0159<br \/>\n&#8211; Srdce: vetiver Haiti, \u0161alv\u011bj, cedr Atlas<br \/>\n&#8211; Z\u00e1klad: pa\u010duli, ambra, guajakov\u00e9 d\u0159evo<\/p>\n","protected":false},"excerpt":{"rendered":"<p>P\u00e1nsk\u00e1 v\u016fn\u011b s v\u00fdrazn\u00fdm haitsk\u00fdm vetiverem, ide\u00e1ln\u00ed na ve\u010dern\u00ed p\u0159\u00edle\u017eitosti.<br \/>\nRodina v\u016fn\u00ed: d\u0159evit\u011b\u2011ko\u0159enit\u00e1<\/p>\n","protected":false},"featured_media":7574,"comment_status":"open","ping_status":"closed","template":"","meta":[],"product_brand":[2223],"product_cat":[1367],"product_tag":[997,1099,330,317],"class_list":{"0":"post-7573","1":"product","2":"type-product","3":"status-publish","4":"has-post-thumbnail","6":"product_brand-eau-de-parfum","7":"product_cat-parfemy-7","8":"product_tag-drogerie","9":"product_tag-panske-parfemy","10":"product_tag-parfemy","11":"product_tag-vune","13":"first","14":"instock","15":"taxable","16":"shipping-taxable","17":"purchasable","18":"product-type-simple"},"jetpack_sharing_enabled":true,"_links":{"self":[{"href":"https:\/\/etev7e.pef.czu.cz\/zs2223\/wp-json\/wp\/v2\/product\/7573","targetHints":{"allow":["GET"]}}],"collection":[{"href":"https:\/\/etev7e.pef.czu.cz\/zs2223\/wp-json\/wp\/v2\/product"}],"about":[{"href":"https:\/\/etev7e.pef.czu.cz\/zs2223\/wp-json\/wp\/v2\/types\/product"}],"replies":[{"embeddable":true,"href":"https:\/\/etev7e.pef.czu.cz\/zs2223\/wp-json\/wp\/v2\/comments?post=7573"}],"wp:featuredmedia":[{"embeddable":true,"href":"https:\/\/etev7e.pef.czu.cz\/zs2223\/wp-json\/wp\/v2\/media\/7574"}],"wp:attachment":[{"href":"https:\/\/etev7e.pef.czu.cz\/zs2223\/wp-json\/wp\/v2\/media?parent=7573"}],"wp:term":[{"taxonomy":"product_brand","embeddable":true,"href":"https:\/\/etev7e.pef.czu.cz\/zs2223\/wp-json\/wp\/v2\/product_brand?post=7573"},{"taxonomy":"product_cat","embeddable":true,"href":"https:\/\/etev7e.pef.czu.cz\/zs2223\/wp-json\/wp\/v2\/product_cat?post=7573"},{"taxonomy":"product_tag","embeddable":true,"href":"https:\/\/etev7e.pef.czu.cz\/zs2223\/wp-json\/wp\/v2\/product_tag?post=7573"}],"curies":[{"name":"wp","href":"https:\/\/api.w.org\/{rel}","templated":true}]}}