{"id":7576,"date":"2025-11-09T12:38:03","date_gmt":"2025-11-09T11:38:03","guid":{"rendered":"https:\/\/etev7e.pef.czu.cz\/zs2223\/?post_type=product&#038;p=7576"},"modified":"2025-11-09T12:38:03","modified_gmt":"2025-11-09T11:38:03","slug":"bohemian-oud-amber","status":"publish","type":"product","link":"https:\/\/etev7e.pef.czu.cz\/zs2223\/produkt\/bohemian-oud-amber\/","title":{"rendered":"Bohemian Oud Amber"},"content":{"rendered":"<p>Smysln\u00e1 orient\u00e1ln\u011b\u2011ambra v\u016fn\u011b s noblesn\u00edm oudem, \u0161afr\u00e1nem a labdanem. Zahaluj\u00edc\u00ed, dlouhotrvaj\u00edc\u00ed a velmi v\u00fdrazn\u00e1, vhodn\u00e1 na chladn\u011bj\u0161\u00ed dny a ve\u010dern\u00ed akce.<br \/>\nSlo\u017een\u00ed v\u016fn\u011b:<br \/>\n&#8211; Hlava: \u0161afr\u00e1n, r\u016f\u017eov\u00fd pep\u0159, bergamot<br \/>\n&#8211; Srdce: r\u016f\u017ee, oud (agarov\u00e9 d\u0159evo), kadidlo<br \/>\n&#8211; Z\u00e1klad: ambra, labdanum, vanilka, tonka<\/p>\n","protected":false},"excerpt":{"rendered":"<p>Unisex orient\u00e1ln\u00ed v\u016fn\u011b s ambrou a oudem. Smysln\u00e1, v\u00fdrazn\u00e1 a dlouhotrvaj\u00edc\u00ed \u2013 ide\u00e1ln\u00ed pro chladn\u00e9 dny i ve\u010dern\u00ed p\u0159\u00edle\u017eitosti.<br \/>\nRodina v\u016fn\u00ed: orient\u00e1ln\u011b\u2011ambra<\/p>\n","protected":false},"featured_media":7577,"comment_status":"open","ping_status":"closed","template":"","meta":[],"product_brand":[2223],"product_cat":[1367],"product_tag":[1096,997,1099,330,1091,317],"class_list":{"0":"post-7576","1":"product","2":"type-product","3":"status-publish","4":"has-post-thumbnail","6":"product_brand-eau-de-parfum","7":"product_cat-parfemy-7","8":"product_tag-damske-parfemy","9":"product_tag-drogerie","10":"product_tag-panske-parfemy","11":"product_tag-parfemy","12":"product_tag-unisex","13":"product_tag-vune","15":"first","16":"instock","17":"taxable","18":"shipping-taxable","19":"purchasable","20":"product-type-simple"},"jetpack_sharing_enabled":true,"_links":{"self":[{"href":"https:\/\/etev7e.pef.czu.cz\/zs2223\/wp-json\/wp\/v2\/product\/7576","targetHints":{"allow":["GET"]}}],"collection":[{"href":"https:\/\/etev7e.pef.czu.cz\/zs2223\/wp-json\/wp\/v2\/product"}],"about":[{"href":"https:\/\/etev7e.pef.czu.cz\/zs2223\/wp-json\/wp\/v2\/types\/product"}],"replies":[{"embeddable":true,"href":"https:\/\/etev7e.pef.czu.cz\/zs2223\/wp-json\/wp\/v2\/comments?post=7576"}],"wp:featuredmedia":[{"embeddable":true,"href":"https:\/\/etev7e.pef.czu.cz\/zs2223\/wp-json\/wp\/v2\/media\/7577"}],"wp:attachment":[{"href":"https:\/\/etev7e.pef.czu.cz\/zs2223\/wp-json\/wp\/v2\/media?parent=7576"}],"wp:term":[{"taxonomy":"product_brand","embeddable":true,"href":"https:\/\/etev7e.pef.czu.cz\/zs2223\/wp-json\/wp\/v2\/product_brand?post=7576"},{"taxonomy":"product_cat","embeddable":true,"href":"https:\/\/etev7e.pef.czu.cz\/zs2223\/wp-json\/wp\/v2\/product_cat?post=7576"},{"taxonomy":"product_tag","embeddable":true,"href":"https:\/\/etev7e.pef.czu.cz\/zs2223\/wp-json\/wp\/v2\/product_tag?post=7576"}],"curies":[{"name":"wp","href":"https:\/\/api.w.org\/{rel}","templated":true}]}}