{"id":7588,"date":"2025-11-09T13:49:17","date_gmt":"2025-11-09T12:49:17","guid":{"rendered":"https:\/\/etev7e.pef.czu.cz\/zs2223\/?post_type=product&#038;p=7588"},"modified":"2025-11-10T22:04:55","modified_gmt":"2025-11-10T21:04:55","slug":"lego-harry-potter-mandragora","status":"publish","type":"product","link":"https:\/\/etev7e.pef.czu.cz\/zs2223\/produkt\/lego-harry-potter-mandragora\/","title":{"rendered":"LEGO Harry Potter &#8211; Mandragora"},"content":{"rendered":"<p>Objev kouzlo bylink\u00e1\u0159stv\u00ed z Bradavic! LEGO Harry Potter Mandragora t\u011b p\u0159enese p\u0159\u00edmo do sklen\u00edku profesorky Pr\u00fdtov\u00e9, kde se p\u011bstuj\u00ed tyto legend\u00e1rn\u00ed kouzeln\u00e9 rostliny.<\/p>\n<p>Model zachycuje mandragoru v jej\u00ed typick\u00e9 podob\u011b \u2013 s v\u00fdrazn\u00fdm obli\u010dejem a dlouh\u00fdmi zelen\u00fdmi listy. Mandragoru m\u016f\u017ee\u0161 vyjmout z kv\u011btin\u00e1\u010de, jej\u00ed listy jsou pohybliv\u00e9 a p\u0159i vyta\u017een\u00ed se rozlo\u017e\u00ed \u2013 otev\u0159e \u00fasta a vypad\u00e1, jako by pr\u00e1v\u011b vyd\u00e1vala sv\u016fj slavn\u00fd \u201ev\u00fdk\u0159ik\u201c.<\/p>\n","protected":false},"excerpt":{"rendered":"<p>LEGO Harry Potter Mandragora zobrazuje ikonickou k\u0159i\u010d\u00edc\u00ed rostlinu z hodin bylink\u00e1\u0159stv\u00ed v Bradavic\u00edch, kterou si m\u016f\u017ee\u0161 sestavit a vystavit \u2014 dokonce se p\u0159i vyta\u017een\u00ed z kv\u011btin\u00e1\u010de h\u00fdbe<\/p>\n","protected":false},"featured_media":7591,"comment_status":"open","ping_status":"closed","template":"","meta":[],"product_brand":[],"product_cat":[2061],"product_tag":[370,1068,550],"class_list":{"0":"post-7588","1":"product","2":"type-product","3":"status-publish","4":"has-post-thumbnail","6":"product_cat-lego-stavebnice-2025","7":"product_tag-dekorace","8":"product_tag-harry-potter","9":"product_tag-stavebnice","11":"first","12":"instock","13":"sale","14":"taxable","15":"shipping-taxable","16":"purchasable","17":"product-type-simple"},"jetpack_sharing_enabled":true,"_links":{"self":[{"href":"https:\/\/etev7e.pef.czu.cz\/zs2223\/wp-json\/wp\/v2\/product\/7588","targetHints":{"allow":["GET"]}}],"collection":[{"href":"https:\/\/etev7e.pef.czu.cz\/zs2223\/wp-json\/wp\/v2\/product"}],"about":[{"href":"https:\/\/etev7e.pef.czu.cz\/zs2223\/wp-json\/wp\/v2\/types\/product"}],"replies":[{"embeddable":true,"href":"https:\/\/etev7e.pef.czu.cz\/zs2223\/wp-json\/wp\/v2\/comments?post=7588"}],"wp:featuredmedia":[{"embeddable":true,"href":"https:\/\/etev7e.pef.czu.cz\/zs2223\/wp-json\/wp\/v2\/media\/7591"}],"wp:attachment":[{"href":"https:\/\/etev7e.pef.czu.cz\/zs2223\/wp-json\/wp\/v2\/media?parent=7588"}],"wp:term":[{"taxonomy":"product_brand","embeddable":true,"href":"https:\/\/etev7e.pef.czu.cz\/zs2223\/wp-json\/wp\/v2\/product_brand?post=7588"},{"taxonomy":"product_cat","embeddable":true,"href":"https:\/\/etev7e.pef.czu.cz\/zs2223\/wp-json\/wp\/v2\/product_cat?post=7588"},{"taxonomy":"product_tag","embeddable":true,"href":"https:\/\/etev7e.pef.czu.cz\/zs2223\/wp-json\/wp\/v2\/product_tag?post=7588"}],"curies":[{"name":"wp","href":"https:\/\/api.w.org\/{rel}","templated":true}]}}