{"id":7607,"date":"2025-11-09T15:59:05","date_gmt":"2025-11-09T14:59:05","guid":{"rendered":"https:\/\/etev7e.pef.czu.cz\/zs2223\/?post_type=product&#038;p=7607"},"modified":"2025-11-09T19:50:04","modified_gmt":"2025-11-09T18:50:04","slug":"brainmax-no-booster-extreme","status":"publish","type":"product","link":"https:\/\/etev7e.pef.czu.cz\/zs2223\/produkt\/brainmax-no-booster-extreme\/","title":{"rendered":"BrainMax No Booster Extreme"},"content":{"rendered":"<p>BrainMax No Booster Extreme je \u0161pi\u010dkov\u00fd p\u0159edtr\u00e9ninkov\u00fd dopln\u011bk ur\u010den\u00fd pro maxim\u00e1ln\u00ed podporu fyzick\u00e9ho i ment\u00e1ln\u00edho v\u00fdkonu. Kombinuje synergicky p\u016fsob\u00edc\u00ed l\u00e1tky, kter\u00e9 zvy\u0161uj\u00ed energii, soust\u0159ed\u011bn\u00ed, vytrvalost a prokrven\u00ed sval\u016f. Obsahuje komplex \u00fa\u010dinn\u00fdch l\u00e1tek, kter\u00e9 podporuj\u00ed p\u0159irozenou tvorbu oxidu dusnat\u00e9ho a dod\u00e1vaj\u00ed t\u011blu pot\u0159ebnou s\u00edlu a motivaci pro n\u00e1ro\u010dn\u00fd tr\u00e9nink. Produkt je nav\u00edc obohacen o vitam\u00edny skupiny B a antioxidanty pro podporu regenerace a vitality.<\/p>\n","protected":false},"excerpt":{"rendered":"<p>BrainMax No Booster Extreme je \u0161pi\u010dkov\u00fd p\u0159edtr\u00e9ninkov\u00fd dopln\u011bk ur\u010den\u00fd pro maxim\u00e1ln\u00ed podporu fyzick\u00e9ho i ment\u00e1ln\u00edho v\u00fdkonu. Kombinuje synergicky p\u016fsob\u00edc\u00ed l\u00e1tky, kter\u00e9 zvy\u0161uj\u00ed energii, soust\u0159ed\u011bn\u00ed, vytrvalost a prokrven\u00ed sval\u016f. Obsahuje komplex \u00fa\u010dinn\u00fdch l\u00e1tek, kter\u00e9 podporuj\u00ed p\u0159irozenou tvorbu oxidu dusnat\u00e9ho a dod\u00e1vaj\u00ed t\u011blu pot\u0159ebnou s\u00edlu a motivaci pro n\u00e1ro\u010dn\u00fd tr\u00e9nink. Produkt je nav\u00edc obohacen o vitam\u00edny skupiny [&hellip;]<\/p>\n","protected":false},"featured_media":7678,"comment_status":"open","ping_status":"closed","template":"","meta":[],"product_brand":[],"product_cat":[1892],"product_tag":[192,2224,2225],"class_list":{"0":"post-7607","1":"product","2":"type-product","3":"status-publish","4":"has-post-thumbnail","6":"product_cat-doplnkystravy2025","7":"product_tag-doplnky-stravy","8":"product_tag-pump-produkty","9":"product_tag-vykon-a-sila","11":"first","12":"instock","13":"taxable","14":"shipping-taxable","15":"purchasable","16":"product-type-simple"},"jetpack_sharing_enabled":true,"_links":{"self":[{"href":"https:\/\/etev7e.pef.czu.cz\/zs2223\/wp-json\/wp\/v2\/product\/7607","targetHints":{"allow":["GET"]}}],"collection":[{"href":"https:\/\/etev7e.pef.czu.cz\/zs2223\/wp-json\/wp\/v2\/product"}],"about":[{"href":"https:\/\/etev7e.pef.czu.cz\/zs2223\/wp-json\/wp\/v2\/types\/product"}],"replies":[{"embeddable":true,"href":"https:\/\/etev7e.pef.czu.cz\/zs2223\/wp-json\/wp\/v2\/comments?post=7607"}],"wp:featuredmedia":[{"embeddable":true,"href":"https:\/\/etev7e.pef.czu.cz\/zs2223\/wp-json\/wp\/v2\/media\/7678"}],"wp:attachment":[{"href":"https:\/\/etev7e.pef.czu.cz\/zs2223\/wp-json\/wp\/v2\/media?parent=7607"}],"wp:term":[{"taxonomy":"product_brand","embeddable":true,"href":"https:\/\/etev7e.pef.czu.cz\/zs2223\/wp-json\/wp\/v2\/product_brand?post=7607"},{"taxonomy":"product_cat","embeddable":true,"href":"https:\/\/etev7e.pef.czu.cz\/zs2223\/wp-json\/wp\/v2\/product_cat?post=7607"},{"taxonomy":"product_tag","embeddable":true,"href":"https:\/\/etev7e.pef.czu.cz\/zs2223\/wp-json\/wp\/v2\/product_tag?post=7607"}],"curies":[{"name":"wp","href":"https:\/\/api.w.org\/{rel}","templated":true}]}}