{"id":7611,"date":"2025-11-09T16:08:08","date_gmt":"2025-11-09T15:08:08","guid":{"rendered":"https:\/\/etev7e.pef.czu.cz\/zs2223\/?post_type=product&#038;p=7611"},"modified":"2025-11-09T19:46:43","modified_gmt":"2025-11-09T18:46:43","slug":"vilgain-whey-protein-2","status":"publish","type":"product","link":"https:\/\/etev7e.pef.czu.cz\/zs2223\/produkt\/vilgain-whey-protein-2\/","title":{"rendered":"Vilgain Whey Protein"},"content":{"rendered":"<p>Pr\u00e9miov\u00fd syrov\u00e1tkov\u00fd protein Vilgain Whey Protein v p\u0159\u00edchuti sko\u0159icov\u00fdch lup\u00ednk\u016f kombinuje lahodnou chu\u0165 se \u0161pi\u010dkovou kvalitou b\u00edlkovin z ml\u00e9ka voln\u011b pasen\u00fdch krav. Obsahuje a\u017e 80 % b\u00edlkovin, kter\u00e9 p\u0159isp\u00edvaj\u00ed k r\u016fstu a udr\u017een\u00ed svalov\u00e9 hmoty i zdrav\u00ed kost\u00ed. Protein je vyroben \u0161etrnou metodou mikrofiltrace, kter\u00e1 zachov\u00e1v\u00e1 p\u0159irozenou strukturu b\u00edlkovin a zaji\u0161\u0165uje jejich v\u00fdbornou vst\u0159ebatelnost. D\u00edky p\u0159\u00edrodn\u00edmu aroma a minim\u00e1ln\u00edmu mno\u017estv\u00ed sladidla m\u00e1 jemnou, autentickou chu\u0165 sko\u0159icov\u00fdch cere\u00e1li\u00ed, kter\u00e1 neomrz\u00ed ani p\u0159i ka\u017edodenn\u00edm pou\u017e\u00edv\u00e1n\u00ed.<\/p>\n","protected":false},"excerpt":{"rendered":"<p>Pr\u00e9miov\u00fd syrov\u00e1tkov\u00fd protein Vilgain Whey Protein v p\u0159\u00edchuti sko\u0159icov\u00fdch lup\u00ednk\u016f kombinuje lahodnou chu\u0165 se \u0161pi\u010dkovou kvalitou b\u00edlkovin z ml\u00e9ka voln\u011b pasen\u00fdch krav. Obsahuje a\u017e 80 % b\u00edlkovin, kter\u00e9 p\u0159isp\u00edvaj\u00ed k r\u016fstu a udr\u017een\u00ed svalov\u00e9 hmoty i zdrav\u00ed kost\u00ed. Protein je vyroben \u0161etrnou metodou mikrofiltrace, kter\u00e1 zachov\u00e1v\u00e1 p\u0159irozenou strukturu b\u00edlkovin a zaji\u0161\u0165uje jejich v\u00fdbornou vst\u0159ebatelnost. D\u00edky [&hellip;]<\/p>\n","protected":false},"featured_media":7676,"comment_status":"open","ping_status":"closed","template":"","meta":[],"product_brand":[],"product_cat":[1892],"product_tag":[2218,192,201,2228],"class_list":{"0":"post-7611","1":"product","2":"type-product","3":"status-publish","4":"has-post-thumbnail","6":"product_cat-doplnkystravy2025","7":"product_tag-doplnky-pro-rust-svalu","8":"product_tag-doplnky-stravy","9":"product_tag-protein","10":"product_tag-sportovni-vyziva","12":"first","13":"instock","14":"taxable","15":"shipping-taxable","16":"purchasable","17":"product-type-simple"},"jetpack_sharing_enabled":true,"_links":{"self":[{"href":"https:\/\/etev7e.pef.czu.cz\/zs2223\/wp-json\/wp\/v2\/product\/7611","targetHints":{"allow":["GET"]}}],"collection":[{"href":"https:\/\/etev7e.pef.czu.cz\/zs2223\/wp-json\/wp\/v2\/product"}],"about":[{"href":"https:\/\/etev7e.pef.czu.cz\/zs2223\/wp-json\/wp\/v2\/types\/product"}],"replies":[{"embeddable":true,"href":"https:\/\/etev7e.pef.czu.cz\/zs2223\/wp-json\/wp\/v2\/comments?post=7611"}],"wp:featuredmedia":[{"embeddable":true,"href":"https:\/\/etev7e.pef.czu.cz\/zs2223\/wp-json\/wp\/v2\/media\/7676"}],"wp:attachment":[{"href":"https:\/\/etev7e.pef.czu.cz\/zs2223\/wp-json\/wp\/v2\/media?parent=7611"}],"wp:term":[{"taxonomy":"product_brand","embeddable":true,"href":"https:\/\/etev7e.pef.czu.cz\/zs2223\/wp-json\/wp\/v2\/product_brand?post=7611"},{"taxonomy":"product_cat","embeddable":true,"href":"https:\/\/etev7e.pef.czu.cz\/zs2223\/wp-json\/wp\/v2\/product_cat?post=7611"},{"taxonomy":"product_tag","embeddable":true,"href":"https:\/\/etev7e.pef.czu.cz\/zs2223\/wp-json\/wp\/v2\/product_tag?post=7611"}],"curies":[{"name":"wp","href":"https:\/\/api.w.org\/{rel}","templated":true}]}}