{"id":7612,"date":"2025-11-09T16:38:44","date_gmt":"2025-11-09T15:38:44","guid":{"rendered":"https:\/\/etev7e.pef.czu.cz\/zs2223\/?post_type=product&#038;p=7612"},"modified":"2025-11-09T16:38:44","modified_gmt":"2025-11-09T15:38:44","slug":"svicka-woodwick-smoked-walnut-maple","status":"publish","type":"product","link":"https:\/\/etev7e.pef.czu.cz\/zs2223\/produkt\/svicka-woodwick-smoked-walnut-maple\/","title":{"rendered":"Sv\u00ed\u010dka WoodWick &#8211; Smoked walnut &amp; maple"},"content":{"rendered":"<p>Vonn\u00e1 sv\u00ed\u010dka\u00a0<strong>WoodWick Smoked Walnut &amp; Maple (85 g)<\/strong>\u00a0p\u0159in\u00e1\u0161\u00ed dokonalou rovnov\u00e1hu mezi bohatou v\u016fn\u00ed pra\u017een\u00fdch o\u0159ech\u016f, karamelov\u00e9ho javoru a kou\u0159ov\u00e9ho d\u0159eva. Jej\u00ed jedine\u010dn\u00fd charakter evokuje v\u016fni zimn\u00edho lesa, tepl\u00e9ho domova a \u010derstv\u011b upe\u010den\u00fdch dobrot, d\u00edky \u010demu\u017e se stane neodmyslitelnou sou\u010d\u00e1st\u00ed sv\u00e1te\u010dn\u00ed atmosf\u00e9ry. D\u0159ev\u011bn\u00fd knot p\u0159i ho\u0159en\u00ed jemn\u011b prask\u00e1, \u010d\u00edm\u017e p\u0159ipom\u00edn\u00e1 ohe\u0148 v krbu a dod\u00e1v\u00e1 ka\u017ed\u00e9 chv\u00edli pocit klidu a pohody. Sv\u00ed\u010dka je vyrobena z pr\u00e9miov\u00e9ho vosku pro \u010dist\u00e9 a rovnom\u011brn\u00e9 ho\u0159en\u00ed, a i p\u0159es svou men\u0161\u00ed velikost nab\u00edz\u00ed p\u0159ekvapiv\u011b intenzivn\u00ed v\u016fni. Elegantn\u00ed sklen\u011bn\u00e1 n\u00e1doba s d\u0159ev\u011bn\u00fdm v\u00ed\u010dkem z n\u00ed d\u011bl\u00e1 kr\u00e1sn\u00fd dopln\u011bk i mil\u00fd\u00a0<strong>v\u00e1no\u010dn\u00ed d\u00e1rek<\/strong>\u00a0pro ty, kte\u0159\u00ed oce\u0148uj\u00ed kvalitu, styl a tepl\u00e9 t\u00f3ny domova.<\/p>\n<p><strong>Vosk:\u00a0<\/strong>Vysoce kvalitn\u00ed paraf\u00edn a s\u00f3jov\u00e9 vosky jsou sm\u00edch\u00e1ny s vysoce koncentrovan\u00fdmi vonn\u00fdmi l\u00e1tkami a vytv\u00e1\u0159ej\u00ed kr\u00e1sn\u00fd plamen bez nep\u0159\u00edjemn\u00fdch zbytk\u016f.<\/p>\n<p><strong>V\u016fn\u011b:\u00a0<\/strong>Pe\u010dliv\u011b vybr\u00e1na a testov\u00e1na, aby sv\u00ed\u010dka naplnila m\u00edstnost svou dlouhotrvaj\u00edc\u00ed v\u016fn\u00ed. Sladk\u00e1 v\u016fn\u011b.<\/p>\n<p id=\"yui_3_18_1_1_1762460826759_18\"><span id=\"yui_3_18_1_1_1762460826759_17\"><strong>Knot:<\/strong>\u00a0Pluswick\u00ae Innovation, n\u00e1\u0161 exkluzivn\u00ed patentovan\u00fd d\u0159ev\u011bn\u00fd knot, vytv\u00e1\u0159\u00ed zvuk praskaj\u00edc\u00edho ohn\u011b. Knoty jsou ru\u010dn\u011b vyr\u00e1b\u011bny pro ka\u017edou sv\u00ed\u010dku a vytv\u00e1\u0159ej\u00ed tak velkorys\u00fd vosk s rychl\u00fdm uvol\u0148ov\u00e1n\u00edm v\u016fn\u011b.<\/span><\/p>\n<p>&nbsp;<\/p>\n","protected":false},"excerpt":{"rendered":"<p>Dop\u0159ejte si v\u016fni tepla, klidu a \u00fatulnosti s WoodWick Smoked Walnut &amp; Maple. Kombinace uzen\u00fdch o\u0159ech\u016f, javorov\u00e9ho sirupu a jemn\u00e9ho d\u0159eva vytv\u00e1\u0159\u00ed atmosf\u00e9ru praskaj\u00edc\u00edho krbu a sladk\u00fdch zimn\u00edch ve\u010der\u016f. Mal\u00e1, ale v\u00fdrazn\u00e1 sv\u00ed\u010dka, kter\u00e1 napln\u00ed domov h\u0159ejiv\u00fdm kouzlem V\u00e1noc.<\/p>\n","protected":false},"featured_media":7613,"comment_status":"open","ping_status":"closed","template":"","meta":[],"product_brand":[2030],"product_cat":[2031],"product_tag":[997,1649,466,752,317],"class_list":{"0":"post-7612","1":"product","2":"type-product","3":"status-publish","4":"has-post-thumbnail","6":"product_brand-woodwick","7":"product_cat-vonne-svicky-woodwick","8":"product_tag-drogerie","9":"product_tag-sladka-vune","10":"product_tag-svicka","11":"product_tag-vonne-svicky","12":"product_tag-vune","14":"first","15":"instock","16":"sale","17":"taxable","18":"shipping-taxable","19":"purchasable","20":"product-type-simple"},"jetpack_sharing_enabled":true,"_links":{"self":[{"href":"https:\/\/etev7e.pef.czu.cz\/zs2223\/wp-json\/wp\/v2\/product\/7612","targetHints":{"allow":["GET"]}}],"collection":[{"href":"https:\/\/etev7e.pef.czu.cz\/zs2223\/wp-json\/wp\/v2\/product"}],"about":[{"href":"https:\/\/etev7e.pef.czu.cz\/zs2223\/wp-json\/wp\/v2\/types\/product"}],"replies":[{"embeddable":true,"href":"https:\/\/etev7e.pef.czu.cz\/zs2223\/wp-json\/wp\/v2\/comments?post=7612"}],"wp:featuredmedia":[{"embeddable":true,"href":"https:\/\/etev7e.pef.czu.cz\/zs2223\/wp-json\/wp\/v2\/media\/7613"}],"wp:attachment":[{"href":"https:\/\/etev7e.pef.czu.cz\/zs2223\/wp-json\/wp\/v2\/media?parent=7612"}],"wp:term":[{"taxonomy":"product_brand","embeddable":true,"href":"https:\/\/etev7e.pef.czu.cz\/zs2223\/wp-json\/wp\/v2\/product_brand?post=7612"},{"taxonomy":"product_cat","embeddable":true,"href":"https:\/\/etev7e.pef.czu.cz\/zs2223\/wp-json\/wp\/v2\/product_cat?post=7612"},{"taxonomy":"product_tag","embeddable":true,"href":"https:\/\/etev7e.pef.czu.cz\/zs2223\/wp-json\/wp\/v2\/product_tag?post=7612"}],"curies":[{"name":"wp","href":"https:\/\/api.w.org\/{rel}","templated":true}]}}