{"id":7617,"date":"2025-11-09T16:53:51","date_gmt":"2025-11-09T15:53:51","guid":{"rendered":"https:\/\/etev7e.pef.czu.cz\/zs2223\/?post_type=product&#038;p=7617"},"modified":"2025-11-09T17:02:42","modified_gmt":"2025-11-09T16:02:42","slug":"akademicky-zahradnik","status":"publish","type":"product","link":"https:\/\/etev7e.pef.czu.cz\/zs2223\/produkt\/akademicky-zahradnik\/","title":{"rendered":"AKADEMICK\u00dd ZAHRADN\u00cdK &#8211; FIVE GAMES"},"content":{"rendered":"<p>Sta\u0148te se detektivy! Jste milovn\u00edci z\u00e1had a logick\u00e9ho my\u0161len\u00ed? Na rektor\u00e1tu do\u0161lo toti\u017e ke skand\u00e1lu &#8211; kl\u00ed\u010dov\u00fd dokument je pry\u010d! Pono\u0159te se do labyrintu univerzitn\u00edch chodeb, vysl\u00fdchejte podez\u0159el\u00e9 profesory a hledejte stopy. zjist\u011bte kdo, kde a s \u010d\u00edm sp\u00e1chal tuto akademickou neplechu!<\/p>\n","protected":false},"excerpt":{"rendered":"<p>Hra na 60-90 min. Pro pro 3-6 hr\u00e1\u010d\u016f. Vhodn\u00e9 od 10 let.<\/p>\n","protected":false},"featured_media":7620,"comment_status":"open","ping_status":"closed","template":"","meta":[],"product_brand":[2229],"product_cat":[2091],"product_tag":[681,305,301,903],"class_list":{"0":"post-7617","1":"product","2":"type-product","3":"status-publish","4":"has-post-thumbnail","6":"product_brand-five-games","7":"product_cat-deskove-hry-1","8":"product_tag-deskove-hry","9":"product_tag-hra","10":"product_tag-hry","11":"product_tag-zabava","13":"first","14":"instock","15":"sale","16":"taxable","17":"shipping-taxable","18":"purchasable","19":"product-type-simple"},"jetpack_sharing_enabled":true,"_links":{"self":[{"href":"https:\/\/etev7e.pef.czu.cz\/zs2223\/wp-json\/wp\/v2\/product\/7617","targetHints":{"allow":["GET"]}}],"collection":[{"href":"https:\/\/etev7e.pef.czu.cz\/zs2223\/wp-json\/wp\/v2\/product"}],"about":[{"href":"https:\/\/etev7e.pef.czu.cz\/zs2223\/wp-json\/wp\/v2\/types\/product"}],"replies":[{"embeddable":true,"href":"https:\/\/etev7e.pef.czu.cz\/zs2223\/wp-json\/wp\/v2\/comments?post=7617"}],"wp:featuredmedia":[{"embeddable":true,"href":"https:\/\/etev7e.pef.czu.cz\/zs2223\/wp-json\/wp\/v2\/media\/7620"}],"wp:attachment":[{"href":"https:\/\/etev7e.pef.czu.cz\/zs2223\/wp-json\/wp\/v2\/media?parent=7617"}],"wp:term":[{"taxonomy":"product_brand","embeddable":true,"href":"https:\/\/etev7e.pef.czu.cz\/zs2223\/wp-json\/wp\/v2\/product_brand?post=7617"},{"taxonomy":"product_cat","embeddable":true,"href":"https:\/\/etev7e.pef.czu.cz\/zs2223\/wp-json\/wp\/v2\/product_cat?post=7617"},{"taxonomy":"product_tag","embeddable":true,"href":"https:\/\/etev7e.pef.czu.cz\/zs2223\/wp-json\/wp\/v2\/product_tag?post=7617"}],"curies":[{"name":"wp","href":"https:\/\/api.w.org\/{rel}","templated":true}]}}