{"id":7623,"date":"2025-11-09T16:53:04","date_gmt":"2025-11-09T15:53:04","guid":{"rendered":"https:\/\/etev7e.pef.czu.cz\/zs2223\/?post_type=product&#038;p=7623"},"modified":"2025-11-09T17:58:53","modified_gmt":"2025-11-09T16:58:53","slug":"prijimacky","status":"publish","type":"product","link":"https:\/\/etev7e.pef.czu.cz\/zs2223\/produkt\/prijimacky\/","title":{"rendered":"P\u0158IJ\u00cdMA\u010cKY! &#8211; FIVE GAMES"},"content":{"rendered":"<p>Nast\u00e1v\u00e1 den D &#8211; p\u0159ij\u00edmac\u00ed zkou\u0161ky! Prosp\u011bli byste? Doka\u017ete sv\u00e9mu t\u00fdmu, \u017ee zvl\u00e1dnete nejt\u011b\u017e\u0161\u00ed akademick\u00e9 ot\u00e1zky v nov\u00e9 v\u011bdomostn\u00ed h\u0159e! Vysv\u011btlete kvantovou fyziku pomoc\u00ed pantomimy, nakreslete ekonometrick\u00fd model nebo popi\u0161te Antickou filosofii. T\u00fdm, kter\u00fd prok\u00e1\u017ee nejlep\u0161\u00ed p\u0159ehled, je p\u0159ijat!<\/p>\n","protected":false},"excerpt":{"rendered":"<p>Na motivy hen ACTIVITY. Hra na 45-60 min. Vhodn\u00e9 od 12 let. Pro 4-8 hr\u00e1\u010d\u016f, t\u00fdmy min. po dvojic\u00edch.<\/p>\n","protected":false},"featured_media":7621,"comment_status":"open","ping_status":"closed","template":"","meta":[],"product_brand":[2229],"product_cat":[2091],"product_tag":[681,305,301,903],"class_list":{"0":"post-7623","1":"product","2":"type-product","3":"status-publish","4":"has-post-thumbnail","6":"product_brand-five-games","7":"product_cat-deskove-hry-1","8":"product_tag-deskove-hry","9":"product_tag-hra","10":"product_tag-hry","11":"product_tag-zabava","13":"first","14":"instock","15":"sale","16":"taxable","17":"shipping-taxable","18":"purchasable","19":"product-type-simple"},"jetpack_sharing_enabled":true,"_links":{"self":[{"href":"https:\/\/etev7e.pef.czu.cz\/zs2223\/wp-json\/wp\/v2\/product\/7623","targetHints":{"allow":["GET"]}}],"collection":[{"href":"https:\/\/etev7e.pef.czu.cz\/zs2223\/wp-json\/wp\/v2\/product"}],"about":[{"href":"https:\/\/etev7e.pef.czu.cz\/zs2223\/wp-json\/wp\/v2\/types\/product"}],"replies":[{"embeddable":true,"href":"https:\/\/etev7e.pef.czu.cz\/zs2223\/wp-json\/wp\/v2\/comments?post=7623"}],"wp:featuredmedia":[{"embeddable":true,"href":"https:\/\/etev7e.pef.czu.cz\/zs2223\/wp-json\/wp\/v2\/media\/7621"}],"wp:attachment":[{"href":"https:\/\/etev7e.pef.czu.cz\/zs2223\/wp-json\/wp\/v2\/media?parent=7623"}],"wp:term":[{"taxonomy":"product_brand","embeddable":true,"href":"https:\/\/etev7e.pef.czu.cz\/zs2223\/wp-json\/wp\/v2\/product_brand?post=7623"},{"taxonomy":"product_cat","embeddable":true,"href":"https:\/\/etev7e.pef.czu.cz\/zs2223\/wp-json\/wp\/v2\/product_cat?post=7623"},{"taxonomy":"product_tag","embeddable":true,"href":"https:\/\/etev7e.pef.czu.cz\/zs2223\/wp-json\/wp\/v2\/product_tag?post=7623"}],"curies":[{"name":"wp","href":"https:\/\/api.w.org\/{rel}","templated":true}]}}