{"id":7629,"date":"2025-11-09T17:35:38","date_gmt":"2025-11-09T16:35:38","guid":{"rendered":"https:\/\/etev7e.pef.czu.cz\/zs2223\/?post_type=product&#038;p=7629"},"modified":"2025-11-09T19:07:40","modified_gmt":"2025-11-09T18:07:40","slug":"damske-kozene-lodicky-bezove","status":"publish","type":"product","link":"https:\/\/etev7e.pef.czu.cz\/zs2223\/produkt\/damske-kozene-lodicky-bezove\/","title":{"rendered":"D\u00e1msk\u00e9 ko\u017een\u00e9 lodi\u010dky \u2013 b\u00e9\u017eov\u00e9"},"content":{"rendered":"<p>Elegantn\u00ed d\u00e1msk\u00e9 ko\u017een\u00e9 lodi\u010dky v nad\u010dasov\u00e9 b\u00e9\u017eov\u00e9 barv\u011b jsou ide\u00e1ln\u00ed volbou pro form\u00e1ln\u00ed i spole\u010densk\u00e9 p\u0159\u00edle\u017eitosti. Vyroben\u00e9 z kvalitn\u00ed hladk\u00e9 k\u016f\u017ee s jemn\u00fdm leskem, nab\u00edzej\u00ed kombinaci komfortu a stylu. Podpatek o v\u00fd\u0161ce 7 cm opticky prodlu\u017euje nohy a z\u00e1rove\u0148 zaji\u0161\u0165uje stabiln\u00ed ch\u016fzi. M\u011bkk\u00e1 vnit\u0159n\u00ed st\u00e9lka a precizn\u00ed zpracov\u00e1n\u00ed zaru\u010duj\u00ed celodenn\u00ed pohodl\u00ed. Tyto lodi\u010dky skv\u011ble dopln\u00ed jak business outfit, tak i ve\u010dern\u00ed \u0161aty.<\/p>\n","protected":false},"excerpt":{"rendered":"<p>Elegantn\u00ed b\u00e9\u017eov\u00e9 lodi\u010dky na podpatku, pro b\u011b\u017en\u00e9 no\u0161en\u00ed i slavnostn\u00ed ud\u00e1losti.<\/p>\n","protected":false},"featured_media":7630,"comment_status":"open","ping_status":"closed","template":"","meta":[],"product_brand":[2230],"product_cat":[2174],"product_tag":[1988,2231,71,2177,2233,2232,2234],"class_list":{"0":"post-7629","1":"product","2":"type-product","3":"status-publish","4":"has-post-thumbnail","6":"product_brand-dakaj","7":"product_cat-boty","8":"product_tag-bezova","9":"product_tag-damkskaobuv","10":"product_tag-elegantni","11":"product_tag-elegantnistyl","12":"product_tag-kozenaobuv","13":"product_tag-lodicky","14":"product_tag-spolecenskaobuv","16":"first","17":"instock","18":"sale","19":"taxable","20":"shipping-taxable","21":"purchasable","22":"product-type-variable"},"jetpack_sharing_enabled":true,"_links":{"self":[{"href":"https:\/\/etev7e.pef.czu.cz\/zs2223\/wp-json\/wp\/v2\/product\/7629","targetHints":{"allow":["GET"]}}],"collection":[{"href":"https:\/\/etev7e.pef.czu.cz\/zs2223\/wp-json\/wp\/v2\/product"}],"about":[{"href":"https:\/\/etev7e.pef.czu.cz\/zs2223\/wp-json\/wp\/v2\/types\/product"}],"replies":[{"embeddable":true,"href":"https:\/\/etev7e.pef.czu.cz\/zs2223\/wp-json\/wp\/v2\/comments?post=7629"}],"wp:featuredmedia":[{"embeddable":true,"href":"https:\/\/etev7e.pef.czu.cz\/zs2223\/wp-json\/wp\/v2\/media\/7630"}],"wp:attachment":[{"href":"https:\/\/etev7e.pef.czu.cz\/zs2223\/wp-json\/wp\/v2\/media?parent=7629"}],"wp:term":[{"taxonomy":"product_brand","embeddable":true,"href":"https:\/\/etev7e.pef.czu.cz\/zs2223\/wp-json\/wp\/v2\/product_brand?post=7629"},{"taxonomy":"product_cat","embeddable":true,"href":"https:\/\/etev7e.pef.czu.cz\/zs2223\/wp-json\/wp\/v2\/product_cat?post=7629"},{"taxonomy":"product_tag","embeddable":true,"href":"https:\/\/etev7e.pef.czu.cz\/zs2223\/wp-json\/wp\/v2\/product_tag?post=7629"}],"curies":[{"name":"wp","href":"https:\/\/api.w.org\/{rel}","templated":true}]}}