{"id":7631,"date":"2025-11-09T17:43:03","date_gmt":"2025-11-09T16:43:03","guid":{"rendered":"https:\/\/etev7e.pef.czu.cz\/zs2223\/?post_type=product&#038;p=7631"},"modified":"2025-11-09T18:53:07","modified_gmt":"2025-11-09T17:53:07","slug":"damske-pantofle-cerne","status":"publish","type":"product","link":"https:\/\/etev7e.pef.czu.cz\/zs2223\/produkt\/damske-pantofle-cerne\/","title":{"rendered":"D\u00e1msk\u00e9 pantofle \u2013 \u010dern\u00e9"},"content":{"rendered":"<p>Stylov\u00e9 d\u00e1msk\u00e9 pantofle v elegantn\u00ed \u010dern\u00e9 barv\u011b p\u0159edstavuj\u00ed ide\u00e1ln\u00ed volbu pro ka\u017edodenn\u00ed no\u0161en\u00ed \u2013 a\u0165 u\u017e do m\u011bsta, do pr\u00e1ce nebo na voln\u00fd \u010das. Minimalistick\u00fd design s \u010dist\u00fdmi liniemi dod\u00e1v\u00e1 bot\u00e1m modern\u00ed vzhled, kter\u00fd snadno zkombinujete s kalhotami, sukn\u00ed i \u0161aty. M\u011bkk\u00e1 st\u00e9lka poskytuje maxim\u00e1ln\u00ed komfort, zat\u00edmco \u0161irok\u00fd p\u00e1sek p\u0159es n\u00e1rt dr\u017e\u00ed nohu pevn\u011b a pohodln\u011b. D\u00edky kvalitn\u00edmu materi\u00e1lu s jemn\u00fdm povrchem p\u016fsob\u00ed tyto pantofle luxusn\u00edm dojmem a jsou z\u00e1rove\u0148 praktick\u00e9 na \u00fadr\u017ebu.<\/p>\n<p>&nbsp;<\/p>\n","protected":false},"excerpt":{"rendered":"<p>Elegantn\u00ed d\u00e1msk\u00e9 pantofle v \u010dern\u00e9 barv\u011b. Pohodln\u00e1 obuv, vhodn\u00e1 pro ka\u017edodenn\u00ed no\u0161en\u00ed.<\/p>\n","protected":false},"featured_media":7632,"comment_status":"open","ping_status":"closed","template":"","meta":[],"product_brand":[2230],"product_cat":[2174],"product_tag":[463,2235,2177,2178,2237,2236],"class_list":{"0":"post-7631","1":"product","2":"type-product","3":"status-publish","4":"has-post-thumbnail","6":"product_brand-dakaj","7":"product_cat-boty","8":"product_tag-cerna","9":"product_tag-damskaobuv","10":"product_tag-elegantnistyl","11":"product_tag-komfortni","12":"product_tag-mestskamoda","13":"product_tag-pantofle","15":"first","16":"instock","17":"sale","18":"taxable","19":"shipping-taxable","20":"purchasable","21":"product-type-variable"},"jetpack_sharing_enabled":true,"_links":{"self":[{"href":"https:\/\/etev7e.pef.czu.cz\/zs2223\/wp-json\/wp\/v2\/product\/7631","targetHints":{"allow":["GET"]}}],"collection":[{"href":"https:\/\/etev7e.pef.czu.cz\/zs2223\/wp-json\/wp\/v2\/product"}],"about":[{"href":"https:\/\/etev7e.pef.czu.cz\/zs2223\/wp-json\/wp\/v2\/types\/product"}],"replies":[{"embeddable":true,"href":"https:\/\/etev7e.pef.czu.cz\/zs2223\/wp-json\/wp\/v2\/comments?post=7631"}],"wp:featuredmedia":[{"embeddable":true,"href":"https:\/\/etev7e.pef.czu.cz\/zs2223\/wp-json\/wp\/v2\/media\/7632"}],"wp:attachment":[{"href":"https:\/\/etev7e.pef.czu.cz\/zs2223\/wp-json\/wp\/v2\/media?parent=7631"}],"wp:term":[{"taxonomy":"product_brand","embeddable":true,"href":"https:\/\/etev7e.pef.czu.cz\/zs2223\/wp-json\/wp\/v2\/product_brand?post=7631"},{"taxonomy":"product_cat","embeddable":true,"href":"https:\/\/etev7e.pef.czu.cz\/zs2223\/wp-json\/wp\/v2\/product_cat?post=7631"},{"taxonomy":"product_tag","embeddable":true,"href":"https:\/\/etev7e.pef.czu.cz\/zs2223\/wp-json\/wp\/v2\/product_tag?post=7631"}],"curies":[{"name":"wp","href":"https:\/\/api.w.org\/{rel}","templated":true}]}}