{"id":7639,"date":"2025-11-09T18:12:15","date_gmt":"2025-11-09T17:12:15","guid":{"rendered":"https:\/\/etev7e.pef.czu.cz\/zs2223\/?post_type=product&#038;p=7639"},"modified":"2025-11-09T18:12:15","modified_gmt":"2025-11-09T17:12:15","slug":"noc-ve-vezenske-cele-v-praze-ruzyne","status":"publish","type":"product","link":"https:\/\/etev7e.pef.czu.cz\/zs2223\/produkt\/noc-ve-vezenske-cele-v-praze-ruzyne\/","title":{"rendered":"Noc ve v\u011bze\u0148sk\u00e9 cele v\u00a0Praze &#8211; Ruzyn\u011b"},"content":{"rendered":"<p>Uzamkni v\u0161edn\u00ed den a otev\u0159i dve\u0159e nev\u0161edn\u00edmu z\u00e1\u017eitku.<\/p>\n","protected":false},"excerpt":{"rendered":"<p><strong>Na co se budete t\u011b\u0161it<\/strong><\/p>\n<p>Za\u017eij noc, na kterou nezapomene\u0161! Ve v\u011bznici na pra\u017esk\u00e9 Ruzyni t\u011b \u010dek\u00e1 autentick\u00fd pobyt za m\u0159\u00ed\u017eemi \u2013 v\u011bze\u0148sk\u00fd od\u011bv, p\u0159\u00edsn\u00fd re\u017eim, skromn\u00e1 strava i noc v opravdov\u00e9 cele. Adrenalin, z\u00e1bava a nezapomenuteln\u00fd z\u00e1\u017eitek v jednom!<\/p>\n<p><strong>Co se bude d\u00edt<\/strong><\/p>\n<p>Vstup do sv\u011bta za m\u0159\u00ed\u017eemi! \u010cek\u00e1 t\u011b autentick\u00e1 \u201enoc v base\u201c ve v\u011bznici na pra\u017esk\u00e9 Ruzyni \u2013 p\u0159evl\u00e9kne\u0161 se do v\u011bze\u0148sk\u00e9ho mund\u00faru, projde\u0161 kontrolou, dostane\u0161 p\u0159id\u011blenou celu a okus\u00ed\u0161 p\u0159\u00edsn\u00fd re\u017eim i v\u011bze\u0148skou stravu. Nap\u00ednav\u00fd a z\u00e1bavn\u00fd z\u00e1\u017eitek, kter\u00fd t\u011b vt\u00e1hne do reality, jakou jsi je\u0161t\u011b neza\u017eil! Bez telefonu, s dohledem \u201edozorc\u016f\u201c a s d\u00e1vkou nap\u011bt\u00ed i z\u00e1bavy. Ide\u00e1ln\u00ed z\u00e1\u017eitek pro odv\u00e1\u017en\u00e9, kte\u0159\u00ed cht\u011bj\u00ed na chv\u00edli okusit \u017eivot za m\u0159\u00ed\u017eemi.<\/p>\n<p><strong>Co z\u00e1\u017eitek obn\u00e1\u0161\u00ed<\/strong><\/p>\n<ul>\n<li>1x noc v cele<\/li>\n<li>v\u011bze\u0148sk\u00fd mund\u00far<\/li>\n<li>3x strava<\/li>\n<\/ul>\n<p><strong>Bal\u00ed\u010dek neobsahuje<\/strong><\/p>\n<p>Dopravu na m\u00edsto kon\u00e1n\u00ed, slu\u017eby a produkty nad r\u00e1mec bal\u00ed\u010dku.<\/p>\n","protected":false},"featured_media":7648,"comment_status":"open","ping_status":"closed","template":"","meta":[],"product_brand":[],"product_cat":[2063],"product_tag":[2242,2244,2243,2241],"class_list":{"0":"post-7639","1":"product","2":"type-product","3":"status-publish","4":"has-post-thumbnail","6":"product_cat-vychozi","7":"product_tag-noc-v-base","8":"product_tag-uzamkni-vsedni-den-a-otevri-dvere-nevsednimu-zazitku","9":"product_tag-vezen","10":"product_tag-zazitkovy-vecer","12":"first","13":"onbackorder","14":"sale","15":"taxable","16":"shipping-taxable","17":"purchasable","18":"product-type-simple"},"jetpack_sharing_enabled":true,"_links":{"self":[{"href":"https:\/\/etev7e.pef.czu.cz\/zs2223\/wp-json\/wp\/v2\/product\/7639","targetHints":{"allow":["GET"]}}],"collection":[{"href":"https:\/\/etev7e.pef.czu.cz\/zs2223\/wp-json\/wp\/v2\/product"}],"about":[{"href":"https:\/\/etev7e.pef.czu.cz\/zs2223\/wp-json\/wp\/v2\/types\/product"}],"replies":[{"embeddable":true,"href":"https:\/\/etev7e.pef.czu.cz\/zs2223\/wp-json\/wp\/v2\/comments?post=7639"}],"wp:featuredmedia":[{"embeddable":true,"href":"https:\/\/etev7e.pef.czu.cz\/zs2223\/wp-json\/wp\/v2\/media\/7648"}],"wp:attachment":[{"href":"https:\/\/etev7e.pef.czu.cz\/zs2223\/wp-json\/wp\/v2\/media?parent=7639"}],"wp:term":[{"taxonomy":"product_brand","embeddable":true,"href":"https:\/\/etev7e.pef.czu.cz\/zs2223\/wp-json\/wp\/v2\/product_brand?post=7639"},{"taxonomy":"product_cat","embeddable":true,"href":"https:\/\/etev7e.pef.czu.cz\/zs2223\/wp-json\/wp\/v2\/product_cat?post=7639"},{"taxonomy":"product_tag","embeddable":true,"href":"https:\/\/etev7e.pef.czu.cz\/zs2223\/wp-json\/wp\/v2\/product_tag?post=7639"}],"curies":[{"name":"wp","href":"https:\/\/api.w.org\/{rel}","templated":true}]}}