{"id":7681,"date":"2025-11-09T19:27:03","date_gmt":"2025-11-09T18:27:03","guid":{"rendered":"https:\/\/etev7e.pef.czu.cz\/zs2223\/?post_type=product&#038;p=7681"},"modified":"2025-11-09T19:45:10","modified_gmt":"2025-11-09T18:45:10","slug":"creatin-gentle-powder-limeta-jahoda-2","status":"publish","type":"product","link":"https:\/\/etev7e.pef.czu.cz\/zs2223\/produkt\/creatin-gentle-powder-limeta-jahoda-2\/","title":{"rendered":"Creatin Gentle Powder : Limeta-Jahoda"},"content":{"rendered":"<p dir=\"ltr\">Kombinuje mikronizovan\u00fd kreatin monohydr\u00e1t s hydrogenuhli\u010ditanem sodn\u00fdm a v\u00e1pn\u00edkem. Je dostupn\u00fd ve \u010dty\u0159ech p\u0159\u00edchut\u00edch a vhodn\u00fd i pro citliv\u00e9 za\u017e\u00edv\u00e1n\u00ed. Kreatin podporuje r\u016fst svalov\u00e9 hmoty, s\u00edlu a v\u00fdkon p\u0159i kr\u00e1tkodob\u00e9 intenzivn\u00ed z\u00e1t\u011b\u017ei. Mikronizovan\u00e1 forma zaji\u0161\u0165uje snadnou p\u0159\u00edpravu a dobrou vst\u0159ebatelnost. Hydrogenuhli\u010ditan sodn\u00fd pom\u00e1h\u00e1 neutralizovat kyselinu ml\u00e9\u010dnou, \u010d\u00edm\u017e sni\u017euje p\u00e1len\u00ed sval\u016f a \u00fanavu p\u0159i n\u00e1ro\u010dn\u00e9m tr\u00e9ninku.<\/p>\n","protected":false},"excerpt":{"rendered":"<p>Kombinuje mikronizovan\u00fd kreatin monohydr\u00e1t s hydrogenuhli\u010ditanem sodn\u00fdm a v\u00e1pn\u00edkem. Je dostupn\u00fd ve \u010dty\u0159ech p\u0159\u00edchut\u00edch a vhodn\u00fd i pro citliv\u00e9 za\u017e\u00edv\u00e1n\u00ed. Kreatin podporuje r\u016fst svalov\u00e9 hmoty, s\u00edlu a v\u00fdkon p\u0159i kr\u00e1tkodob\u00e9 intenzivn\u00ed z\u00e1t\u011b\u017ei. Mikronizovan\u00e1 forma zaji\u0161\u0165uje snadnou p\u0159\u00edpravu a dobrou vst\u0159ebatelnost. Hydrogenuhli\u010ditan sodn\u00fd pom\u00e1h\u00e1 neutralizovat kyselinu ml\u00e9\u010dnou, \u010d\u00edm\u017e sni\u017euje p\u00e1len\u00ed sval\u016f a \u00fanavu p\u0159i n\u00e1ro\u010dn\u00e9m tr\u00e9ninku.<\/p>\n","protected":false},"featured_media":7679,"comment_status":"open","ping_status":"closed","template":"","meta":[],"product_brand":[],"product_cat":[1892],"product_tag":[2219,2218,192,213],"class_list":{"0":"post-7681","1":"product","2":"type-product","3":"status-publish","4":"has-post-thumbnail","6":"product_cat-doplnkystravy2025","7":"product_tag-doplnky-pred-a-po-treninku","8":"product_tag-doplnky-pro-rust-svalu","9":"product_tag-doplnky-stravy","10":"product_tag-kreatin","12":"first","13":"instock","14":"taxable","15":"shipping-taxable","16":"purchasable","17":"product-type-simple"},"jetpack_sharing_enabled":true,"_links":{"self":[{"href":"https:\/\/etev7e.pef.czu.cz\/zs2223\/wp-json\/wp\/v2\/product\/7681","targetHints":{"allow":["GET"]}}],"collection":[{"href":"https:\/\/etev7e.pef.czu.cz\/zs2223\/wp-json\/wp\/v2\/product"}],"about":[{"href":"https:\/\/etev7e.pef.czu.cz\/zs2223\/wp-json\/wp\/v2\/types\/product"}],"replies":[{"embeddable":true,"href":"https:\/\/etev7e.pef.czu.cz\/zs2223\/wp-json\/wp\/v2\/comments?post=7681"}],"wp:featuredmedia":[{"embeddable":true,"href":"https:\/\/etev7e.pef.czu.cz\/zs2223\/wp-json\/wp\/v2\/media\/7679"}],"wp:attachment":[{"href":"https:\/\/etev7e.pef.czu.cz\/zs2223\/wp-json\/wp\/v2\/media?parent=7681"}],"wp:term":[{"taxonomy":"product_brand","embeddable":true,"href":"https:\/\/etev7e.pef.czu.cz\/zs2223\/wp-json\/wp\/v2\/product_brand?post=7681"},{"taxonomy":"product_cat","embeddable":true,"href":"https:\/\/etev7e.pef.czu.cz\/zs2223\/wp-json\/wp\/v2\/product_cat?post=7681"},{"taxonomy":"product_tag","embeddable":true,"href":"https:\/\/etev7e.pef.czu.cz\/zs2223\/wp-json\/wp\/v2\/product_tag?post=7681"}],"curies":[{"name":"wp","href":"https:\/\/api.w.org\/{rel}","templated":true}]}}