{"id":7691,"date":"2025-11-09T20:23:24","date_gmt":"2025-11-09T19:23:24","guid":{"rendered":"https:\/\/etev7e.pef.czu.cz\/zs2223\/?post_type=product&#038;p=7691"},"modified":"2025-11-09T20:23:24","modified_gmt":"2025-11-09T19:23:24","slug":"round-lab-birch-juice-moisturizing-mask","status":"publish","type":"product","link":"https:\/\/etev7e.pef.czu.cz\/zs2223\/produkt\/round-lab-birch-juice-moisturizing-mask\/","title":{"rendered":"Round Lab Birch Juice Moisturizing Mask"},"content":{"rendered":"<p id=\"yui_3_18_1_1_1762346869579_4418\" dir=\"ltr\">Round Lab Birch Juice Moisturizing Mask je hydrata\u010dn\u00ed pl\u00e1t\u00fdnkov\u00e1 maska korejsk\u00e9 zna\u010dky Round Lab, kter\u00e1 se zam\u011b\u0159uje na \u010dist\u00e9 a funk\u010dn\u00ed slo\u017een\u00ed inspirovan\u00e9 p\u0159\u00edrodou Ji\u017en\u00ed Koreje. Tato maska je navr\u017eena pro intenzivn\u00ed regeneraci a hydrataci pleti, p\u0159i\u010dem\u017e vyu\u017e\u00edv\u00e1 p\u0159\u00edrodn\u00ed v\u00fdta\u017eky z b\u0159ezov\u00e9 \u0161\u0165\u00e1vy (Birch Sap), zn\u00e1m\u00e9 sv\u00fdmi zklid\u0148uj\u00edc\u00edmi, regenera\u010dn\u00edmi a zvlh\u010duj\u00edc\u00edmi \u00fa\u010dinky.<\/p>\n<p id=\"yui_3_18_1_1_1762346869579_4420\" dir=\"ltr\">Hlavn\u00ed aktivn\u00ed slo\u017ekou je b\u0159ezov\u00e1 \u0161\u0165\u00e1va z oblasti Inje, kter\u00e1 je bohat\u00e1 na aminokyseliny, miner\u00e1ly a antioxidanty. Tyto l\u00e1tky podporuj\u00ed obnovu ko\u017en\u00ed bari\u00e9ry, zlep\u0161uj\u00ed pru\u017enost poko\u017eky a pom\u00e1haj\u00ed udr\u017eovat optim\u00e1ln\u00ed \u00farove\u0148 hydratace i po sejmut\u00ed masky. Produkt d\u00e1le obsahuje hyaluron\u00e1t sodn\u00fd a betain, kter\u00e9 zaji\u0161\u0165uj\u00ed hlubokou hydrataci a z\u00e1rove\u0148 chr\u00e1n\u00ed poko\u017eku p\u0159ed ztr\u00e1tou vlhkosti.<\/p>\n<p id=\"yui_3_18_1_1_1762346869579_4422\" dir=\"ltr\">Samotn\u00e1 maska je vyrobena z tenk\u00e9ho, prody\u0161n\u00e9ho materi\u00e1lu (tzv. Air Fit Sheet), kter\u00fd dob\u0159e p\u0159il\u00e9h\u00e1 k obli\u010deji a zaji\u0161\u0165uje rovnom\u011brn\u00e9 vst\u0159eb\u00e1v\u00e1n\u00ed \u00fa\u010dinn\u00fdch l\u00e1tek. Slo\u017een\u00ed je hypoalergenn\u00ed, vegansk\u00e9 a bez alkoholu, parfemace a um\u011bl\u00fdch barviv, d\u00edky \u010demu\u017e je vhodn\u00e9 i pro citlivou a suchou ple\u0165.<\/p>\n<p id=\"yui_3_18_1_1_1762346869579_4424\" dir=\"ltr\">Hlavn\u00ed benefity:<\/p>\n<ul id=\"yui_3_18_1_1_1762346869579_4426\">\n<li id=\"yui_3_18_1_1_1762346869579_4427\" dir=\"ltr\">\n<p id=\"yui_3_18_1_1_1762346869579_4428\" dir=\"ltr\">intenzivn\u011b hydratuje a zklid\u0148uje poko\u017eku,<\/p>\n<\/li>\n<li id=\"yui_3_18_1_1_1762346869579_4430\" dir=\"ltr\">\n<p id=\"yui_3_18_1_1_1762346869579_4431\" dir=\"ltr\">pom\u00e1h\u00e1 obnovit p\u0159irozenou ochrannou bari\u00e9ru,<\/p>\n<\/li>\n<li id=\"yui_3_18_1_1_1762346869579_4433\" dir=\"ltr\">\n<p id=\"yui_3_18_1_1_1762346869579_4434\" dir=\"ltr\">p\u016fsob\u00ed antioxida\u010dn\u011b a regenera\u010dn\u011b,<\/p>\n<\/li>\n<li id=\"yui_3_18_1_1_1762346869579_4436\" dir=\"ltr\">\n<p id=\"yui_3_18_1_1_1762346869579_4437\" dir=\"ltr\">zanech\u00e1v\u00e1 ple\u0165 jemnou, sv\u011b\u017e\u00ed a pru\u017enou,<\/p>\n<\/li>\n<li id=\"yui_3_18_1_1_1762346869579_4439\" dir=\"ltr\">\n<p id=\"yui_3_18_1_1_1762346869579_4440\" dir=\"ltr\">vhodn\u00e1 pro v\u0161echny typy pleti, zejm\u00e9na suchou a dehydratovanou<\/p>\n<\/li>\n<\/ul>\n","protected":false},"excerpt":{"rendered":"<p>Round Lab Birch Juice Moisturizing Mask je hydrata\u010dn\u00ed pl\u00e1t\u00fdnkov\u00e1 maska s b\u0159ezovou \u0161\u0165\u00e1vou z oblasti Inje. Intenzivn\u011b hydratuje, zklid\u0148uje a podporuje regeneraci pleti. Obsahuje hyaluron\u00e1t sodn\u00fd a betain pro pos\u00edlen\u00ed ko\u017en\u00ed bari\u00e9ry a udr\u017een\u00ed vlhkosti. D\u00edky tenk\u00e9mu Air Fit materi\u00e1lu perfektn\u011b p\u0159ilne k pleti a umo\u017e\u0148uje rovnom\u011brn\u00e9 vst\u0159eb\u00e1v\u00e1n\u00ed aktivn\u00edch l\u00e1tek. Hypoalergenn\u00ed, vegansk\u00e1 a bez parfemace \u2013 vhodn\u00e1 i pro citlivou ple\u0165.<\/p>\n","protected":false},"featured_media":7692,"comment_status":"open","ping_status":"closed","template":"","meta":[],"product_brand":[2249],"product_cat":[1173,732],"product_tag":[1180,943],"class_list":{"0":"post-7691","1":"product","2":"type-product","3":"status-publish","4":"has-post-thumbnail","6":"product_brand-round-lab","7":"product_cat-kosmetika","8":"product_cat-korejska-kosmetika","9":"product_tag-biokosmetika","10":"product_tag-kosmetika","12":"first","13":"instock","14":"taxable","15":"shipping-taxable","16":"purchasable","17":"product-type-simple"},"jetpack_sharing_enabled":true,"_links":{"self":[{"href":"https:\/\/etev7e.pef.czu.cz\/zs2223\/wp-json\/wp\/v2\/product\/7691","targetHints":{"allow":["GET"]}}],"collection":[{"href":"https:\/\/etev7e.pef.czu.cz\/zs2223\/wp-json\/wp\/v2\/product"}],"about":[{"href":"https:\/\/etev7e.pef.czu.cz\/zs2223\/wp-json\/wp\/v2\/types\/product"}],"replies":[{"embeddable":true,"href":"https:\/\/etev7e.pef.czu.cz\/zs2223\/wp-json\/wp\/v2\/comments?post=7691"}],"wp:featuredmedia":[{"embeddable":true,"href":"https:\/\/etev7e.pef.czu.cz\/zs2223\/wp-json\/wp\/v2\/media\/7692"}],"wp:attachment":[{"href":"https:\/\/etev7e.pef.czu.cz\/zs2223\/wp-json\/wp\/v2\/media?parent=7691"}],"wp:term":[{"taxonomy":"product_brand","embeddable":true,"href":"https:\/\/etev7e.pef.czu.cz\/zs2223\/wp-json\/wp\/v2\/product_brand?post=7691"},{"taxonomy":"product_cat","embeddable":true,"href":"https:\/\/etev7e.pef.czu.cz\/zs2223\/wp-json\/wp\/v2\/product_cat?post=7691"},{"taxonomy":"product_tag","embeddable":true,"href":"https:\/\/etev7e.pef.czu.cz\/zs2223\/wp-json\/wp\/v2\/product_tag?post=7691"}],"curies":[{"name":"wp","href":"https:\/\/api.w.org\/{rel}","templated":true}]}}