{"id":7693,"date":"2025-11-09T20:28:19","date_gmt":"2025-11-09T19:28:19","guid":{"rendered":"https:\/\/etev7e.pef.czu.cz\/zs2223\/?post_type=product&#038;p=7693"},"modified":"2025-11-09T20:28:20","modified_gmt":"2025-11-09T19:28:20","slug":"skin1004-madagascar-centella-probio-cica-enrich-cream","status":"publish","type":"product","link":"https:\/\/etev7e.pef.czu.cz\/zs2223\/produkt\/skin1004-madagascar-centella-probio-cica-enrich-cream\/","title":{"rendered":"SKIN1004 Madagascar Centella Probio-Cica Enrich Cream"},"content":{"rendered":"<p id=\"yui_3_18_1_1_1762346869579_6618\" dir=\"ltr\">SKIN1004 Madagascar Centella Probio-Cica Enrich Cream je v\u00fd\u017eivn\u00fd ple\u0165ov\u00fd kr\u00e9m ur\u010den\u00fd k obnov\u011b a pos\u00edlen\u00ed ko\u017en\u00ed bari\u00e9ry, kter\u00fd vych\u00e1z\u00ed z filozofie korejsk\u00e9 zna\u010dky SKIN1004 \u2014 vyu\u017e\u00edvat \u010dist\u00e9 a p\u0159\u00edrodn\u00ed ingredience s prok\u00e1zan\u00fdmi \u00fa\u010dinky. Hlavn\u00ed slo\u017ekou produktu je extrakt z pupe\u010dn\u00edku asijsk\u00e9ho (Centella Asiatica) poch\u00e1zej\u00edc\u00edho z Madagaskaru, zn\u00e1m\u00fd pro sv\u00e9 regenera\u010dn\u00ed, zklid\u0148uj\u00edc\u00ed a protiz\u00e1n\u011btliv\u00e9 vlastnosti.<\/p>\n<p id=\"yui_3_18_1_1_1762346869579_6897\" dir=\"ltr\">Formule kr\u00e9mu je zalo\u017eena na patentovan\u00e9 technologii Probio-Cica, kter\u00e1 kombinuje fermentovan\u00fd extrakt Centella Asiatica s probiotick\u00fdmi slo\u017ekami. Tento komplex podporuje rovnov\u00e1hu ko\u017en\u00edho mikrobiomu, posiluje odolnost poko\u017eky v\u016f\u010di vn\u011bj\u0161\u00edm stresov\u00fdm faktor\u016fm a napom\u00e1h\u00e1 obnov\u011b p\u0159irozen\u00e9 ochrann\u00e9 bari\u00e9ry.<\/p>\n<p id=\"yui_3_18_1_1_1762346869579_6899\" dir=\"ltr\">Textura kr\u00e9mu je hutn\u011bj\u0161\u00ed, ale rychle se vst\u0159eb\u00e1v\u00e1, tak\u017ee zanech\u00e1v\u00e1 ple\u0165 hydratovanou, pru\u017enou a zklidn\u011bnou bez mastn\u00e9ho pocitu. Produkt je vhodn\u00fd zejm\u00e9na pro suchou, citlivou a oslabenou ple\u0165, ale lze jej pou\u017e\u00edt i jako regenera\u010dn\u00ed p\u00e9\u010di po dermatologick\u00fdch z\u00e1kroc\u00edch nebo p\u0159i podr\u00e1\u017ed\u011bn\u00ed.<\/p>\n<p id=\"yui_3_18_1_1_1762346869579_6901\" dir=\"ltr\">Hlavn\u00ed benefity:<\/p>\n<ul id=\"yui_3_18_1_1_1762346869579_6903\">\n<li id=\"yui_3_18_1_1_1762346869579_6904\" dir=\"ltr\">\n<p id=\"yui_3_18_1_1_1762346869579_6905\" dir=\"ltr\">posiluje a obnovuje ko\u017en\u00ed bari\u00e9ru,<\/p>\n<\/li>\n<li id=\"yui_3_18_1_1_1762346869579_6907\" dir=\"ltr\">\n<p id=\"yui_3_18_1_1_1762346869579_6908\" dir=\"ltr\">hloubkov\u011b vy\u017eivuje a hydratuje poko\u017eku,<\/p>\n<\/li>\n<li id=\"yui_3_18_1_1_1762346869579_6910\" dir=\"ltr\">\n<p id=\"yui_3_18_1_1_1762346869579_6911\" dir=\"ltr\">podporuje rovnov\u00e1hu mikrobiomu,<\/p>\n<\/li>\n<li id=\"yui_3_18_1_1_1762346869579_6913\" dir=\"ltr\">\n<p id=\"yui_3_18_1_1_1762346869579_6914\" dir=\"ltr\">zklid\u0148uje podr\u00e1\u017ed\u011bn\u00ed a zarudnut\u00ed,<\/p>\n<\/li>\n<li id=\"yui_3_18_1_1_1762346869579_6916\" dir=\"ltr\">\n<p id=\"yui_3_18_1_1_1762346869579_6917\" dir=\"ltr\">p\u016fsob\u00ed preventivn\u011b proti ztr\u00e1t\u011b elasticity<\/p>\n<\/li>\n<\/ul>\n","protected":false},"excerpt":{"rendered":"<p>SKIN1004 Madagascar Centella Probio-Cica Enrich Cream je regenera\u010dn\u00ed ple\u0165ov\u00fd kr\u00e9m, kter\u00fd posiluje ko\u017en\u00ed bari\u00e9ru, vy\u017eivuje a zklid\u0148uje poko\u017eku. D\u00edky fermentovan\u00e9 Centelle a probiotick\u00e9mu komplexu podporuje zdrav\u00fd mikrobiom, sni\u017euje podr\u00e1\u017ed\u011bn\u00ed a chr\u00e1n\u00ed p\u0159ed vn\u011bj\u0161\u00edmi vlivy. M\u00e1 hutn\u011bj\u0161\u00ed, ale snadno vst\u0159ebatelnou texturu bez mastn\u00e9ho pocitu. Vhodn\u00fd p\u0159edev\u0161\u00edm pro suchou, citlivou a oslabenou ple\u0165.<\/p>\n","protected":false},"featured_media":7695,"comment_status":"open","ping_status":"closed","template":"","meta":[],"product_brand":[2250],"product_cat":[1173,732],"product_tag":[1180,990,943],"class_list":{"0":"post-7693","1":"product","2":"type-product","3":"status-publish","4":"has-post-thumbnail","6":"product_brand-skin1004","7":"product_cat-kosmetika","8":"product_cat-korejska-kosmetika","9":"product_tag-biokosmetika","10":"product_tag-citliva-plet","11":"product_tag-kosmetika","13":"first","14":"instock","15":"sale","16":"taxable","17":"shipping-taxable","18":"purchasable","19":"product-type-simple"},"jetpack_sharing_enabled":true,"_links":{"self":[{"href":"https:\/\/etev7e.pef.czu.cz\/zs2223\/wp-json\/wp\/v2\/product\/7693","targetHints":{"allow":["GET"]}}],"collection":[{"href":"https:\/\/etev7e.pef.czu.cz\/zs2223\/wp-json\/wp\/v2\/product"}],"about":[{"href":"https:\/\/etev7e.pef.czu.cz\/zs2223\/wp-json\/wp\/v2\/types\/product"}],"replies":[{"embeddable":true,"href":"https:\/\/etev7e.pef.czu.cz\/zs2223\/wp-json\/wp\/v2\/comments?post=7693"}],"wp:featuredmedia":[{"embeddable":true,"href":"https:\/\/etev7e.pef.czu.cz\/zs2223\/wp-json\/wp\/v2\/media\/7695"}],"wp:attachment":[{"href":"https:\/\/etev7e.pef.czu.cz\/zs2223\/wp-json\/wp\/v2\/media?parent=7693"}],"wp:term":[{"taxonomy":"product_brand","embeddable":true,"href":"https:\/\/etev7e.pef.czu.cz\/zs2223\/wp-json\/wp\/v2\/product_brand?post=7693"},{"taxonomy":"product_cat","embeddable":true,"href":"https:\/\/etev7e.pef.czu.cz\/zs2223\/wp-json\/wp\/v2\/product_cat?post=7693"},{"taxonomy":"product_tag","embeddable":true,"href":"https:\/\/etev7e.pef.czu.cz\/zs2223\/wp-json\/wp\/v2\/product_tag?post=7693"}],"curies":[{"name":"wp","href":"https:\/\/api.w.org\/{rel}","templated":true}]}}