{"id":7696,"date":"2025-11-09T20:33:09","date_gmt":"2025-11-09T19:33:09","guid":{"rendered":"https:\/\/etev7e.pef.czu.cz\/zs2223\/?post_type=product&#038;p=7696"},"modified":"2025-11-09T20:33:09","modified_gmt":"2025-11-09T19:33:09","slug":"skin1004-madagascar-centella-ampoule","status":"publish","type":"product","link":"https:\/\/etev7e.pef.czu.cz\/zs2223\/produkt\/skin1004-madagascar-centella-ampoule\/","title":{"rendered":"SKIN1004 Madagascar Centella Ampoule"},"content":{"rendered":"<p id=\"yui_3_18_1_1_1762346869579_10829\" dir=\"ltr\">SKIN1004 Madagascar Centella Ampoule je vysoce koncentrovan\u00e9 ple\u0165ov\u00e9 s\u00e9rum, jeho\u017e hlavn\u00ed slo\u017ekou je 100% extrakt z pupe\u010dn\u00edku asijsk\u00e9ho (Centella Asiatica) poch\u00e1zej\u00edc\u00edho z neporu\u0161en\u00e9ho prost\u0159ed\u00ed Madagaskaru. Tento produkt je ikonou zna\u010dky SKIN1004 a reprezentuje jej\u00ed filozofii \u010dist\u00e9, minimalistick\u00e9 a p\u0159\u00edrodn\u00ed p\u00e9\u010de o ple\u0165 (\u201epure ingredients, pure skin\u201c).<\/p>\n<p id=\"yui_3_18_1_1_1762346869579_11092\" dir=\"ltr\">Ampule je navr\u017eena k obnoven\u00ed, zklidn\u011bn\u00ed a pos\u00edlen\u00ed ko\u017en\u00ed bari\u00e9ry, p\u0159i\u010dem\u017e neobsahuje \u017e\u00e1dn\u00e9 um\u011bl\u00e9 parfemace, alkohol ani syntetick\u00e1 barviva. D\u00edky jednoduch\u00e9mu, ale vysoce \u00fa\u010dinn\u00e9mu slo\u017een\u00ed je vhodn\u00e1 i pro velmi citlivou, podr\u00e1\u017ed\u011bnou nebo problematickou poko\u017eku.<\/p>\n<p id=\"yui_3_18_1_1_1762346869579_11094\" dir=\"ltr\">Hlavn\u00ed aktivn\u00ed l\u00e1tka \u2013 Centella Asiatica Extract \u2013 je bohat\u00e1 na bioaktivn\u00ed slo\u017eky, jako jsou asiaticoside, madecassoside a asiatic acid, kter\u00e9 prokazateln\u011b podporuj\u00ed hojen\u00ed mikropo\u0161kozen\u00ed, regeneraci bun\u011bk a zlep\u0161uj\u00ed pevnost a pru\u017enost poko\u017eky.<\/p>\n<p id=\"yui_3_18_1_1_1762346869579_11096\" dir=\"ltr\">Textura ampule je lehk\u00e1, nemastn\u00e1 a rychle se vst\u0159eb\u00e1v\u00e1, co\u017e umo\u017e\u0148uje jej\u00ed snadn\u00e9 vrstven\u00ed s dal\u0161\u00edmi produkty p\u00e9\u010de o ple\u0165. Po aplikaci zanech\u00e1v\u00e1 ple\u0165 zklidn\u011bnou, hydratovanou a rovnom\u011brn\u011b t\u00f3novanou, p\u0159i\u010dem\u017e dlouhodob\u00e9 pou\u017e\u00edv\u00e1n\u00ed p\u0159isp\u00edv\u00e1 ke zlep\u0161en\u00ed celkov\u00e9 elasticity a vitality poko\u017eky.<\/p>\n<p id=\"yui_3_18_1_1_1762346869579_11098\" dir=\"ltr\">Hlavn\u00ed benefity:<\/p>\n<ul id=\"yui_3_18_1_1_1762346869579_11100\">\n<li id=\"yui_3_18_1_1_1762346869579_11101\" dir=\"ltr\">\n<p id=\"yui_3_18_1_1_1762346869579_11102\" dir=\"ltr\">intenzivn\u011b zklid\u0148uje a obnovuje poko\u017eku,<\/p>\n<\/li>\n<li id=\"yui_3_18_1_1_1762346869579_11104\" dir=\"ltr\">\n<p id=\"yui_3_18_1_1_1762346869579_11105\" dir=\"ltr\">posiluje ko\u017en\u00ed bari\u00e9ru a podporuje regeneraci,<\/p>\n<\/li>\n<li id=\"yui_3_18_1_1_1762346869579_11107\" dir=\"ltr\">\n<p id=\"yui_3_18_1_1_1762346869579_11108\" dir=\"ltr\">zm\u00edr\u0148uje zarudnut\u00ed a podr\u00e1\u017ed\u011bn\u00ed,<\/p>\n<\/li>\n<li id=\"yui_3_18_1_1_1762346869579_11110\" dir=\"ltr\">\n<p id=\"yui_3_18_1_1_1762346869579_11111\" dir=\"ltr\">zlep\u0161uje hydrataci a pru\u017enost pleti,<\/p>\n<\/li>\n<li id=\"yui_3_18_1_1_1762346869579_11113\" dir=\"ltr\">\n<p id=\"yui_3_18_1_1_1762346869579_11114\" dir=\"ltr\">vhodn\u00e1 pro v\u0161echny typy pleti, v\u010detn\u011b citliv\u00e9<\/p>\n<\/li>\n<\/ul>\n","protected":false},"excerpt":{"rendered":"<p>SKIN1004 Madagascar Centella Ampoule je 100% \u010dist\u00e9 zklid\u0148uj\u00edc\u00ed s\u00e9rum s extraktem z pupe\u010dn\u00edku asijsk\u00e9ho z Madagaskaru. Okam\u017eit\u011b zklid\u0148uje podr\u00e1\u017ed\u011bn\u00ed, sni\u017euje zarudnut\u00ed, podporuje regeneraci a posiluje ko\u017en\u00ed bari\u00e9ru. M\u00e1 lehkou, rychle se vst\u0159eb\u00e1vaj\u00edc\u00ed texturu a je vhodn\u00e9 pro v\u0161echny typy pleti, v\u010detn\u011b citliv\u00e9.<\/p>\n","protected":false},"featured_media":7697,"comment_status":"open","ping_status":"closed","template":"","meta":[],"product_brand":[2250],"product_cat":[1173,732,1100],"product_tag":[1180,725],"class_list":{"0":"post-7696","1":"product","2":"type-product","3":"status-publish","4":"has-post-thumbnail","6":"product_brand-skin1004","7":"product_cat-kosmetika","8":"product_cat-korejska-kosmetika","9":"product_cat-pecujici-kosmetika","10":"product_tag-biokosmetika","11":"product_tag-pece-o-plet","13":"first","14":"instock","15":"sale","16":"taxable","17":"shipping-taxable","18":"purchasable","19":"product-type-simple"},"jetpack_sharing_enabled":true,"_links":{"self":[{"href":"https:\/\/etev7e.pef.czu.cz\/zs2223\/wp-json\/wp\/v2\/product\/7696","targetHints":{"allow":["GET"]}}],"collection":[{"href":"https:\/\/etev7e.pef.czu.cz\/zs2223\/wp-json\/wp\/v2\/product"}],"about":[{"href":"https:\/\/etev7e.pef.czu.cz\/zs2223\/wp-json\/wp\/v2\/types\/product"}],"replies":[{"embeddable":true,"href":"https:\/\/etev7e.pef.czu.cz\/zs2223\/wp-json\/wp\/v2\/comments?post=7696"}],"wp:featuredmedia":[{"embeddable":true,"href":"https:\/\/etev7e.pef.czu.cz\/zs2223\/wp-json\/wp\/v2\/media\/7697"}],"wp:attachment":[{"href":"https:\/\/etev7e.pef.czu.cz\/zs2223\/wp-json\/wp\/v2\/media?parent=7696"}],"wp:term":[{"taxonomy":"product_brand","embeddable":true,"href":"https:\/\/etev7e.pef.czu.cz\/zs2223\/wp-json\/wp\/v2\/product_brand?post=7696"},{"taxonomy":"product_cat","embeddable":true,"href":"https:\/\/etev7e.pef.czu.cz\/zs2223\/wp-json\/wp\/v2\/product_cat?post=7696"},{"taxonomy":"product_tag","embeddable":true,"href":"https:\/\/etev7e.pef.czu.cz\/zs2223\/wp-json\/wp\/v2\/product_tag?post=7696"}],"curies":[{"name":"wp","href":"https:\/\/api.w.org\/{rel}","templated":true}]}}