{"id":7739,"date":"2025-11-10T03:12:17","date_gmt":"2025-11-10T02:12:17","guid":{"rendered":"https:\/\/etev7e.pef.czu.cz\/zs2223\/?post_type=product&#038;p=7739"},"modified":"2025-11-10T03:12:17","modified_gmt":"2025-11-10T02:12:17","slug":"starlife-anti-parasite-star-60-kapsli","status":"publish","type":"product","link":"https:\/\/etev7e.pef.czu.cz\/zs2223\/produkt\/starlife-anti-parasite-star-60-kapsli\/","title":{"rendered":"Starlife Anti-Parasite Star 60 kapsl\u00ed"},"content":{"rendered":"<p>H\u0159eb\u00ed\u010dek pom\u00e1h\u00e1 udr\u017eovat spr\u00e1vn\u00e9 za\u017e\u00edv\u00e1n\u00ed, p\u0159isp\u00edv\u00e1 ke zdrav\u00e9 \u010dinnosti srdce a c\u00e9v, podporuje krevn\u00ed ob\u011bh, d\u00fdchac\u00ed syst\u00e9m i libido.\u200b\u00a0\u010cesnek posiluje odolnost v\u016f\u010di stresu, podporuje norm\u00e1ln\u00ed funkci jater a srdce, pom\u00e1h\u00e1 udr\u017eovat zdravou hladinu cholesterolu i krevn\u00edch tuk\u016f a prosp\u00edv\u00e1 c\u00e9v\u00e1m.\u200b\u00a0Z\u00e1zvor se v tradi\u010dn\u00ed medic\u00edn\u011b pou\u017e\u00edv\u00e1 na podporu tr\u00e1ven\u00ed a spr\u00e1vn\u00e9 funkce \u017ealudku a st\u0159ev, tlum\u00ed nad\u00fdm\u00e1n\u00ed, funguje jako afrodiziakum a pom\u00e1h\u00e1 p\u0159edch\u00e1zet nevolnosti p\u0159i cestov\u00e1n\u00ed.\u200b\u00a0Tykev turek napom\u00e1h\u00e1 spr\u00e1vn\u00e9 funkci doln\u00edch cest mo\u010dov\u00fdch a prostaty. Extrakt z grapefruitov\u00fdch semen podporuje mikrobi\u00e1ln\u00ed rovnov\u00e1hu v t\u011ble a pap\u00e1ja je bohat\u00e1 na enzymy, kter\u00e9 napom\u00e1haj\u00ed rozkladu b\u00edlkovin.\u200b\u00a0Ho\u0159ec \u017elut\u00fd je cen\u011bn\u00fd hlavn\u011b pro sv\u016fj obsah ho\u0159\u010din. M\u00e1ta peprn\u00e1 se tradi\u010dn\u011b vyu\u017e\u00edv\u00e1 na \u017ealudek a za\u017e\u00edv\u00e1n\u00ed. Fenykl je zn\u00e1m\u00fd pro \u00fa\u010dinky proti nad\u00fdm\u00e1n\u00ed a k\u0159e\u010d\u00edm v b\u0159i\u0161e, p\u0159\u00edzniv\u011b p\u016fsob\u00ed na \u010dinnost st\u0159ev, pom\u00e1h\u00e1 s detoxikac\u00ed a podporuje vylu\u010dov\u00e1n\u00ed.<\/p>\n","protected":false},"excerpt":{"rendered":"<p>Podpo\u0159te sv\u00e9 za\u017e\u00edv\u00e1n\u00ed pomoc\u00ed dopl\u0148ku Anti-Parasite star, kter\u00fd kombinuje m\u00e1tu peprnou a fenykl k detoxikaci a podpo\u0159e vylu\u010dovac\u00edho syst\u00e9mu.<\/p>\n","protected":false},"featured_media":7740,"comment_status":"open","ping_status":"closed","template":"","meta":[],"product_brand":[2252],"product_cat":[2217,2251,2063,1126,1027],"product_tag":[192,2253],"class_list":{"0":"post-7739","1":"product","2":"type-product","3":"status-publish","4":"has-post-thumbnail","6":"product_brand-starlife","7":"product_cat-doplnky-stravy","8":"product_cat-suplementy","9":"product_cat-vychozi","10":"product_cat-prirodni-doplnky-stravy","11":"product_cat-zdravy-zivotni-styl","12":"product_tag-doplnky-stravy","13":"product_tag-suplementy","15":"first","16":"instock","17":"sale","18":"taxable","19":"shipping-taxable","20":"purchasable","21":"product-type-simple"},"jetpack_sharing_enabled":true,"_links":{"self":[{"href":"https:\/\/etev7e.pef.czu.cz\/zs2223\/wp-json\/wp\/v2\/product\/7739","targetHints":{"allow":["GET"]}}],"collection":[{"href":"https:\/\/etev7e.pef.czu.cz\/zs2223\/wp-json\/wp\/v2\/product"}],"about":[{"href":"https:\/\/etev7e.pef.czu.cz\/zs2223\/wp-json\/wp\/v2\/types\/product"}],"replies":[{"embeddable":true,"href":"https:\/\/etev7e.pef.czu.cz\/zs2223\/wp-json\/wp\/v2\/comments?post=7739"}],"wp:featuredmedia":[{"embeddable":true,"href":"https:\/\/etev7e.pef.czu.cz\/zs2223\/wp-json\/wp\/v2\/media\/7740"}],"wp:attachment":[{"href":"https:\/\/etev7e.pef.czu.cz\/zs2223\/wp-json\/wp\/v2\/media?parent=7739"}],"wp:term":[{"taxonomy":"product_brand","embeddable":true,"href":"https:\/\/etev7e.pef.czu.cz\/zs2223\/wp-json\/wp\/v2\/product_brand?post=7739"},{"taxonomy":"product_cat","embeddable":true,"href":"https:\/\/etev7e.pef.czu.cz\/zs2223\/wp-json\/wp\/v2\/product_cat?post=7739"},{"taxonomy":"product_tag","embeddable":true,"href":"https:\/\/etev7e.pef.czu.cz\/zs2223\/wp-json\/wp\/v2\/product_tag?post=7739"}],"curies":[{"name":"wp","href":"https:\/\/api.w.org\/{rel}","templated":true}]}}