{"id":7742,"date":"2025-11-10T03:20:40","date_gmt":"2025-11-10T02:20:40","guid":{"rendered":"https:\/\/etev7e.pef.czu.cz\/zs2223\/?post_type=product&#038;p=7742"},"modified":"2025-11-10T03:20:40","modified_gmt":"2025-11-10T02:20:40","slug":"starlife-eye-star-60-kapsli","status":"publish","type":"product","link":"https:\/\/etev7e.pef.czu.cz\/zs2223\/produkt\/starlife-eye-star-60-kapsli\/","title":{"rendered":"Starlife Eye Star 60 kapsl\u00ed"},"content":{"rendered":"<p>P\u0159\u00edpravek Eye Star je speci\u00e1ln\u011b vyvinut\u00fd dopln\u011bk stravy, kter\u00fd pom\u00e1h\u00e1 udr\u017eovat zdrav\u00fd stav zraku a podporuje spr\u00e1vnou funkci c\u00e9vn\u00ed soustavy, co\u017e m\u016f\u017ee pomoci i p\u0159i pocitu t\u011b\u017ek\u00fdch nohou. Obsahuje brusnici bor\u016fvku, kter\u00e1 je zn\u00e1m\u00e1 sv\u00fdm pozitivn\u00edm vlivem na zrak a c\u00e9vy.\u00a0D\u00e1le p\u0159\u00edpravek zahrnuje v\u00e1pn\u00edk, kter\u00fd je nezbytn\u00fd pro spr\u00e1vn\u00fd stav kost\u00ed a zub\u016f, podporuje funkci tr\u00e1vic\u00edch enzym\u016f, p\u0159isp\u00edv\u00e1 ke spr\u00e1vn\u00e9 sr\u00e1\u017elivosti krve, pom\u00e1h\u00e1 energie metabolismu, podporuje \u010dinnost sval\u016f i nervov\u00fdch p\u0159enos\u016f.\u00a0Sv\u011btl\u00edk l\u00e9ka\u0159sk\u00fd je dal\u0161\u00ed d\u016fle\u017eitou slo\u017ekou, kter\u00e1 p\u0159isp\u00edv\u00e1 k udr\u017een\u00ed norm\u00e1ln\u00edho zraku. Zinek obsa\u017een\u00fd v p\u0159\u00edpravku podporuje norm\u00e1ln\u00ed stav kost\u00ed, vlas\u016f, neht\u016f a poko\u017eky, imunitn\u00ed syst\u00e9m, plodnost a reprodukci, v\u010detn\u011b udr\u017een\u00ed hladiny testosteronu v krvi. Pod\u00edl\u00ed se tak\u00e9 na metabolismu sacharid\u016f, mastn\u00fdch kyselin a vitam\u00ednu A, na rovnov\u00e1ze kyselin a z\u00e1sad, rozpozn\u00e1vac\u00edch funkc\u00edch, d\u011blen\u00ed bun\u011bk, synt\u00e9ze DNA i b\u00edlkovin.\u00a0Vitam\u00edn A ve slo\u017een\u00ed podporuje imunitn\u00ed syst\u00e9m, udr\u017een\u00ed zraku, zdrav\u00fd stav poko\u017eky a sliznic, p\u0159isp\u00edv\u00e1 k metabolismu \u017eeleza a pod\u00edl\u00ed se na specializaci bun\u011bk.\u00a0Celkov\u011b Eye Star poskytuje komplexn\u00ed v\u00fd\u017eivu pro o\u010di a p\u0159isp\u00edv\u00e1 k celkov\u00e9mu zdrav\u00ed organismu. Doporu\u010duje se u\u017e\u00edvat jednu kapsli dvakr\u00e1t denn\u011b.<\/p>\n","protected":false},"excerpt":{"rendered":"<p>Dop\u0159ejte sv\u00fdm o\u010d\u00edm komplexn\u00ed p\u00e9\u010di s p\u0159\u00edpravkem Eye Star. Tato kombinace bor\u016fvek, sv\u011btl\u00edku l\u00e9ka\u0159sk\u00e9ho, zinku a vitaminu A p\u0159isp\u00edv\u00e1 k ochran\u011b a spr\u00e1vn\u00e9 funkci zraku, z\u00e1rove\u0148 podporuje celkov\u00e9 zdrav\u00ed organismu.<\/p>\n","protected":false},"featured_media":7743,"comment_status":"open","ping_status":"closed","template":"","meta":[],"product_brand":[2252],"product_cat":[2217,2251,2063,1126,1027],"product_tag":[192,2253],"class_list":{"0":"post-7742","1":"product","2":"type-product","3":"status-publish","4":"has-post-thumbnail","6":"product_brand-starlife","7":"product_cat-doplnky-stravy","8":"product_cat-suplementy","9":"product_cat-vychozi","10":"product_cat-prirodni-doplnky-stravy","11":"product_cat-zdravy-zivotni-styl","12":"product_tag-doplnky-stravy","13":"product_tag-suplementy","15":"first","16":"instock","17":"sale","18":"taxable","19":"shipping-taxable","20":"purchasable","21":"product-type-simple"},"jetpack_sharing_enabled":true,"_links":{"self":[{"href":"https:\/\/etev7e.pef.czu.cz\/zs2223\/wp-json\/wp\/v2\/product\/7742","targetHints":{"allow":["GET"]}}],"collection":[{"href":"https:\/\/etev7e.pef.czu.cz\/zs2223\/wp-json\/wp\/v2\/product"}],"about":[{"href":"https:\/\/etev7e.pef.czu.cz\/zs2223\/wp-json\/wp\/v2\/types\/product"}],"replies":[{"embeddable":true,"href":"https:\/\/etev7e.pef.czu.cz\/zs2223\/wp-json\/wp\/v2\/comments?post=7742"}],"wp:featuredmedia":[{"embeddable":true,"href":"https:\/\/etev7e.pef.czu.cz\/zs2223\/wp-json\/wp\/v2\/media\/7743"}],"wp:attachment":[{"href":"https:\/\/etev7e.pef.czu.cz\/zs2223\/wp-json\/wp\/v2\/media?parent=7742"}],"wp:term":[{"taxonomy":"product_brand","embeddable":true,"href":"https:\/\/etev7e.pef.czu.cz\/zs2223\/wp-json\/wp\/v2\/product_brand?post=7742"},{"taxonomy":"product_cat","embeddable":true,"href":"https:\/\/etev7e.pef.czu.cz\/zs2223\/wp-json\/wp\/v2\/product_cat?post=7742"},{"taxonomy":"product_tag","embeddable":true,"href":"https:\/\/etev7e.pef.czu.cz\/zs2223\/wp-json\/wp\/v2\/product_tag?post=7742"}],"curies":[{"name":"wp","href":"https:\/\/api.w.org\/{rel}","templated":true}]}}