{"id":7745,"date":"2025-11-10T03:21:51","date_gmt":"2025-11-10T02:21:51","guid":{"rendered":"https:\/\/etev7e.pef.czu.cz\/zs2223\/?post_type=product&#038;p=7745"},"modified":"2025-11-10T03:26:45","modified_gmt":"2025-11-10T02:26:45","slug":"starlife-cordyceps-star-60-kapsli","status":"publish","type":"product","link":"https:\/\/etev7e.pef.czu.cz\/zs2223\/produkt\/starlife-cordyceps-star-60-kapsli\/","title":{"rendered":"Starlife Cordyceps Star 60 kapsl\u00ed"},"content":{"rendered":"<p>CORDYCEPS STAR je jedine\u010dn\u00fd produkt poch\u00e1zej\u00edc\u00ed z c\u00edsa\u0159sk\u00e9 dynastie Ming, kter\u00fd obsahuje vysoce \u00fa\u010dinn\u00e9 extrakty l\u00e9\u010div\u00fdch hub a bylin. Hlavn\u00ed slo\u017ekou je lesklokorka leskl\u00e1 (Reishi, Ganoderma lucidum), kter\u00e1 p\u0159isp\u00edv\u00e1 k p\u0159irozen\u00e9 obran\u011b organismu a podporuje spr\u00e1vnou funkci ob\u011bhov\u00e9 soustavy v\u010detn\u011b udr\u017een\u00ed norm\u00e1ln\u00ed hladiny cholesterolu v krvi. B\u00e1je\u010dn\u00fd z\u00e1zvor (Zingiber officinale) zase podporuje tr\u00e1ven\u00ed, potla\u010duje nad\u00fdm\u00e1n\u00ed, pom\u00e1h\u00e1 udr\u017eovat norm\u00e1ln\u00ed funkci st\u0159ev a \u017ealudku a z\u00e1rove\u0148 posiluje srdce a c\u00e9vy. Je tak\u00e9 \u00fa\u010dinn\u00fd p\u0159i odol\u00e1v\u00e1n\u00ed nevolnosti p\u0159i cestov\u00e1n\u00ed a podporuje imunitu.\u00a0Dal\u0161\u00ed slo\u017ekou je gynostema (Gynostemma pentaphyllum), kter\u00e1 pom\u00e1h\u00e1 regulovat hladinu cukru a lipid\u016f v krvi, podporuje \u010dinnost jater a kardiovaskul\u00e1rn\u00ed syst\u00e9m, a p\u0159isp\u00edv\u00e1 k udr\u017een\u00ed rovnov\u00e1hy pH v \u017ealudku. Cel\u00fd p\u0159\u00edpravek tak nab\u00edz\u00ed komplexn\u00ed podporu imunitn\u00edho syst\u00e9mu, zdrav\u00ed srdce, c\u00e9v, \u017ealudku a metabolismu t\u011bla.\u00a0Doporu\u010den\u00e9 d\u00e1vkov\u00e1n\u00ed je 2 kapsle dvakr\u00e1t denn\u011b.<\/p>\n","protected":false},"excerpt":{"rendered":"<p>Cordyceps Star p\u0159irozen\u011b posiluje imunitn\u00ed syst\u00e9m. Podporuje zdravou funkci c\u00e9v a srdce. Pom\u00e1h\u00e1 tak\u00e9 udr\u017eovat stabiln\u00ed hladinu cukru v krvi. V\u00fdrobek obsahuje tradi\u010dn\u00ed extrakty l\u00e9\u010div\u00fdch hub a bylin. Je vhodn\u00fd pro podporu celkov\u00e9 vitality a v\u00fddr\u017ee.<\/p>\n","protected":false},"featured_media":7746,"comment_status":"open","ping_status":"closed","template":"","meta":[],"product_brand":[2252],"product_cat":[2217,2251,2063,1126,1027],"product_tag":[192,2253],"class_list":{"0":"post-7745","1":"product","2":"type-product","3":"status-publish","4":"has-post-thumbnail","6":"product_brand-starlife","7":"product_cat-doplnky-stravy","8":"product_cat-suplementy","9":"product_cat-vychozi","10":"product_cat-prirodni-doplnky-stravy","11":"product_cat-zdravy-zivotni-styl","12":"product_tag-doplnky-stravy","13":"product_tag-suplementy","15":"first","16":"instock","17":"sale","18":"taxable","19":"shipping-taxable","20":"purchasable","21":"product-type-simple"},"jetpack_sharing_enabled":true,"_links":{"self":[{"href":"https:\/\/etev7e.pef.czu.cz\/zs2223\/wp-json\/wp\/v2\/product\/7745","targetHints":{"allow":["GET"]}}],"collection":[{"href":"https:\/\/etev7e.pef.czu.cz\/zs2223\/wp-json\/wp\/v2\/product"}],"about":[{"href":"https:\/\/etev7e.pef.czu.cz\/zs2223\/wp-json\/wp\/v2\/types\/product"}],"replies":[{"embeddable":true,"href":"https:\/\/etev7e.pef.czu.cz\/zs2223\/wp-json\/wp\/v2\/comments?post=7745"}],"wp:featuredmedia":[{"embeddable":true,"href":"https:\/\/etev7e.pef.czu.cz\/zs2223\/wp-json\/wp\/v2\/media\/7746"}],"wp:attachment":[{"href":"https:\/\/etev7e.pef.czu.cz\/zs2223\/wp-json\/wp\/v2\/media?parent=7745"}],"wp:term":[{"taxonomy":"product_brand","embeddable":true,"href":"https:\/\/etev7e.pef.czu.cz\/zs2223\/wp-json\/wp\/v2\/product_brand?post=7745"},{"taxonomy":"product_cat","embeddable":true,"href":"https:\/\/etev7e.pef.czu.cz\/zs2223\/wp-json\/wp\/v2\/product_cat?post=7745"},{"taxonomy":"product_tag","embeddable":true,"href":"https:\/\/etev7e.pef.czu.cz\/zs2223\/wp-json\/wp\/v2\/product_tag?post=7745"}],"curies":[{"name":"wp","href":"https:\/\/api.w.org\/{rel}","templated":true}]}}