{"id":7782,"date":"2025-11-10T14:23:45","date_gmt":"2025-11-10T13:23:45","guid":{"rendered":"https:\/\/etev7e.pef.czu.cz\/zs2223\/?post_type=product&#038;p=7782"},"modified":"2025-11-10T22:05:24","modified_gmt":"2025-11-10T21:05:24","slug":"lego-art-marylin-monroe","status":"publish","type":"product","link":"https:\/\/etev7e.pef.czu.cz\/zs2223\/produkt\/lego-art-marylin-monroe\/","title":{"rendered":"Lego Art &#8211; Marylin Monroe"},"content":{"rendered":"<h3 data-start=\"152\" data-end=\"203\">LEGO Art 31197 \u2013 Andy Warhol\u2019s Marilyn Monroe<\/h3>\n<p data-start=\"205\" data-end=\"424\">Pro v\u0161echny obdivovatele Andyho Warhola, Marilyn Monroe a pop-artu! S touto stavebnic\u00ed LEGO\u00ae Art si m\u016f\u017eete postavit vlastn\u00ed verzi slavn\u00e9ho portr\u00e9tu Marilyn Monroe a p\u0159itom si dop\u0159\u00e1t chv\u00edli klidu a tvo\u0159iv\u00e9ho odpo\u010dinku.<\/p>\n<p data-start=\"426\" data-end=\"779\">Vytvo\u0159te si origin\u00e1ln\u00ed um\u011bleck\u00e9 d\u00edlo inspirovan\u00e9 ikonick\u00fdm stylem Andyho Warhola. B\u011bhem stav\u011bn\u00ed si m\u016f\u017eete pustit doprovodn\u00fd zvukov\u00fd obsah, kter\u00fd v\u00e1s vt\u00e1hne do sv\u011bta um\u011bn\u00ed a nab\u00eddne zaj\u00edmav\u00e9 informace o vzniku portr\u00e9tu i samotn\u00e9 stavebnici. Po dokon\u010den\u00ed m\u016f\u017eete d\u00edlo doplnit o speci\u00e1ln\u00ed desti\u010dku s podpisem a vystavit ho jako jedine\u010dn\u00fd designov\u00fd kousek.<\/p>\n<p data-start=\"781\" data-end=\"1100\">Tato sada je ur\u010dena i pro ty, kte\u0159\u00ed nemaj\u00ed s LEGO modely \u017e\u00e1dn\u00e9 zku\u0161enosti \u2013 v\u0161e zvl\u00e1dnete s p\u0159ehledn\u00fdm n\u00e1vodem krok za krokem. Stavebnice je sou\u010d\u00e1st\u00ed kolekce LEGO Art ur\u010den\u00e9 dosp\u011bl\u00fdm, kte\u0159\u00ed miluj\u00ed kreativitu, um\u011bn\u00ed, design a popkulturu. Je skv\u011bl\u00fdm d\u00e1rkem i projektem pro v\u0161echny, kdo si cht\u011bj\u00ed dop\u0159\u00e1t chv\u00edli pro sebe.<\/p>\n<hr data-start=\"1102\" data-end=\"1105\" \/>\n<h3 data-start=\"1107\" data-end=\"1129\">Hlavn\u00ed vlastnosti:<\/h3>\n<ul data-start=\"1130\" data-end=\"1960\">\n<li data-start=\"1130\" data-end=\"1261\">\n<p data-start=\"1132\" data-end=\"1261\"><strong data-start=\"1132\" data-end=\"1152\">Ikonick\u00fd portr\u00e9t<\/strong> \u2013 Postavte si jednu ze \u010dty\u0159 verz\u00ed Marilyn Monroe od Andyho Warhola a u\u017eijte si jedine\u010dn\u00fd z\u00e1\u017eitek z tvorby.<\/p>\n<\/li>\n<li data-start=\"1262\" data-end=\"1472\">\n<p data-start=\"1264\" data-end=\"1472\"><strong data-start=\"1264\" data-end=\"1290\">Prostor pro kreativitu<\/strong> \u2013 Sada obsahuje <strong data-start=\"1307\" data-end=\"1321\">3341 d\u00edlk\u016f<\/strong>, <strong data-start=\"1323\" data-end=\"1337\">9 podlo\u017eek<\/strong> pro zav\u011b\u0161en\u00ed na ze\u010f, exkluzivn\u00ed <strong data-start=\"1370\" data-end=\"1393\">desti\u010dku s podpisem<\/strong>, <strong data-start=\"1395\" data-end=\"1416\">r\u00e1m z LEGO kostek<\/strong>, z\u00e1v\u011bsn\u00fd d\u00edlek a <strong data-start=\"1434\" data-end=\"1447\">odd\u011blova\u010d<\/strong> pro snadnou p\u0159estavbu.<\/p>\n<\/li>\n<li data-start=\"1473\" data-end=\"1627\">\n<p data-start=\"1475\" data-end=\"1627\"><strong data-start=\"1475\" data-end=\"1495\">Hudebn\u00ed doprovod<\/strong> \u2013 Ke stavebnici je p\u0159ipraven i tematick\u00fd zvukov\u00fd obsah, kter\u00fd obohat\u00ed v\u00e1\u0161 z\u00e1\u017eitek a poskytne zaj\u00edmav\u00e9 informace o sv\u011bt\u011b pop-artu.<\/p>\n<\/li>\n<li data-start=\"1628\" data-end=\"1735\">\n<p data-start=\"1630\" data-end=\"1735\"><strong data-start=\"1630\" data-end=\"1650\">Stylov\u00e1 dekorace<\/strong> \u2013 Hotov\u00e9 d\u00edlo m\u00e1 rozm\u011bry <strong data-start=\"1676\" data-end=\"1690\">40 \u00d7 40 cm<\/strong> a stane se origin\u00e1ln\u00edm dopl\u0148kem interi\u00e9ru.<\/p>\n<\/li>\n<li data-start=\"1736\" data-end=\"1847\">\n<p data-start=\"1738\" data-end=\"1847\"><strong data-start=\"1738\" data-end=\"1772\">Bez bateri\u00ed, jen va\u0161e fantazie<\/strong> \u2013 U\u017eijte si pln\u011b manu\u00e1ln\u00ed a relaxa\u010dn\u00ed stav\u011bn\u00ed bez jak\u00e9koliv elektroniky.<\/p>\n<\/li>\n<li data-start=\"1848\" data-end=\"1960\">\n<p data-start=\"1850\" data-end=\"1960\"><strong data-start=\"1850\" data-end=\"1883\">Sou\u010d\u00e1st\u00ed je ilustrovan\u00fd n\u00e1vod<\/strong> \u2013 Bro\u017eura v\u00e1s provede procesem stavby a dod\u00e1 inspiraci pro vlastn\u00ed tvorbu.<\/p>\n<\/li>\n<\/ul>\n","protected":false},"excerpt":{"rendered":"<p>Se stavebnic\u00ed <strong data-start=\"14\" data-end=\"64\">LEGO\u00ae Art 31197 \u2013 Andy Warhol\u2019s Marilyn Monroe<\/strong> si m\u016f\u017eete vytvo\u0159it vlastn\u00ed verzi ikonick\u00e9ho portr\u00e9tu slavn\u00e9 here\u010dky v pop-artov\u00e9m stylu. U\u017eijte si tv\u016fr\u010d\u00ed relax, kter\u00fd spoj\u00ed um\u011bn\u00ed, design a jedine\u010dn\u00fd z\u00e1\u017eitek ze stav\u011bn\u00ed.<\/p>\n","protected":false},"featured_media":7976,"comment_status":"open","ping_status":"closed","template":"","meta":[],"product_brand":[2256],"product_cat":[2061],"product_tag":[370,901,376,550,903],"class_list":{"0":"post-7782","1":"product","2":"type-product","3":"status-publish","4":"has-post-thumbnail","6":"product_brand-lego","7":"product_cat-lego-stavebnice-2025","8":"product_tag-dekorace","9":"product_tag-detske-hracky","10":"product_tag-hracky","11":"product_tag-stavebnice","12":"product_tag-zabava","14":"first","15":"instock","16":"sale","17":"taxable","18":"shipping-taxable","19":"purchasable","20":"product-type-simple"},"jetpack_sharing_enabled":true,"_links":{"self":[{"href":"https:\/\/etev7e.pef.czu.cz\/zs2223\/wp-json\/wp\/v2\/product\/7782","targetHints":{"allow":["GET"]}}],"collection":[{"href":"https:\/\/etev7e.pef.czu.cz\/zs2223\/wp-json\/wp\/v2\/product"}],"about":[{"href":"https:\/\/etev7e.pef.czu.cz\/zs2223\/wp-json\/wp\/v2\/types\/product"}],"replies":[{"embeddable":true,"href":"https:\/\/etev7e.pef.czu.cz\/zs2223\/wp-json\/wp\/v2\/comments?post=7782"}],"wp:featuredmedia":[{"embeddable":true,"href":"https:\/\/etev7e.pef.czu.cz\/zs2223\/wp-json\/wp\/v2\/media\/7976"}],"wp:attachment":[{"href":"https:\/\/etev7e.pef.czu.cz\/zs2223\/wp-json\/wp\/v2\/media?parent=7782"}],"wp:term":[{"taxonomy":"product_brand","embeddable":true,"href":"https:\/\/etev7e.pef.czu.cz\/zs2223\/wp-json\/wp\/v2\/product_brand?post=7782"},{"taxonomy":"product_cat","embeddable":true,"href":"https:\/\/etev7e.pef.czu.cz\/zs2223\/wp-json\/wp\/v2\/product_cat?post=7782"},{"taxonomy":"product_tag","embeddable":true,"href":"https:\/\/etev7e.pef.czu.cz\/zs2223\/wp-json\/wp\/v2\/product_tag?post=7782"}],"curies":[{"name":"wp","href":"https:\/\/api.w.org\/{rel}","templated":true}]}}