{"id":7785,"date":"2025-11-10T14:46:29","date_gmt":"2025-11-10T13:46:29","guid":{"rendered":"https:\/\/etev7e.pef.czu.cz\/zs2223\/?post_type=product&#038;p=7785"},"modified":"2025-11-10T14:48:56","modified_gmt":"2025-11-10T13:48:56","slug":"diamantovy-privesek-ve-tvaru-snehove-vlocky-se-zlatym-retizkem","status":"publish","type":"product","link":"https:\/\/etev7e.pef.czu.cz\/zs2223\/produkt\/diamantovy-privesek-ve-tvaru-snehove-vlocky-se-zlatym-retizkem\/","title":{"rendered":"Diamantov\u00fd p\u0159\u00edv\u011bsek ve tvaru sn\u011bhov\u00e9 vlo\u010dky se zlat\u00fdm \u0159et\u00edzkem"},"content":{"rendered":"<p><span style=\"font-weight: 400\">Z\u00e1\u0159iv\u00e1 elegance v podob\u011b sn\u011bhov\u00e9 vlo\u010dky. Nad\u010dasov\u00fd n\u00e1hrdeln\u00edk s p\u0159\u00edv\u011bskem ve tvaru sn\u011bhov\u00e9 vlo\u010dky p\u0159edstavuje dokonal\u00e9 spojen\u00ed jemnosti a luxusu. Ka\u017ed\u00fd detail je zdoben precizn\u011b brou\u0161en\u00fdmi diamanty, kter\u00e9 se t\u0159pyt\u00ed p\u0159i ka\u017ed\u00e9m pohybu. <\/span><\/p>\n","protected":false},"excerpt":{"rendered":"<p><span style=\"font-weight: 400\">Z\u00e1\u0159iv\u00e1 elegance v podob\u011b sn\u011bhov\u00e9 vlo\u010dky. Nad\u010dasov\u00fd n\u00e1hrdeln\u00edk s p\u0159\u00edv\u011bskem ve tvaru sn\u011bhov\u00e9 vlo\u010dky p\u0159edstavuje dokonal\u00e9 spojen\u00ed jemnosti a luxusu. Ka\u017ed\u00fd detail je zdoben precizn\u011b brou\u0161en\u00fdmi diamanty, kter\u00e9 se t\u0159pyt\u00ed p\u0159i ka\u017ed\u00e9m pohybu. <\/span><\/p>\n","protected":false},"featured_media":7792,"comment_status":"open","ping_status":"closed","template":"","meta":[],"product_brand":[],"product_cat":[2254],"product_tag":[2276,2285,153,2286],"class_list":{"0":"post-7785","1":"product","2":"type-product","3":"status-publish","4":"has-post-thumbnail","6":"product_cat-sperky-a-hodinky","7":"product_tag-darek-pro-zenu","8":"product_tag-diamantovy-privesek","9":"product_tag-diamanty","10":"product_tag-zlaty-retizek","12":"first","13":"instock","14":"sale","15":"taxable","16":"shipping-taxable","17":"purchasable","18":"product-type-simple"},"jetpack_sharing_enabled":true,"_links":{"self":[{"href":"https:\/\/etev7e.pef.czu.cz\/zs2223\/wp-json\/wp\/v2\/product\/7785","targetHints":{"allow":["GET"]}}],"collection":[{"href":"https:\/\/etev7e.pef.czu.cz\/zs2223\/wp-json\/wp\/v2\/product"}],"about":[{"href":"https:\/\/etev7e.pef.czu.cz\/zs2223\/wp-json\/wp\/v2\/types\/product"}],"replies":[{"embeddable":true,"href":"https:\/\/etev7e.pef.czu.cz\/zs2223\/wp-json\/wp\/v2\/comments?post=7785"}],"wp:featuredmedia":[{"embeddable":true,"href":"https:\/\/etev7e.pef.czu.cz\/zs2223\/wp-json\/wp\/v2\/media\/7792"}],"wp:attachment":[{"href":"https:\/\/etev7e.pef.czu.cz\/zs2223\/wp-json\/wp\/v2\/media?parent=7785"}],"wp:term":[{"taxonomy":"product_brand","embeddable":true,"href":"https:\/\/etev7e.pef.czu.cz\/zs2223\/wp-json\/wp\/v2\/product_brand?post=7785"},{"taxonomy":"product_cat","embeddable":true,"href":"https:\/\/etev7e.pef.czu.cz\/zs2223\/wp-json\/wp\/v2\/product_cat?post=7785"},{"taxonomy":"product_tag","embeddable":true,"href":"https:\/\/etev7e.pef.czu.cz\/zs2223\/wp-json\/wp\/v2\/product_tag?post=7785"}],"curies":[{"name":"wp","href":"https:\/\/api.w.org\/{rel}","templated":true}]}}