{"id":7794,"date":"2025-11-10T14:45:28","date_gmt":"2025-11-10T13:45:28","guid":{"rendered":"https:\/\/etev7e.pef.czu.cz\/zs2223\/?post_type=product&#038;p=7794"},"modified":"2025-11-10T14:50:47","modified_gmt":"2025-11-10T13:50:47","slug":"stribrny-prstynek-s-jemnym-kaminkem","status":"publish","type":"product","link":"https:\/\/etev7e.pef.czu.cz\/zs2223\/produkt\/stribrny-prstynek-s-jemnym-kaminkem\/","title":{"rendered":"St\u0159\u00edbrn\u00fd prst\u00fdnek s jemn\u00fdm kam\u00ednkem"},"content":{"rendered":"<p><span style=\"font-weight: 400\">Jemn\u00fd st\u0159\u00edbrn\u00fd prsten s drobn\u00fdm \u010dir\u00fdm kam\u00ednkem, kter\u00fd zaujme svou jednoduchost\u00ed a eleganc\u00ed. Sterlingov\u00e9 st\u0159\u00edbro vynik\u00e1 vysok\u00fdm leskem, odolnost\u00ed a dlouhou \u017eivotnost\u00ed. Minimalistick\u00fd design prstenu podtrhne p\u0159irozenou kr\u00e1su ruky a skv\u011ble se hod\u00ed jak pro ka\u017edodenn\u00ed no\u0161en\u00ed, tak k slavnostn\u00edm p\u0159\u00edle\u017eitostem. Je ide\u00e1ln\u00ed volbou pro \u017eeny, kter\u00e9 preferuj\u00ed jemnou, \u010distou eleganci a \u0161perky s nad\u010dasov\u00fdm charakterem.<\/span><\/p>\n","protected":false},"excerpt":{"rendered":"<p><span style=\"font-weight: 400\">Jemn\u00fd st\u0159\u00edbrn\u00fd prsten s drobn\u00fdm \u010dir\u00fdm kam\u00ednkem, kter\u00fd zaujme svou jednoduchost\u00ed a eleganc\u00ed. Sterlingov\u00e9 st\u0159\u00edbro vynik\u00e1 vysok\u00fdm leskem, odolnost\u00ed a dlouhou \u017eivotnost\u00ed. Minimalistick\u00fd design prstenu podtrhne p\u0159irozenou kr\u00e1su ruky a skv\u011ble se hod\u00ed jak pro ka\u017edodenn\u00ed no\u0161en\u00ed, tak k slavnostn\u00edm p\u0159\u00edle\u017eitostem. Je ide\u00e1ln\u00ed volbou pro \u017eeny, kter\u00e9 preferuj\u00ed jemnou, \u010distou eleganci a \u0161perky s nad\u010dasov\u00fdm charakterem.<\/span><\/p>\n<p><br style=\"font-weight: 400\" \/><br style=\"font-weight: 400\" \/><\/p>\n","protected":false},"featured_media":7798,"comment_status":"open","ping_status":"closed","template":"","meta":[],"product_brand":[],"product_cat":[2254],"product_tag":[2276,1379,2280,2281],"class_list":{"0":"post-7794","1":"product","2":"type-product","3":"status-publish","4":"has-post-thumbnail","6":"product_cat-sperky-a-hodinky","7":"product_tag-darek-pro-zenu","8":"product_tag-minimalismus","9":"product_tag-sterlingove-stribro","10":"product_tag-stribrny-prsten","12":"first","13":"instock","14":"sale","15":"taxable","16":"shipping-taxable","17":"purchasable","18":"product-type-simple"},"jetpack_sharing_enabled":true,"_links":{"self":[{"href":"https:\/\/etev7e.pef.czu.cz\/zs2223\/wp-json\/wp\/v2\/product\/7794","targetHints":{"allow":["GET"]}}],"collection":[{"href":"https:\/\/etev7e.pef.czu.cz\/zs2223\/wp-json\/wp\/v2\/product"}],"about":[{"href":"https:\/\/etev7e.pef.czu.cz\/zs2223\/wp-json\/wp\/v2\/types\/product"}],"replies":[{"embeddable":true,"href":"https:\/\/etev7e.pef.czu.cz\/zs2223\/wp-json\/wp\/v2\/comments?post=7794"}],"wp:featuredmedia":[{"embeddable":true,"href":"https:\/\/etev7e.pef.czu.cz\/zs2223\/wp-json\/wp\/v2\/media\/7798"}],"wp:attachment":[{"href":"https:\/\/etev7e.pef.czu.cz\/zs2223\/wp-json\/wp\/v2\/media?parent=7794"}],"wp:term":[{"taxonomy":"product_brand","embeddable":true,"href":"https:\/\/etev7e.pef.czu.cz\/zs2223\/wp-json\/wp\/v2\/product_brand?post=7794"},{"taxonomy":"product_cat","embeddable":true,"href":"https:\/\/etev7e.pef.czu.cz\/zs2223\/wp-json\/wp\/v2\/product_cat?post=7794"},{"taxonomy":"product_tag","embeddable":true,"href":"https:\/\/etev7e.pef.czu.cz\/zs2223\/wp-json\/wp\/v2\/product_tag?post=7794"}],"curies":[{"name":"wp","href":"https:\/\/api.w.org\/{rel}","templated":true}]}}