{"id":7795,"date":"2025-11-10T14:47:09","date_gmt":"2025-11-10T13:47:09","guid":{"rendered":"https:\/\/etev7e.pef.czu.cz\/zs2223\/?post_type=product&#038;p=7795"},"modified":"2025-11-10T14:49:11","modified_gmt":"2025-11-10T13:49:11","slug":"zlate-safirove-nausnice-s-diamanty","status":"publish","type":"product","link":"https:\/\/etev7e.pef.czu.cz\/zs2223\/produkt\/zlate-safirove-nausnice-s-diamanty\/","title":{"rendered":"Zlat\u00e9 saf\u00edrov\u00e9 n\u00e1u\u0161nice s diamanty"},"content":{"rendered":"<p><span style=\"font-weight: 400\">Luxusn\u00ed saf\u00edrov\u00e9 n\u00e1u\u0161nice s diamantov\u00fdm osazen\u00edm jsou dokonalou volbou pro v\u00fdjime\u010dn\u00e9 p\u0159\u00edle\u017eitosti.Ka\u017ed\u00e1 n\u00e1u\u0161nice zdob\u00ed v\u00fdrazn\u00fd kapkovit\u00fd saf\u00edr hlubok\u00e9 mod\u0159i, or\u00e1movan\u00fd t\u0159pytiv\u00fdmi diamanty.<\/span><\/p>\n","protected":false},"excerpt":{"rendered":"<p><span style=\"font-weight: 400\">Luxusn\u00ed saf\u00edrov\u00e9 n\u00e1u\u0161nice s diamantov\u00fdm osazen\u00edm jsou dokonalou volbou pro v\u00fdjime\u010dn\u00e9 p\u0159\u00edle\u017eitosti.Ka\u017ed\u00e1 n\u00e1u\u0161nice zdob\u00ed v\u00fdrazn\u00fd kapkovit\u00fd saf\u00edr hlubok\u00e9 mod\u0159i, or\u00e1movan\u00fd t\u0159pytiv\u00fdmi diamanty.<\/span><\/p>\n","protected":false},"featured_media":7804,"comment_status":"open","ping_status":"closed","template":"","meta":[],"product_brand":[],"product_cat":[2254],"product_tag":[148,153,2279,2274],"class_list":{"0":"post-7795","1":"product","2":"type-product","3":"status-publish","4":"has-post-thumbnail","6":"product_cat-sperky-a-hodinky","7":"product_tag-bile-zlato","8":"product_tag-diamanty","9":"product_tag-luxusni-nausnice","10":"product_tag-safir","12":"first","13":"instock","14":"sale","15":"taxable","16":"shipping-taxable","17":"purchasable","18":"product-type-simple"},"jetpack_sharing_enabled":true,"_links":{"self":[{"href":"https:\/\/etev7e.pef.czu.cz\/zs2223\/wp-json\/wp\/v2\/product\/7795","targetHints":{"allow":["GET"]}}],"collection":[{"href":"https:\/\/etev7e.pef.czu.cz\/zs2223\/wp-json\/wp\/v2\/product"}],"about":[{"href":"https:\/\/etev7e.pef.czu.cz\/zs2223\/wp-json\/wp\/v2\/types\/product"}],"replies":[{"embeddable":true,"href":"https:\/\/etev7e.pef.czu.cz\/zs2223\/wp-json\/wp\/v2\/comments?post=7795"}],"wp:featuredmedia":[{"embeddable":true,"href":"https:\/\/etev7e.pef.czu.cz\/zs2223\/wp-json\/wp\/v2\/media\/7804"}],"wp:attachment":[{"href":"https:\/\/etev7e.pef.czu.cz\/zs2223\/wp-json\/wp\/v2\/media?parent=7795"}],"wp:term":[{"taxonomy":"product_brand","embeddable":true,"href":"https:\/\/etev7e.pef.czu.cz\/zs2223\/wp-json\/wp\/v2\/product_brand?post=7795"},{"taxonomy":"product_cat","embeddable":true,"href":"https:\/\/etev7e.pef.czu.cz\/zs2223\/wp-json\/wp\/v2\/product_cat?post=7795"},{"taxonomy":"product_tag","embeddable":true,"href":"https:\/\/etev7e.pef.czu.cz\/zs2223\/wp-json\/wp\/v2\/product_tag?post=7795"}],"curies":[{"name":"wp","href":"https:\/\/api.w.org\/{rel}","templated":true}]}}