{"id":7800,"date":"2025-11-10T14:44:56","date_gmt":"2025-11-10T13:44:56","guid":{"rendered":"https:\/\/etev7e.pef.czu.cz\/zs2223\/?post_type=product&#038;p=7800"},"modified":"2025-11-10T14:52:07","modified_gmt":"2025-11-10T13:52:07","slug":"klasicke-hodinky-s-kozenym-paskem","status":"publish","type":"product","link":"https:\/\/etev7e.pef.czu.cz\/zs2223\/produkt\/klasicke-hodinky-s-kozenym-paskem\/","title":{"rendered":"Klasick\u00e9 hodinky s ko\u017een\u00fdm p\u00e1skem"},"content":{"rendered":"<p><span style=\"font-weight: 400\">Tyto elegantn\u00ed hodinky zaujmou sv\u00fdm \u010dist\u00fdm a nad\u010dasov\u00fdm designem. Minimalistick\u00fd cifern\u00edk s jemn\u00fdmi indexy a tenk\u00fdmi ru\u010di\u010dkami dod\u00e1v\u00e1 hodink\u00e1m modern\u00ed vzhled, kter\u00fd se hod\u00ed ke ka\u017ed\u00e9mu outfitu.<\/span><\/p>\n","protected":false},"excerpt":{"rendered":"<p><span style=\"font-weight: 400\">Tyto elegantn\u00ed hodinky zaujmou sv\u00fdm \u010dist\u00fdm a nad\u010dasov\u00fdm designem. Minimalistick\u00fd cifern\u00edk s jemn\u00fdmi indexy a tenk\u00fdmi ru\u010di\u010dkami dod\u00e1v\u00e1 hodink\u00e1m modern\u00ed vzhled, kter\u00fd se hod\u00ed ke ka\u017ed\u00e9mu outfitu.<\/span><\/p>\n","protected":false},"featured_media":7801,"comment_status":"open","ping_status":"closed","template":"","meta":[],"product_brand":[],"product_cat":[2254],"product_tag":[2282,2283,1379,2284],"class_list":{"0":"post-7800","1":"product","2":"type-product","3":"status-publish","4":"has-post-thumbnail","6":"product_cat-sperky-a-hodinky","7":"product_tag-elegantni-hodinky","8":"product_tag-kozeny-pasek","9":"product_tag-minimalismus","10":"product_tag-unisex-design","12":"first","13":"instock","14":"sale","15":"sold-individually","16":"taxable","17":"shipping-taxable","18":"purchasable","19":"product-type-simple"},"jetpack_sharing_enabled":true,"_links":{"self":[{"href":"https:\/\/etev7e.pef.czu.cz\/zs2223\/wp-json\/wp\/v2\/product\/7800","targetHints":{"allow":["GET"]}}],"collection":[{"href":"https:\/\/etev7e.pef.czu.cz\/zs2223\/wp-json\/wp\/v2\/product"}],"about":[{"href":"https:\/\/etev7e.pef.czu.cz\/zs2223\/wp-json\/wp\/v2\/types\/product"}],"replies":[{"embeddable":true,"href":"https:\/\/etev7e.pef.czu.cz\/zs2223\/wp-json\/wp\/v2\/comments?post=7800"}],"wp:featuredmedia":[{"embeddable":true,"href":"https:\/\/etev7e.pef.czu.cz\/zs2223\/wp-json\/wp\/v2\/media\/7801"}],"wp:attachment":[{"href":"https:\/\/etev7e.pef.czu.cz\/zs2223\/wp-json\/wp\/v2\/media?parent=7800"}],"wp:term":[{"taxonomy":"product_brand","embeddable":true,"href":"https:\/\/etev7e.pef.czu.cz\/zs2223\/wp-json\/wp\/v2\/product_brand?post=7800"},{"taxonomy":"product_cat","embeddable":true,"href":"https:\/\/etev7e.pef.czu.cz\/zs2223\/wp-json\/wp\/v2\/product_cat?post=7800"},{"taxonomy":"product_tag","embeddable":true,"href":"https:\/\/etev7e.pef.czu.cz\/zs2223\/wp-json\/wp\/v2\/product_tag?post=7800"}],"curies":[{"name":"wp","href":"https:\/\/api.w.org\/{rel}","templated":true}]}}