{"id":7802,"date":"2025-11-10T14:49:52","date_gmt":"2025-11-10T13:49:52","guid":{"rendered":"https:\/\/etev7e.pef.czu.cz\/zs2223\/?post_type=product&#038;p=7802"},"modified":"2025-11-10T14:51:28","modified_gmt":"2025-11-10T13:51:28","slug":"jemny-perlovy-naramek","status":"publish","type":"product","link":"https:\/\/etev7e.pef.czu.cz\/zs2223\/produkt\/jemny-perlovy-naramek\/","title":{"rendered":"Jemn\u00fd perlov\u00fd n\u00e1ramek"},"content":{"rendered":"<p><span style=\"font-weight: 400\">Elegantn\u00ed n\u00e1ramek s prav\u00fdmi perlami je symbolem \u017eenskosti a nad\u010dasov\u00e9 kr\u00e1sy. <\/span><span style=\"font-weight: 400\">Jemn\u00fd \u0159et\u00edzek z rhodiovan\u00e9ho st\u0159\u00edbra p\u016fsob\u00ed lehce a sofistikovan\u011b, zat\u00edmco leskl\u00e9 perly v b\u00edl\u00fdch a r\u016f\u017eov\u00fdch t\u00f3nech dod\u00e1vaj\u00ed \u0161perku n\u011b\u017en\u00fd kontrast.<\/span><\/p>\n<p><br style=\"font-weight: 400\" \/><br style=\"font-weight: 400\" \/><\/p>\n","protected":false},"excerpt":{"rendered":"<p><span style=\"font-weight: 400\">Elegantn\u00ed n\u00e1ramek s prav\u00fdmi perlami je symbolem \u017eenskosti a nad\u010dasov\u00e9 kr\u00e1sy. <\/span><span style=\"font-weight: 400\">Jemn\u00fd \u0159et\u00edzek z rhodiovan\u00e9ho st\u0159\u00edbra p\u016fsob\u00ed lehce a sofistikovan\u011b, zat\u00edmco leskl\u00e9 perly v b\u00edl\u00fdch a r\u016f\u017eov\u00fdch t\u00f3nech dod\u00e1vaj\u00ed \u0161perku n\u011b\u017en\u00fd kontrast.<\/span><\/p>\n<p><br style=\"font-weight: 400\" \/><br style=\"font-weight: 400\" \/><\/p>\n","protected":false},"featured_media":7805,"comment_status":"open","ping_status":"closed","template":"","meta":[],"product_brand":[],"product_cat":[2254],"product_tag":[2276,2275,2277,2278],"class_list":{"0":"post-7802","1":"product","2":"type-product","3":"status-publish","4":"has-post-thumbnail","6":"product_cat-sperky-a-hodinky","7":"product_tag-darek-pro-zenu","8":"product_tag-elegantni-sperk","9":"product_tag-perlovy-naramek","10":"product_tag-stribro","12":"first","13":"instock","14":"sale","15":"taxable","16":"shipping-taxable","17":"purchasable","18":"product-type-simple"},"jetpack_sharing_enabled":true,"_links":{"self":[{"href":"https:\/\/etev7e.pef.czu.cz\/zs2223\/wp-json\/wp\/v2\/product\/7802","targetHints":{"allow":["GET"]}}],"collection":[{"href":"https:\/\/etev7e.pef.czu.cz\/zs2223\/wp-json\/wp\/v2\/product"}],"about":[{"href":"https:\/\/etev7e.pef.czu.cz\/zs2223\/wp-json\/wp\/v2\/types\/product"}],"replies":[{"embeddable":true,"href":"https:\/\/etev7e.pef.czu.cz\/zs2223\/wp-json\/wp\/v2\/comments?post=7802"}],"wp:featuredmedia":[{"embeddable":true,"href":"https:\/\/etev7e.pef.czu.cz\/zs2223\/wp-json\/wp\/v2\/media\/7805"}],"wp:attachment":[{"href":"https:\/\/etev7e.pef.czu.cz\/zs2223\/wp-json\/wp\/v2\/media?parent=7802"}],"wp:term":[{"taxonomy":"product_brand","embeddable":true,"href":"https:\/\/etev7e.pef.czu.cz\/zs2223\/wp-json\/wp\/v2\/product_brand?post=7802"},{"taxonomy":"product_cat","embeddable":true,"href":"https:\/\/etev7e.pef.czu.cz\/zs2223\/wp-json\/wp\/v2\/product_cat?post=7802"},{"taxonomy":"product_tag","embeddable":true,"href":"https:\/\/etev7e.pef.czu.cz\/zs2223\/wp-json\/wp\/v2\/product_tag?post=7802"}],"curies":[{"name":"wp","href":"https:\/\/api.w.org\/{rel}","templated":true}]}}