{"id":7879,"date":"2025-11-10T17:55:54","date_gmt":"2025-11-10T16:55:54","guid":{"rendered":"https:\/\/etev7e.pef.czu.cz\/zs2223\/?post_type=product&#038;p=7879"},"modified":"2025-11-10T18:45:06","modified_gmt":"2025-11-10T17:45:06","slug":"mechanicka-herni-klavesnice","status":"publish","type":"product","link":"https:\/\/etev7e.pef.czu.cz\/zs2223\/produkt\/mechanicka-herni-klavesnice\/","title":{"rendered":"Razer BlackWidow V4 X, \u010dern\u00e1"},"content":{"rendered":"<p><span style=\"font-weight: 400\">Ovl\u00e1dni hru s naprostou p\u0159esnost\u00ed a bleskovou odezvou. Mechanick\u00e9 sp\u00edna\u010de zaru\u010d\u00ed jist\u00fd stisk ka\u017ed\u00e9 kl\u00e1vesy a RGB podsv\u00edcen\u00ed dod\u00e1 tv\u00e9mu setupu styl. Perfektn\u00ed volba pro hr\u00e1\u010de, kte\u0159\u00ed cht\u011bj\u00ed v\u00fdkon i design v jednom.<\/span><\/p>\n<p lang=\"cs-cz\" xml:lang=\"cs-cz\">\n","protected":false},"excerpt":{"rendered":"<p>Ovl\u00e1dni hru s naprostou p\u0159esnost\u00ed a bleskovou odezvou. Mechanick\u00e9 sp\u00edna\u010de zaru\u010d\u00ed jist\u00fd stisk ka\u017ed\u00e9 kl\u00e1vesy a RGB podsv\u00edcen\u00ed dod\u00e1 tv\u00e9mu setupu styl. Perfektn\u00ed volba pro hr\u00e1\u010de, kte\u0159\u00ed cht\u011bj\u00ed v\u00fdkon i design v jednom.<\/p>\n","protected":false},"featured_media":7884,"comment_status":"open","ping_status":"closed","template":"","meta":[],"product_brand":[2299],"product_cat":[2321,2301],"product_tag":[463,162,2323,2322,2324,2311,2325],"class_list":{"0":"post-7879","1":"product","2":"type-product","3":"status-publish","4":"has-post-thumbnail","6":"product_brand-katedra-gamming","7":"product_cat-herni-klavesnice","8":"product_cat-prislusenstvi-k-pocitaci","9":"product_tag-cerna","10":"product_tag-herni","11":"product_tag-kabelova","12":"product_tag-mechanicka","13":"product_tag-razer-green","14":"product_tag-rgb","15":"product_tag-us-layout","17":"first","18":"instock","19":"sale","20":"taxable","21":"shipping-taxable","22":"purchasable","23":"product-type-simple"},"jetpack_sharing_enabled":true,"_links":{"self":[{"href":"https:\/\/etev7e.pef.czu.cz\/zs2223\/wp-json\/wp\/v2\/product\/7879","targetHints":{"allow":["GET"]}}],"collection":[{"href":"https:\/\/etev7e.pef.czu.cz\/zs2223\/wp-json\/wp\/v2\/product"}],"about":[{"href":"https:\/\/etev7e.pef.czu.cz\/zs2223\/wp-json\/wp\/v2\/types\/product"}],"replies":[{"embeddable":true,"href":"https:\/\/etev7e.pef.czu.cz\/zs2223\/wp-json\/wp\/v2\/comments?post=7879"}],"wp:featuredmedia":[{"embeddable":true,"href":"https:\/\/etev7e.pef.czu.cz\/zs2223\/wp-json\/wp\/v2\/media\/7884"}],"wp:attachment":[{"href":"https:\/\/etev7e.pef.czu.cz\/zs2223\/wp-json\/wp\/v2\/media?parent=7879"}],"wp:term":[{"taxonomy":"product_brand","embeddable":true,"href":"https:\/\/etev7e.pef.czu.cz\/zs2223\/wp-json\/wp\/v2\/product_brand?post=7879"},{"taxonomy":"product_cat","embeddable":true,"href":"https:\/\/etev7e.pef.czu.cz\/zs2223\/wp-json\/wp\/v2\/product_cat?post=7879"},{"taxonomy":"product_tag","embeddable":true,"href":"https:\/\/etev7e.pef.czu.cz\/zs2223\/wp-json\/wp\/v2\/product_tag?post=7879"}],"curies":[{"name":"wp","href":"https:\/\/api.w.org\/{rel}","templated":true}]}}