{"id":7880,"date":"2025-11-10T17:57:03","date_gmt":"2025-11-10T16:57:03","guid":{"rendered":"https:\/\/etev7e.pef.czu.cz\/zs2223\/?post_type=product&#038;p=7880"},"modified":"2025-11-10T18:53:35","modified_gmt":"2025-11-10T17:53:35","slug":"herni-sluchatka-s-mikrofonem","status":"publish","type":"product","link":"https:\/\/etev7e.pef.czu.cz\/zs2223\/produkt\/herni-sluchatka-s-mikrofonem\/","title":{"rendered":"SteelSeries Arctis Nova 7 Gen 2, \u010dern\u00e1"},"content":{"rendered":"<h3 id=\"yui_3_18_1_1_1762793368557_13\"><span id=\"yui_3_18_1_1_1762793368557_12\" lang=\"cs-cz\" xml:lang=\"cs-cz\">Hern\u00ed sluch\u00e1tka s mikrofonem<\/span><\/h3>\n<p><span lang=\"cs-cz\" xml:lang=\"cs-cz\">Vstup do hern\u00edho sv\u011bta s k\u0159i\u0161\u0165\u00e1lov\u011b \u010dist\u00fdm zvukem a hlubok\u00fdmi basy. D\u00edky m\u011bkk\u00fdm n\u00e1u\u0161n\u00edk\u016fm a nastaviteln\u00e9mu mikrofonu bude\u0161 m\u00edt pohodl\u00ed i p\u0159i dlouh\u00fdch hern\u00edch seanc\u00edch. Perfektn\u00ed volba pro hr\u00e1\u010de, kte\u0159\u00ed cht\u011bj\u00ed sly\u0161et ka\u017ed\u00fd detail.<\/span><\/p>\n<p>&nbsp;<\/p>\n","protected":false},"excerpt":{"rendered":"<p>Hern\u00ed sluch\u00e1tka s mikrofonem Vstup do hern\u00edho sv\u011bta s k\u0159i\u0161\u0165\u00e1lov\u011b \u010dist\u00fdm zvukem a hlubok\u00fdmi basy. D\u00edky m\u011bkk\u00fdm n\u00e1u\u0161n\u00edk\u016fm a nastaviteln\u00e9mu mikrofonu bude\u0161 m\u00edt pohodl\u00ed i p\u0159i dlouh\u00fdch hern\u00edch seanc\u00edch. Perfektn\u00ed volba pro hr\u00e1\u010de, kte\u0159\u00ed cht\u011bj\u00ed sly\u0161et ka\u017ed\u00fd detail. &nbsp;<\/p>\n","protected":false},"featured_media":7897,"comment_status":"open","ping_status":"closed","template":"","meta":[],"product_brand":[2299],"product_cat":[2302,2301,1445],"product_tag":[2304,279,463,162,2305],"class_list":{"0":"post-7880","1":"product","2":"type-product","3":"status-publish","4":"has-post-thumbnail","6":"product_brand-katedra-gamming","7":"product_cat-herni-sluchatka-s-mikrofonem","8":"product_cat-prislusenstvi-k-pocitaci","9":"product_cat-prislusenstvi-pro-mobilni-telefony","10":"product_tag-bezdratove","11":"product_tag-bluetooth","12":"product_tag-cerna","13":"product_tag-herni","14":"product_tag-mikrofon","16":"first","17":"instock","18":"sale","19":"taxable","20":"shipping-taxable","21":"purchasable","22":"product-type-simple"},"jetpack_sharing_enabled":true,"_links":{"self":[{"href":"https:\/\/etev7e.pef.czu.cz\/zs2223\/wp-json\/wp\/v2\/product\/7880","targetHints":{"allow":["GET"]}}],"collection":[{"href":"https:\/\/etev7e.pef.czu.cz\/zs2223\/wp-json\/wp\/v2\/product"}],"about":[{"href":"https:\/\/etev7e.pef.czu.cz\/zs2223\/wp-json\/wp\/v2\/types\/product"}],"replies":[{"embeddable":true,"href":"https:\/\/etev7e.pef.czu.cz\/zs2223\/wp-json\/wp\/v2\/comments?post=7880"}],"wp:featuredmedia":[{"embeddable":true,"href":"https:\/\/etev7e.pef.czu.cz\/zs2223\/wp-json\/wp\/v2\/media\/7897"}],"wp:attachment":[{"href":"https:\/\/etev7e.pef.czu.cz\/zs2223\/wp-json\/wp\/v2\/media?parent=7880"}],"wp:term":[{"taxonomy":"product_brand","embeddable":true,"href":"https:\/\/etev7e.pef.czu.cz\/zs2223\/wp-json\/wp\/v2\/product_brand?post=7880"},{"taxonomy":"product_cat","embeddable":true,"href":"https:\/\/etev7e.pef.czu.cz\/zs2223\/wp-json\/wp\/v2\/product_cat?post=7880"},{"taxonomy":"product_tag","embeddable":true,"href":"https:\/\/etev7e.pef.czu.cz\/zs2223\/wp-json\/wp\/v2\/product_tag?post=7880"}],"curies":[{"name":"wp","href":"https:\/\/api.w.org\/{rel}","templated":true}]}}