{"id":7893,"date":"2025-11-10T18:13:48","date_gmt":"2025-11-10T17:13:48","guid":{"rendered":"https:\/\/etev7e.pef.czu.cz\/zs2223\/?post_type=product&#038;p=7893"},"modified":"2025-11-10T18:41:36","modified_gmt":"2025-11-10T17:41:36","slug":"mys-steelseries-aerox-5-wirelless","status":"publish","type":"product","link":"https:\/\/etev7e.pef.czu.cz\/zs2223\/produkt\/mys-steelseries-aerox-5-wirelless\/","title":{"rendered":"My\u0161 SteelSeries Aerox 5 Wirelless"},"content":{"rendered":"<p>Rychl\u00e1, p\u0159esn\u00e1 a spolehliv\u00e1 \u2013 tahle my\u0161 ti pom\u016f\u017ee ovl\u00e1dnout ka\u017ed\u00e9 boji\u0161t\u011b. Nastav si citlivost, p\u0159izp\u016fsob makra a ovl\u00e1dni hru p\u0159esn\u011b podle sv\u00e9ho stylu. Ide\u00e1ln\u00ed dopln\u011bk pro ka\u017ed\u00e9ho n\u00e1ro\u010dn\u00e9ho hr\u00e1\u010de.<\/p>\n","protected":false},"excerpt":{"rendered":"<p>Rychl\u00e1, p\u0159esn\u00e1 a spolehliv\u00e1 \u2013 tahle my\u0161 ti pom\u016f\u017ee ovl\u00e1dnout ka\u017ed\u00e9 boji\u0161t\u011b. Nastav si citlivost, p\u0159izp\u016fsob makra a ovl\u00e1dni hru p\u0159esn\u011b podle sv\u00e9ho stylu. Ide\u00e1ln\u00ed dopln\u011bk pro ka\u017ed\u00e9ho n\u00e1ro\u010dn\u00e9ho hr\u00e1\u010de.<\/p>\n","protected":false},"featured_media":7894,"comment_status":"open","ping_status":"closed","template":"","meta":[],"product_brand":[2299],"product_cat":[2306,2301],"product_tag":[2310,2307,463,162,2308,2309,2311],"class_list":{"0":"post-7893","1":"product","2":"type-product","3":"status-publish","4":"has-post-thumbnail","6":"product_brand-katedra-gamming","7":"product_cat-herni-mys-s-mikrospinaci-bezdratova-herni-mys","8":"product_cat-prislusenstvi-k-pocitaci","9":"product_tag-9-tlacitek","10":"product_tag-bezdratova","11":"product_tag-cerna","12":"product_tag-herni","13":"product_tag-opticka","14":"product_tag-pro-pravaky","15":"product_tag-rgb","17":"first","18":"instock","19":"sale","20":"taxable","21":"shipping-taxable","22":"purchasable","23":"product-type-simple"},"jetpack_sharing_enabled":true,"_links":{"self":[{"href":"https:\/\/etev7e.pef.czu.cz\/zs2223\/wp-json\/wp\/v2\/product\/7893","targetHints":{"allow":["GET"]}}],"collection":[{"href":"https:\/\/etev7e.pef.czu.cz\/zs2223\/wp-json\/wp\/v2\/product"}],"about":[{"href":"https:\/\/etev7e.pef.czu.cz\/zs2223\/wp-json\/wp\/v2\/types\/product"}],"replies":[{"embeddable":true,"href":"https:\/\/etev7e.pef.czu.cz\/zs2223\/wp-json\/wp\/v2\/comments?post=7893"}],"wp:featuredmedia":[{"embeddable":true,"href":"https:\/\/etev7e.pef.czu.cz\/zs2223\/wp-json\/wp\/v2\/media\/7894"}],"wp:attachment":[{"href":"https:\/\/etev7e.pef.czu.cz\/zs2223\/wp-json\/wp\/v2\/media?parent=7893"}],"wp:term":[{"taxonomy":"product_brand","embeddable":true,"href":"https:\/\/etev7e.pef.czu.cz\/zs2223\/wp-json\/wp\/v2\/product_brand?post=7893"},{"taxonomy":"product_cat","embeddable":true,"href":"https:\/\/etev7e.pef.czu.cz\/zs2223\/wp-json\/wp\/v2\/product_cat?post=7893"},{"taxonomy":"product_tag","embeddable":true,"href":"https:\/\/etev7e.pef.czu.cz\/zs2223\/wp-json\/wp\/v2\/product_tag?post=7893"}],"curies":[{"name":"wp","href":"https:\/\/api.w.org\/{rel}","templated":true}]}}