{"id":8013,"date":"2025-11-10T22:12:04","date_gmt":"2025-11-10T21:12:04","guid":{"rendered":"https:\/\/etev7e.pef.czu.cz\/zs2223\/?post_type=product&#038;p=8013"},"modified":"2025-11-10T22:27:58","modified_gmt":"2025-11-10T21:27:58","slug":"rumflordecana12","status":"publish","type":"product","link":"https:\/\/etev7e.pef.czu.cz\/zs2223\/produkt\/rumflordecana12\/","title":{"rendered":"Rum Flor de Ca\u00f1a 12"},"content":{"rendered":"<p>Objevte hloubku a eleganci rumu<strong>\u00a0Flor de Ca\u00f1a 12\u00a0<\/strong>\u2013 12 let zr\u00e1n\u00ed v dubov\u00fdch sudech se prom\u011bnilo v dokonalou harmonii vanilky, karamelu a jemn\u00e9ho n\u00e1dechu tropick\u00e9ho ovoce. Ka\u017ed\u00fd dou\u0161ek je hladk\u00fd, vyv\u00e1\u017een\u00fd a p\u0159in\u00e1\u0161\u00ed okam\u017eik luxusu, a\u0165 u\u017e si ho vychutn\u00e1v\u00e1te samotn\u00fd, nebo v pr\u00e9miov\u00e9m koktejlu. S 40 % alkoholu a objemem 0,7 l se Flor de Ca\u00f1a 12 stane va\u0161\u00edm spole\u010dn\u00edkem pro chv\u00edle, kdy chcete zpomalit, u\u017e\u00edt si kvalitu a nechat chu\u0165 rozkv\u00e9st. P\u0159ineste si dom\u016f kousek nikaragujsk\u00e9 tradice a prom\u011b\u0148te ka\u017ed\u00fd okam\u017eik v nezapomenuteln\u00fd z\u00e1\u017eitek.<\/p>\n","protected":false},"excerpt":{"rendered":"<p>Objevte hloubku a eleganci rumu\u00a0Flor de Ca\u00f1a 12\u00a0\u2013 12 let zr\u00e1n\u00ed v dubov\u00fdch sudech se prom\u011bnilo v dokonalou harmonii vanilky, karamelu a jemn\u00e9ho n\u00e1dechu tropick\u00e9ho ovoce. Ka\u017ed\u00fd dou\u0161ek je hladk\u00fd, vyv\u00e1\u017een\u00fd a p\u0159in\u00e1\u0161\u00ed okam\u017eik luxusu, a\u0165 u\u017e si ho vychutn\u00e1v\u00e1te samotn\u00fd, nebo v pr\u00e9miov\u00e9m koktejlu. S 40 % alkoholu a objemem 0,7 l se Flor [&hellip;]<\/p>\n","protected":false},"featured_media":8017,"comment_status":"open","ping_status":"closed","template":"","meta":[],"product_brand":[],"product_cat":[2326],"product_tag":[2330,2329,2332,2331,2328,2327],"class_list":{"0":"post-8013","1":"product","2":"type-product","3":"status-publish","4":"has-post-thumbnail","6":"product_cat-lihoviny","7":"product_tag-12-let-zrani","8":"product_tag-darkovy-rum","9":"product_tag-flor-de-cana","10":"product_tag-karamel-a-vanilka","11":"product_tag-nikaragua","12":"product_tag-premiovy-rum","14":"first","15":"instock","16":"sale","17":"taxable","18":"shipping-taxable","19":"purchasable","20":"product-type-simple"},"jetpack_sharing_enabled":true,"_links":{"self":[{"href":"https:\/\/etev7e.pef.czu.cz\/zs2223\/wp-json\/wp\/v2\/product\/8013","targetHints":{"allow":["GET"]}}],"collection":[{"href":"https:\/\/etev7e.pef.czu.cz\/zs2223\/wp-json\/wp\/v2\/product"}],"about":[{"href":"https:\/\/etev7e.pef.czu.cz\/zs2223\/wp-json\/wp\/v2\/types\/product"}],"replies":[{"embeddable":true,"href":"https:\/\/etev7e.pef.czu.cz\/zs2223\/wp-json\/wp\/v2\/comments?post=8013"}],"wp:featuredmedia":[{"embeddable":true,"href":"https:\/\/etev7e.pef.czu.cz\/zs2223\/wp-json\/wp\/v2\/media\/8017"}],"wp:attachment":[{"href":"https:\/\/etev7e.pef.czu.cz\/zs2223\/wp-json\/wp\/v2\/media?parent=8013"}],"wp:term":[{"taxonomy":"product_brand","embeddable":true,"href":"https:\/\/etev7e.pef.czu.cz\/zs2223\/wp-json\/wp\/v2\/product_brand?post=8013"},{"taxonomy":"product_cat","embeddable":true,"href":"https:\/\/etev7e.pef.czu.cz\/zs2223\/wp-json\/wp\/v2\/product_cat?post=8013"},{"taxonomy":"product_tag","embeddable":true,"href":"https:\/\/etev7e.pef.czu.cz\/zs2223\/wp-json\/wp\/v2\/product_tag?post=8013"}],"curies":[{"name":"wp","href":"https:\/\/api.w.org\/{rel}","templated":true}]}}