{"id":8022,"date":"2025-11-10T22:17:15","date_gmt":"2025-11-10T21:17:15","guid":{"rendered":"https:\/\/etev7e.pef.czu.cz\/zs2223\/?post_type=product&#038;p=8022"},"modified":"2025-11-10T22:28:09","modified_gmt":"2025-11-10T21:28:09","slug":"whiskeybushmillsoriginal","status":"publish","type":"product","link":"https:\/\/etev7e.pef.czu.cz\/zs2223\/produkt\/whiskeybushmillsoriginal\/","title":{"rendered":"Whiskey Bushmills Original"},"content":{"rendered":"<p>Objevte klasiku irsk\u00e9 whiskey s\u00a0<strong>Bushmills Original<\/strong>, jemnou a vyv\u00e1\u017eenou whiskey s v\u00edce ne\u017e 400letou tradic\u00ed. Jej\u00ed zralost v dubov\u00fdch sudech p\u0159in\u00e1\u0161\u00ed hladkou chu\u0165 s jemn\u00fdmi t\u00f3ny vanilky, medu a obil\u00ed, kter\u00e1 pot\u011b\u0161\u00ed jak za\u010d\u00e1te\u010dn\u00edky, tak zku\u0161en\u00e9 milovn\u00edky whiskey. Ide\u00e1ln\u00ed k \u010dist\u00e9mu pop\u00edjen\u00ed, s ledem nebo jako z\u00e1klad pro elegantn\u00ed koktejly. S obsahem alkoholu 40 % a objemem 0,7 l nab\u00edz\u00ed Bushmills Original ka\u017ed\u00fd dou\u0161ek jako chv\u00edli irsk\u00e9 pohody a kvalitn\u00edho z\u00e1\u017eitku.<\/p>\n","protected":false},"excerpt":{"rendered":"<p>Objevte klasiku irsk\u00e9 whiskey s\u00a0Bushmills Original, jemnou a vyv\u00e1\u017eenou whiskey s v\u00edce ne\u017e 400letou tradic\u00ed. Jej\u00ed zralost v dubov\u00fdch sudech p\u0159in\u00e1\u0161\u00ed hladkou chu\u0165 s jemn\u00fdmi t\u00f3ny vanilky, medu a obil\u00ed, kter\u00e1 pot\u011b\u0161\u00ed jak za\u010d\u00e1te\u010dn\u00edky, tak zku\u0161en\u00e9 milovn\u00edky whiskey. Ide\u00e1ln\u00ed k \u010dist\u00e9mu pop\u00edjen\u00ed, s ledem nebo jako z\u00e1klad pro elegantn\u00ed koktejly. S obsahem alkoholu 40 % [&hellip;]<\/p>\n","protected":false},"featured_media":8023,"comment_status":"open","ping_status":"closed","template":"","meta":[],"product_brand":[],"product_cat":[2326],"product_tag":[2334,2333,2335,2337,2336,2338],"class_list":{"0":"post-8022","1":"product","2":"type-product","3":"status-publish","4":"has-post-thumbnail","6":"product_cat-lihoviny","7":"product_tag-bushmills","8":"product_tag-irska-whiskey","9":"product_tag-jemna-chut","10":"product_tag-tradicni-destilerka","11":"product_tag-vanilka-a-med","12":"product_tag-whiskey-pro-kazdou-prilezitost","14":"first","15":"instock","16":"sale","17":"taxable","18":"shipping-taxable","19":"purchasable","20":"product-type-simple"},"jetpack_sharing_enabled":true,"_links":{"self":[{"href":"https:\/\/etev7e.pef.czu.cz\/zs2223\/wp-json\/wp\/v2\/product\/8022","targetHints":{"allow":["GET"]}}],"collection":[{"href":"https:\/\/etev7e.pef.czu.cz\/zs2223\/wp-json\/wp\/v2\/product"}],"about":[{"href":"https:\/\/etev7e.pef.czu.cz\/zs2223\/wp-json\/wp\/v2\/types\/product"}],"replies":[{"embeddable":true,"href":"https:\/\/etev7e.pef.czu.cz\/zs2223\/wp-json\/wp\/v2\/comments?post=8022"}],"wp:featuredmedia":[{"embeddable":true,"href":"https:\/\/etev7e.pef.czu.cz\/zs2223\/wp-json\/wp\/v2\/media\/8023"}],"wp:attachment":[{"href":"https:\/\/etev7e.pef.czu.cz\/zs2223\/wp-json\/wp\/v2\/media?parent=8022"}],"wp:term":[{"taxonomy":"product_brand","embeddable":true,"href":"https:\/\/etev7e.pef.czu.cz\/zs2223\/wp-json\/wp\/v2\/product_brand?post=8022"},{"taxonomy":"product_cat","embeddable":true,"href":"https:\/\/etev7e.pef.czu.cz\/zs2223\/wp-json\/wp\/v2\/product_cat?post=8022"},{"taxonomy":"product_tag","embeddable":true,"href":"https:\/\/etev7e.pef.czu.cz\/zs2223\/wp-json\/wp\/v2\/product_tag?post=8022"}],"curies":[{"name":"wp","href":"https:\/\/api.w.org\/{rel}","templated":true}]}}