{"id":8029,"date":"2025-11-10T22:22:05","date_gmt":"2025-11-10T21:22:05","guid":{"rendered":"https:\/\/etev7e.pef.czu.cz\/zs2223\/?post_type=product&#038;p=8029"},"modified":"2025-11-10T22:28:39","modified_gmt":"2025-11-10T21:28:39","slug":"metaxa12stars","status":"publish","type":"product","link":"https:\/\/etev7e.pef.czu.cz\/zs2223\/produkt\/metaxa12stars\/","title":{"rendered":"Metaxa 12 Stars"},"content":{"rendered":"<p>Pono\u0159te se do sv\u011bta luxusu s\u00a0<strong>Metaxa 12 Stars<\/strong>, pr\u00e9miov\u00fdm \u0159eck\u00fdm destil\u00e1tem s unik\u00e1tn\u00edm charakterem. Tento jemn\u00fd blend zraje a\u017e 12 let a nab\u00edz\u00ed t\u00f3ny su\u0161en\u00e9ho ovoce, vanilky a ko\u0159en\u00ed, kter\u00e9 se spojuj\u00ed s hedv\u00e1bnou jemnost\u00ed. Perfektn\u00ed k \u010dist\u00e9mu pop\u00edjen\u00ed, na led nebo do elegantn\u00edch koktejl\u016f, ka\u017ed\u00fd dou\u0161ek v\u00e1s p\u0159enese do slune\u010dn\u00e9ho \u0158ecka a prom\u011bn\u00ed chv\u00edle ve v\u00fdjime\u010dn\u00fd z\u00e1\u017eitek.<\/p>\n","protected":false},"excerpt":{"rendered":"<p>Pono\u0159te se do sv\u011bta luxusu s\u00a0Metaxa 12 Stars, pr\u00e9miov\u00fdm \u0159eck\u00fdm destil\u00e1tem s unik\u00e1tn\u00edm charakterem. Tento jemn\u00fd blend zraje a\u017e 12 let a nab\u00edz\u00ed t\u00f3ny su\u0161en\u00e9ho ovoce, vanilky a ko\u0159en\u00ed, kter\u00e9 se spojuj\u00ed s hedv\u00e1bnou jemnost\u00ed. Perfektn\u00ed k \u010dist\u00e9mu pop\u00edjen\u00ed, na led nebo do elegantn\u00edch koktejl\u016f, ka\u017ed\u00fd dou\u0161ek v\u00e1s p\u0159enese do slune\u010dn\u00e9ho \u0158ecka a prom\u011bn\u00ed chv\u00edle [&hellip;]<\/p>\n","protected":false},"featured_media":8030,"comment_status":"open","ping_status":"closed","template":"","meta":[],"product_brand":[],"product_cat":[2326],"product_tag":[2330,1616,2352,2349,2350,2351],"class_list":{"0":"post-8029","1":"product","2":"type-product","3":"status-publish","4":"has-post-thumbnail","6":"product_cat-lihoviny","7":"product_tag-12-let-zrani","8":"product_tag-elegantni-chut","9":"product_tag-luxusni-darkove-baleni","10":"product_tag-premiovy-destilat","11":"product_tag-recka-metaxa","12":"product_tag-susene-ovoce-a-vanilka","14":"first","15":"instock","16":"sale","17":"taxable","18":"shipping-taxable","19":"purchasable","20":"product-type-simple"},"jetpack_sharing_enabled":true,"_links":{"self":[{"href":"https:\/\/etev7e.pef.czu.cz\/zs2223\/wp-json\/wp\/v2\/product\/8029","targetHints":{"allow":["GET"]}}],"collection":[{"href":"https:\/\/etev7e.pef.czu.cz\/zs2223\/wp-json\/wp\/v2\/product"}],"about":[{"href":"https:\/\/etev7e.pef.czu.cz\/zs2223\/wp-json\/wp\/v2\/types\/product"}],"replies":[{"embeddable":true,"href":"https:\/\/etev7e.pef.czu.cz\/zs2223\/wp-json\/wp\/v2\/comments?post=8029"}],"wp:featuredmedia":[{"embeddable":true,"href":"https:\/\/etev7e.pef.czu.cz\/zs2223\/wp-json\/wp\/v2\/media\/8030"}],"wp:attachment":[{"href":"https:\/\/etev7e.pef.czu.cz\/zs2223\/wp-json\/wp\/v2\/media?parent=8029"}],"wp:term":[{"taxonomy":"product_brand","embeddable":true,"href":"https:\/\/etev7e.pef.czu.cz\/zs2223\/wp-json\/wp\/v2\/product_brand?post=8029"},{"taxonomy":"product_cat","embeddable":true,"href":"https:\/\/etev7e.pef.czu.cz\/zs2223\/wp-json\/wp\/v2\/product_cat?post=8029"},{"taxonomy":"product_tag","embeddable":true,"href":"https:\/\/etev7e.pef.czu.cz\/zs2223\/wp-json\/wp\/v2\/product_tag?post=8029"}],"curies":[{"name":"wp","href":"https:\/\/api.w.org\/{rel}","templated":true}]}}